{"id":95,"date":"2019-11-05T14:01:45","date_gmt":"2019-11-05T13:01:45","guid":{"rendered":"https:\/\/politecnicoestella.educacion.navarra.es\/web1\/ikastetxe-bikaina\/"},"modified":"2019-11-25T11:42:00","modified_gmt":"2019-11-25T10:42:00","slug":"ikastetxe-bikaina","status":"publish","type":"page","link":"https:\/\/politecnicoestella.educacion.navarra.es\/web1\/ikastetxe-bikaina\/","title":{"rendered":"Centro Excelente"},"content":{"rendered":"<p style=\"text-align: justify\">El CI Polit\u00e9cnico de Estella cuenta con el <a href=\"https:\/\/drive.google.com\/file\/d\/1sKAooFmOMoO501yYRLshpnmnGgYOO6Kk\/view\" target=\"_blank\" rel=\"noreferrer noopener\" aria-label=\"sello de Centro Excelente (abre en una nueva pesta\u00f1a)\">sello de Centro Excelente<\/a>, la m\u00e1xima condecoraci\u00f3n de calidad otorgada por el Departamento de Educaci\u00f3n del Gobierno de Navarra. Este reconocimiento fue expedido por primera vez en el curso 2013-2014, siendo renovado posteriormente hasta el curso 2021-2022.<\/p>\n<p style=\"text-align: justify\">Con el <a href=\"https:\/\/drive.google.com\/file\/d\/1sKAooFmOMoO501yYRLshpnmnGgYOO6Kk\/view\" target=\"_blank\" rel=\"noreferrer noopener\">sello de Centro Excelente<\/a> se reconoce el compromiso adquirido por los centros con car\u00e1cter voluntario con los est\u00e1ndares de calidad en los procesos relacionados con la matriculaci\u00f3n, la planificaci\u00f3n del comedor y del transporte, la acogida del alumno, la programaci\u00f3n did\u00e1ctica, as\u00ed como la gesti\u00f3n de las personas y de los recursos, entre otros.<\/p>\n","protected":false},"excerpt":{"rendered":"<p>El CI Polit\u00e9cnico de Estella cuenta con el sello de Centro Excelente, la m\u00e1xima condecoraci\u00f3n de calidad otorgada por el Departamento de Educaci\u00f3n del Gobierno de Navarra. Este reconocimiento fue expedido por primera vez en el curso 2013-2014, siendo renovado posteriormente hasta el curso 2021-2022. Con el sello de Centro Excelente se reconoce el compromiso [&hellip;]<\/p>\n","protected":false},"author":3,"featured_media":0,"parent":0,"menu_order":0,"comment_status":"closed","ping_status":"closed","template":"","meta":{"_genesis_hide_title":false,"_genesis_hide_breadcrumbs":false,"_genesis_hide_singular_image":false,"_genesis_hide_footer_widgets":false,"_genesis_custom_body_class":"","_genesis_custom_post_class":"","_genesis_layout":""},"_links":{"self":[{"href":"https:\/\/politecnicoestella.educacion.navarra.es\/web1\/wp-json\/wp\/v2\/pages\/95"}],"collection":[{"href":"https:\/\/politecnicoestella.educacion.navarra.es\/web1\/wp-json\/wp\/v2\/pages"}],"about":[{"href":"https:\/\/politecnicoestella.educacion.navarra.es\/web1\/wp-json\/wp\/v2\/types\/page"}],"author":[{"embeddable":true,"href":"https:\/\/politecnicoestella.educacion.navarra.es\/web1\/wp-json\/wp\/v2\/users\/3"}],"replies":[{"embeddable":true,"href":"https:\/\/politecnicoestella.educacion.navarra.es\/web1\/wp-json\/wp\/v2\/comments?post=95"}],"version-history":[{"count":4,"href":"https:\/\/politecnicoestella.educacion.navarra.es\/web1\/wp-json\/wp\/v2\/pages\/95\/revisions"}],"predecessor-version":[{"id":303,"href":"https:\/\/politecnicoestella.educacion.navarra.es\/web1\/wp-json\/wp\/v2\/pages\/95\/revisions\/303"}],"wp:attachment":[{"href":"https:\/\/politecnicoestella.educacion.navarra.es\/web1\/wp-json\/wp\/v2\/media?parent=95"}],"curies":[{"name":"wp","href":"https:\/\/api.w.org\/{rel}","templated":true}]}}