{"id":8593,"date":"2025-09-10T10:04:40","date_gmt":"2025-09-10T08:04:40","guid":{"rendered":"https:\/\/politecnicoestella.educacion.navarra.es\/web1\/?page_id=8593"},"modified":"2025-09-17T11:14:22","modified_gmt":"2025-09-17T09:14:22","slug":"compartir-coche","status":"publish","type":"page","link":"https:\/\/politecnicoestella.educacion.navarra.es\/web1\/compartir-coche\/","title":{"rendered":"Compartir coche"},"content":{"rendered":"\n<div class=\"wp-block-columns\">\n<div class=\"wp-block-column\" style=\"flex-basis:33.33%\">\n<figure class=\"wp-block-image size-full\"><img loading=\"lazy\" width=\"541\" height=\"990\" src=\"https:\/\/politecnicoestella.educacion.navarra.es\/web1\/wp-content\/uploads\/2025\/09\/AppCompartirCoche.png\" alt=\"\" class=\"wp-image-8595\" srcset=\"https:\/\/politecnicoestella.educacion.navarra.es\/web1\/wp-content\/uploads\/2025\/09\/AppCompartirCoche.png 541w, https:\/\/politecnicoestella.educacion.navarra.es\/web1\/wp-content\/uploads\/2025\/09\/AppCompartirCoche-164x300.png 164w\" sizes=\"(max-width: 541px) 100vw, 541px\" \/><\/figure>\n<\/div>\n\n\n\n<div class=\"wp-block-column\" style=\"flex-basis:66.66%\">\n<p class=\"has-text-align-center has-large-font-size\"><strong>\u00a1Nueva aplicaci\u00f3n m\u00f3vil para compartir coche!<\/strong><\/p>\n\n\n\n<div class=\"wp-block-image\"><figure class=\"aligncenter size-full is-resized\"><img loading=\"lazy\" src=\"https:\/\/politecnicoestella.educacion.navarra.es\/web1\/wp-content\/uploads\/2025\/09\/LogoEstellaCar.png\" alt=\"\" class=\"wp-image-8602\" width=\"81\" height=\"99\"\/><\/figure><\/div>\n\n\n\n<p class=\"has-text-align-center has-vivid-cyan-blue-color has-text-color has-medium-font-size\"><strong>Ponte en contacto con otros estudiantes que necesiten compartir coche para acudir al centro.<\/strong><\/p>\n\n\n\n<p style=\"text-align: center;\"><span style=\"color: #ff0000;\"><strong>IMPORTANTE: Debes estar registrado con la cuenta de educaci\u00f3n para descargar la aplicaci\u00f3n y acceder al manual<\/strong><\/span><\/p>\n<p style=\"text-align: center;\"><strong>Solo disponible para sistemas ANDROID<\/strong><\/p>\n\n\n\n<p class=\"has-text-align-center\">Descarga la aplicaci\u00f3n <a href=\"https:\/\/drive.google.com\/file\/d\/1xwtW78FlJloOrvqXQMA0qblQkVSuqAil\/view\">AQU\u00cd<\/a><\/p>\n\n\n\n<p class=\"has-text-align-center\">\u00c9chale un vistazo al tutorial <a href=\"https:\/\/drive.google.com\/file\/d\/1VW6QA1VECELuT2v-CJir3sqBG1jgJ9Yr\/view\" target=\"_blank\" rel=\"noreferrer noopener\">AQU\u00cd<\/a><\/p>\n<\/div>\n<\/div>\n\n\n\n<p><img loading=\"lazy\" width=\"1600\" height=\"1600\" class=\"wp-image-5093\" style=\"width: 50px;\" src=\"https:\/\/politecnicoestella.educacion.navarra.es\/web1\/wp-content\/uploads\/2023\/06\/Android-Logo-Transparent-PNG.png\" alt=\"\" srcset=\"https:\/\/politecnicoestella.educacion.navarra.es\/web1\/wp-content\/uploads\/2023\/06\/Android-Logo-Transparent-PNG.png 1600w, https:\/\/politecnicoestella.educacion.navarra.es\/web1\/wp-content\/uploads\/2023\/06\/Android-Logo-Transparent-PNG-300x300.png 300w, https:\/\/politecnicoestella.educacion.navarra.es\/web1\/wp-content\/uploads\/2023\/06\/Android-Logo-Transparent-PNG-1024x1024.png 1024w, https:\/\/politecnicoestella.educacion.navarra.es\/web1\/wp-content\/uploads\/2023\/06\/Android-Logo-Transparent-PNG-150x150.png 150w, https:\/\/politecnicoestella.educacion.navarra.es\/web1\/wp-content\/uploads\/2023\/06\/Android-Logo-Transparent-PNG-768x768.png 768w, https:\/\/politecnicoestella.educacion.navarra.es\/web1\/wp-content\/uploads\/2023\/06\/Android-Logo-Transparent-PNG-1536x1536.png 1536w\" sizes=\"(max-width: 1600px) 100vw, 1600px\" \/> Sigue los siguientes pasos para instalar la aplicaci\u00f3n en tu tel\u00e9fono <strong>Android <\/strong>(los pasos pueden variar seg\u00fan el modelo y versi\u00f3n Android de tu tel\u00e9fono):<\/p>\n\n\n\n<ol><li>Descarga la aplicaci\u00f3n para compartir coche.<\/li><li>Selecciona el archivo descargado para instalarlo.<\/li><li>Entra en <strong>Ajustes<\/strong> para permitir la instalaci\u00f3n de la aplicaci\u00f3n.<\/li><li><strong>Habilita la instalaci\u00f3n de aplicaciones desconocidas<\/strong> desde el navegador.<\/li><li>Selecciona <em>M\u00e1s detalles<\/em>.<\/li><li>Pincha sobre <em>Instalar de todas formas<\/em>.<\/li><\/ol>\n\n\n\n<figure class=\"wp-block-image size-full\"><img loading=\"lazy\" width=\"656\" height=\"927\" src=\"https:\/\/politecnicoestella.educacion.navarra.es\/web1\/wp-content\/uploads\/2023\/06\/Dibujo-sin-titulo1.png\" alt=\"\" class=\"wp-image-5070\" srcset=\"https:\/\/politecnicoestella.educacion.navarra.es\/web1\/wp-content\/uploads\/2023\/06\/Dibujo-sin-titulo1.png 656w, https:\/\/politecnicoestella.educacion.navarra.es\/web1\/wp-content\/uploads\/2023\/06\/Dibujo-sin-titulo1-212x300.png 212w\" sizes=\"(max-width: 656px) 100vw, 656px\" \/><\/figure>\n\n\n\n<p>\u00a1La aplicaci\u00f3n est\u00e1 lista! Reg\u00edstrate y ponte en contacto con conductores y\/o pasajeros.<\/p>\n\n\n\n<p>Para cualquier problema, duda o consulta, escr\u00edbenos a <a href=\"mailto:ofieste-inf@educacion.navarra.es\">ofiestel-inf@educacion.navarra.es<\/a><\/p>\n","protected":false},"excerpt":{"rendered":"<p>\u00a1Nueva aplicaci\u00f3n m\u00f3vil para compartir coche! Ponte en contacto con otros estudiantes que necesiten compartir coche para acudir al centro. IMPORTANTE: Debes estar registrado con la cuenta de educaci\u00f3n para descargar la aplicaci\u00f3n y acceder al manual Solo disponible para sistemas ANDROID Descarga la aplicaci\u00f3n AQU\u00cd \u00c9chale un vistazo al tutorial AQU\u00cd Sigue los siguientes [&hellip;]<\/p>\n","protected":false},"author":67,"featured_media":8598,"parent":0,"menu_order":0,"comment_status":"closed","ping_status":"closed","template":"","meta":{"_genesis_hide_title":false,"_genesis_hide_breadcrumbs":false,"_genesis_hide_singular_image":false,"_genesis_hide_footer_widgets":false,"_genesis_custom_body_class":"","_genesis_custom_post_class":"","_genesis_layout":""},"_links":{"self":[{"href":"https:\/\/politecnicoestella.educacion.navarra.es\/web1\/wp-json\/wp\/v2\/pages\/8593"}],"collection":[{"href":"https:\/\/politecnicoestella.educacion.navarra.es\/web1\/wp-json\/wp\/v2\/pages"}],"about":[{"href":"https:\/\/politecnicoestella.educacion.navarra.es\/web1\/wp-json\/wp\/v2\/types\/page"}],"author":[{"embeddable":true,"href":"https:\/\/politecnicoestella.educacion.navarra.es\/web1\/wp-json\/wp\/v2\/users\/67"}],"replies":[{"embeddable":true,"href":"https:\/\/politecnicoestella.educacion.navarra.es\/web1\/wp-json\/wp\/v2\/comments?post=8593"}],"version-history":[{"count":9,"href":"https:\/\/politecnicoestella.educacion.navarra.es\/web1\/wp-json\/wp\/v2\/pages\/8593\/revisions"}],"predecessor-version":[{"id":8655,"href":"https:\/\/politecnicoestella.educacion.navarra.es\/web1\/wp-json\/wp\/v2\/pages\/8593\/revisions\/8655"}],"wp:featuredmedia":[{"embeddable":true,"href":"https:\/\/politecnicoestella.educacion.navarra.es\/web1\/wp-json\/wp\/v2\/media\/8598"}],"wp:attachment":[{"href":"https:\/\/politecnicoestella.educacion.navarra.es\/web1\/wp-json\/wp\/v2\/media?parent=8593"}],"curies":[{"name":"wp","href":"https:\/\/api.w.org\/{rel}","templated":true}]}}