{"id":640,"date":"2020-04-02T10:13:08","date_gmt":"2020-04-02T08:13:08","guid":{"rendered":"https:\/\/politecnicoestella.educacion.navarra.es\/web1\/?page_id=640"},"modified":"2026-01-26T13:39:56","modified_gmt":"2026-01-26T12:39:56","slug":"proyectos-acbp","status":"publish","type":"page","link":"https:\/\/politecnicoestella.educacion.navarra.es\/web1\/proyectos-acbp\/","title":{"rendered":"PROYECTOS KIMUA"},"content":{"rendered":"\n<h2><\/h2>\n\n\n\n<h4>Introducci\u00f3n<\/h4>\n\n\n\n<ul><li>Metodolog\u00edas activas (ACBP en FP)&nbsp;&nbsp;<a rel=\"noreferrer noopener\" href=\"https:\/\/sites.google.com\/educacion.navarra.es\/acbp-en-fp\/inicio\" target=\"_blank\">+INFO<\/a> <\/li><li>Programa Kimua&nbsp;<a rel=\"noreferrer noopener\" href=\"https:\/\/drive.google.com\/drive\/folders\/1q2n_L_ArLeqxrPiQcTnroVeeiK48qQwO\" target=\"_blank\">Resoluciones que regulan la implantaci\u00f3n del Programa Kimua y sus acciones<\/a> <\/li><\/ul>\n\n\n\n<h2>Proyectos<\/h2>\n\n\n<p><iframe style=\"display: block; height: 75vh;\" src=\"https:\/\/docs.google.com\/spreadsheets\/d\/1c_6lRj5T4aYLQbh7vCq0FLgj9iCcNz_gTNV7ECoD8ec\/edit?pli=1&amp;gid=640855159#gid=640855159\/pubhtml?gid=0&amp;single=true&amp;widget=true&amp;headers=false\"><\/iframe><\/p>\n\n\n<h2>Fotos<\/h2>\n\n\n\n<figure class=\"wp-block-gallery has-nested-images columns-default is-cropped\">\n<figure class=\"wp-block-image size-large\"><a href=\"https:\/\/doc-14-0s-docs.googleusercontent.com\/docs\/securesc\/0217i13i1djbntfvbvt9ov6hi33tpv8u\/nskj9bgsmoha65rfo16h1c846ihfjpun\/1654512900000\/09690206269995429531\/06550271250700810415\/1iN08BsrJ0j9GdJddGR5FDpO-ueaq6P1O?ax=ACxEAsY_UP9FRbRs42U5THku-ctiJhkbG-jdbf63_jpgzdjU-c3GcwlccVLrJOtlQ-WnuHAHJTcJilhXId8DX_vIp5-8IZcL9HDvrnKpWl-t9SNBKl5XkVBM40GKTAkk9UUHdvbVLvbhu8gGlwVaZIIDsMXmhWWrFKGokd_vFtR53oCdD6iktKFCFcRxbc--n7aDiWkzGP1BEnXMW_qDLKPGjEo2KYIUVCGqzyktFdEzGZsIXmwElC-trBF6K5jATwnc1Zyb63eKHbf9fBDEKKyxsbaFOQ3wMhXjkKG71PvjPLD4k1_-5R_QDrLRmldPV5-xGOkssIMn78epBGPlpriKh1IjJw52XaaauK2xSscnRuYh55pRie8QMh4keumITCTztUu78amlyb0s4YUybJqE8Jh0yvCqMt-XbimU3UWqXrORAkIZZ5ndAQ0c1TeQj9KrCYJZIpRhsNfa2JPwUJ-j5NaMVu_ToDlQ1lxyFmu5eAXHdorddn0wsJ05a9FtoxYFG6Jv05wMcQEX97p_VHqJ1v6y5nmYX78GarqnsMwJ_5i1eSuP4RseguJecXOiEFHInk12i8nkhwTPphg7ksOElH1-jCQVqgdDtshPj4AbPI8vybVMNyfvMROG7IDw2nolEOlkfN1STw30U63wVVPJgn1rjT5tYakVh6FGhJuXeB3Mf-ckwJrqHvIbQnUZdnRWCzeZ04diXNRMWg&amp;authuser=0\"><img src=\"https:\/\/drive.google.com\/uc?id=1iN08BsrJ0j9GdJddGR5FDpO-ueaq6P1O\" alt=\"\"\/><\/a><figcaption>Proyecto Atenci\u00f3n a la dependencia y FPE. Entrenamiento de habilidades sociales<\/figcaption><\/figure>\n\n\n\n<figure class=\"wp-block-image size-large\"><a href=\"https:\/\/drive.google.com\/uc?id=1rVmW_UT7SRdTpGa0fj_uA26vpglzaEVw\"><img src=\"https:\/\/drive.google.com\/uc?id=1rVmW_UT7SRdTpGa0fj_uA26vpglzaEVw\" alt=\"\"\/><\/a><figcaption>Proyecto Atenci\u00f3n a la dependencia y turismo<\/figcaption><\/figure>\n\n\n\n<figure class=\"wp-block-image size-large\"><a href=\"https:\/\/drive.google.com\/uc?id=1uuV89SRBMtwocxQQZwtaJkCV9guqVoXw\"><img src=\"https:\/\/drive.google.com\/uc?id=1uuV89SRBMtwocxQQZwtaJkCV9guqVoXw\" alt=\"\"\/><\/a><figcaption>Proyecto Atenci\u00f3n a personas y Turismo. Presentaci\u00f3n adaptada cognitivamente para personas mayores<\/figcaption><\/figure>\n\n\n\n<figure class=\"wp-block-image size-large\"><a href=\"https:\/\/drive.google.com\/uc?id=1FHqv1EoiBbWQUGDTuM3HqOWhnbH0Kgnf\"><img src=\"https:\/\/drive.google.com\/uc?id=1FHqv1EoiBbWQUGDTuM3HqOWhnbH0Kgnf\" alt=\"\"\/><\/a><figcaption>Escape Room<\/figcaption><\/figure>\n\n\n\n<figure class=\"wp-block-image size-large\"><a href=\"https:\/\/drive.google.com\/uc?id=15xyIIdGIhFvcM-2ek2v61TpGFKDzON1g\"><img src=\"https:\/\/drive.google.com\/uc?id=15xyIIdGIhFvcM-2ek2v61TpGFKDzON1g\" alt=\"\"\/><\/a><figcaption>Escape Room &#8211; M\u00e1quina frigor\u00edfica<\/figcaption><\/figure>\n\n\n\n<figure class=\"wp-block-image size-large\"><img loading=\"lazy\" width=\"430\" height=\"308\" data-id=\"107\"  src=\"https:\/\/politecnicoestella.educacion.navarra.es\/web1\/wp-content\/uploads\/2019\/11\/LogoPoliCuadrado.jpg\" alt=\"\" class=\"wp-image-107\" srcset=\"https:\/\/politecnicoestella.educacion.navarra.es\/web1\/wp-content\/uploads\/2019\/11\/LogoPoliCuadrado.jpg 430w, https:\/\/politecnicoestella.educacion.navarra.es\/web1\/wp-content\/uploads\/2019\/11\/LogoPoliCuadrado-300x215.jpg 300w\" sizes=\"(max-width: 430px) 100vw, 430px\" \/><\/figure>\n<\/figure>\n\n\n\n<h2>Nuestros mejores proyectos<\/h2>\n\n\n<p><iframe style=\"display: block; height: 75vh;\" src=\"https:\/\/docs.google.com\/presentation\/d\/1qdJ1BwuVgoIyM94hyRm_TkYgYSgCzxAOCHGz93M37Ck\/edit#slide=id.g35694cd56_0197\/embed?start=false6https:\/\/docs.google.com\/presentation\/d\/1qdJ1BwuVgoIyM94hyRm_TkYgYSgCzxAOCHGz93M37Ck\/edit#slide=id.g35694cd56_0197=false&amp;dealyms=3000\" frameborder=\"0\" allowfullscreen=\"allowfullscreen\"><\/iframe><\/p>\n<p><a href=\"https:\/\/drive.google.com\/file\/d\/1I1jFdy7nehot4eueRk7hJ0vT1YyGzXjt\/view?usp=sharing\">V\u00eddeo<\/a><\/p>","protected":false},"excerpt":{"rendered":"<p>Introducci\u00f3n Metodolog\u00edas activas (ACBP en FP)&nbsp;&nbsp;+INFO Programa Kimua&nbsp;Resoluciones que regulan la implantaci\u00f3n del Programa Kimua y sus acciones Proyectos Fotos Nuestros mejores proyectos V\u00eddeo<\/p>\n","protected":false},"author":4,"featured_media":3571,"parent":0,"menu_order":0,"comment_status":"closed","ping_status":"closed","template":"","meta":{"_genesis_hide_title":false,"_genesis_hide_breadcrumbs":false,"_genesis_hide_singular_image":false,"_genesis_hide_footer_widgets":false,"_genesis_custom_body_class":"","_genesis_custom_post_class":"","_genesis_layout":""},"_links":{"self":[{"href":"https:\/\/politecnicoestella.educacion.navarra.es\/web1\/wp-json\/wp\/v2\/pages\/640"}],"collection":[{"href":"https:\/\/politecnicoestella.educacion.navarra.es\/web1\/wp-json\/wp\/v2\/pages"}],"about":[{"href":"https:\/\/politecnicoestella.educacion.navarra.es\/web1\/wp-json\/wp\/v2\/types\/page"}],"author":[{"embeddable":true,"href":"https:\/\/politecnicoestella.educacion.navarra.es\/web1\/wp-json\/wp\/v2\/users\/4"}],"replies":[{"embeddable":true,"href":"https:\/\/politecnicoestella.educacion.navarra.es\/web1\/wp-json\/wp\/v2\/comments?post=640"}],"version-history":[{"count":11,"href":"https:\/\/politecnicoestella.educacion.navarra.es\/web1\/wp-json\/wp\/v2\/pages\/640\/revisions"}],"predecessor-version":[{"id":9080,"href":"https:\/\/politecnicoestella.educacion.navarra.es\/web1\/wp-json\/wp\/v2\/pages\/640\/revisions\/9080"}],"wp:featuredmedia":[{"embeddable":true,"href":"https:\/\/politecnicoestella.educacion.navarra.es\/web1\/wp-json\/wp\/v2\/media\/3571"}],"wp:attachment":[{"href":"https:\/\/politecnicoestella.educacion.navarra.es\/web1\/wp-json\/wp\/v2\/media?parent=640"}],"curies":[{"name":"wp","href":"https:\/\/api.w.org\/{rel}","templated":true}]}}