{"id":534,"date":"2020-01-27T11:39:05","date_gmt":"2020-01-27T10:39:05","guid":{"rendered":"https:\/\/politecnicoestella.educacion.navarra.es\/web1\/?page_id=534"},"modified":"2021-03-10T12:50:02","modified_gmt":"2021-03-10T11:50:02","slug":"responsable-internacionalizacion-del-centro","status":"publish","type":"page","link":"https:\/\/politecnicoestella.educacion.navarra.es\/web1\/responsable-internacionalizacion-del-centro\/","title":{"rendered":"Responsable internacionalizaci\u00f3n del centro"},"content":{"rendered":"<p style=\"text-align: justify;\">La profesora del departamento de Ingl\u00e9s, <strong>ROSA SANTAMAR\u00cdA SANTOS<\/strong>, es la Responsable de Internacionalizaci\u00f3n en el centro, durante el curso actual.<\/p>\n\n\n<p><\/p>\n","protected":false},"excerpt":{"rendered":"<p>La profesora del departamento de Ingl\u00e9s, ROSA SANTAMAR\u00cdA SANTOS, es la Responsable de Internacionalizaci\u00f3n en el centro, durante el curso actual.<\/p>\n","protected":false},"author":3,"featured_media":0,"parent":0,"menu_order":0,"comment_status":"closed","ping_status":"closed","template":"","meta":{"_genesis_hide_title":false,"_genesis_hide_breadcrumbs":false,"_genesis_hide_singular_image":false,"_genesis_hide_footer_widgets":false,"_genesis_custom_body_class":"","_genesis_custom_post_class":"","_genesis_layout":""},"_links":{"self":[{"href":"https:\/\/politecnicoestella.educacion.navarra.es\/web1\/wp-json\/wp\/v2\/pages\/534"}],"collection":[{"href":"https:\/\/politecnicoestella.educacion.navarra.es\/web1\/wp-json\/wp\/v2\/pages"}],"about":[{"href":"https:\/\/politecnicoestella.educacion.navarra.es\/web1\/wp-json\/wp\/v2\/types\/page"}],"author":[{"embeddable":true,"href":"https:\/\/politecnicoestella.educacion.navarra.es\/web1\/wp-json\/wp\/v2\/users\/3"}],"replies":[{"embeddable":true,"href":"https:\/\/politecnicoestella.educacion.navarra.es\/web1\/wp-json\/wp\/v2\/comments?post=534"}],"version-history":[{"count":2,"href":"https:\/\/politecnicoestella.educacion.navarra.es\/web1\/wp-json\/wp\/v2\/pages\/534\/revisions"}],"predecessor-version":[{"id":1936,"href":"https:\/\/politecnicoestella.educacion.navarra.es\/web1\/wp-json\/wp\/v2\/pages\/534\/revisions\/1936"}],"wp:attachment":[{"href":"https:\/\/politecnicoestella.educacion.navarra.es\/web1\/wp-json\/wp\/v2\/media?parent=534"}],"curies":[{"name":"wp","href":"https:\/\/api.w.org\/{rel}","templated":true}]}}