{"id":471,"date":"2020-01-23T09:30:01","date_gmt":"2020-01-23T08:30:01","guid":{"rendered":"https:\/\/politecnicoestella.educacion.navarra.es\/web1\/?page_id=471"},"modified":"2025-09-02T12:48:51","modified_gmt":"2025-09-02T10:48:51","slug":"libros-de-texto","status":"publish","type":"page","link":"https:\/\/politecnicoestella.educacion.navarra.es\/web1\/libros-de-texto\/","title":{"rendered":"Libros de texto"},"content":{"rendered":"<p style=\"text-align: justify;\">Para ver los libros de texto del curso &#8211;&gt; <a href=\"https:\/\/docs.google.com\/document\/d\/e\/2PACX-1vQvvpJiJoDKdLMtiHOrHX0IQx8jhBO37Loabmx8_-gOeh0RVf7oSup0tDRRNdfodWyQEsNIilFGp0hI\/pub\" target=\"_blank\" rel=\"noopener noreferrer\">clicar aqu\u00ed<\/a>.<\/p>\n<p>\u00a0<\/p>\n\n\n<div class=\"wp-block-columns\">\n<div class=\"wp-block-column\" style=\"flex-basis:33.33%\">\n<figure class=\"wp-block-image size-large\"><img loading=\"lazy\" width=\"1024\" height=\"513\" src=\"https:\/\/politecnicoestella.educacion.navarra.es\/web1\/wp-content\/uploads\/2023\/06\/logotipo-1024x513.png\" alt=\"\" class=\"wp-image-5083\" srcset=\"https:\/\/politecnicoestella.educacion.navarra.es\/web1\/wp-content\/uploads\/2023\/06\/logotipo-1024x513.png 1024w, https:\/\/politecnicoestella.educacion.navarra.es\/web1\/wp-content\/uploads\/2023\/06\/logotipo-300x150.png 300w, https:\/\/politecnicoestella.educacion.navarra.es\/web1\/wp-content\/uploads\/2023\/06\/logotipo-768x384.png 768w, https:\/\/politecnicoestella.educacion.navarra.es\/web1\/wp-content\/uploads\/2023\/06\/logotipo-1536x769.png 1536w, https:\/\/politecnicoestella.educacion.navarra.es\/web1\/wp-content\/uploads\/2023\/06\/logotipo.png 1920w\" sizes=\"(max-width: 1024px) 100vw, 1024px\" \/><\/figure>\n<\/div>\n\n\n\n<div class=\"wp-block-column\" style=\"flex-basis:66.66%\">\n<p>\u00a1Aplicaci\u00f3n m\u00f3vil para la compraventa de libros escolares!<\/p>\n\n\n\n<p>Informaci\u00f3n de la aplicaci\u00f3n <a href=\"https:\/\/politecnicoestella.educacion.navarra.es\/web1\/compraventa-de-libros-escolares\/\" data-type=\"page\" data-id=\"5044\">AQU\u00cd<\/a><\/p>\n<\/div>\n<\/div>\n\n\n\n<p><\/p>\n","protected":false},"excerpt":{"rendered":"<p>Para ver los libros de texto del curso &#8211;&gt; clicar aqu\u00ed. \u00a0 \u00a1Aplicaci\u00f3n m\u00f3vil para la compraventa de libros escolares! Informaci\u00f3n de la aplicaci\u00f3n AQU\u00cd<\/p>\n","protected":false},"author":3,"featured_media":0,"parent":0,"menu_order":0,"comment_status":"closed","ping_status":"closed","template":"","meta":{"_genesis_hide_title":false,"_genesis_hide_breadcrumbs":false,"_genesis_hide_singular_image":false,"_genesis_hide_footer_widgets":false,"_genesis_custom_body_class":"","_genesis_custom_post_class":"","_genesis_layout":""},"_links":{"self":[{"href":"https:\/\/politecnicoestella.educacion.navarra.es\/web1\/wp-json\/wp\/v2\/pages\/471"}],"collection":[{"href":"https:\/\/politecnicoestella.educacion.navarra.es\/web1\/wp-json\/wp\/v2\/pages"}],"about":[{"href":"https:\/\/politecnicoestella.educacion.navarra.es\/web1\/wp-json\/wp\/v2\/types\/page"}],"author":[{"embeddable":true,"href":"https:\/\/politecnicoestella.educacion.navarra.es\/web1\/wp-json\/wp\/v2\/users\/3"}],"replies":[{"embeddable":true,"href":"https:\/\/politecnicoestella.educacion.navarra.es\/web1\/wp-json\/wp\/v2\/comments?post=471"}],"version-history":[{"count":10,"href":"https:\/\/politecnicoestella.educacion.navarra.es\/web1\/wp-json\/wp\/v2\/pages\/471\/revisions"}],"predecessor-version":[{"id":8585,"href":"https:\/\/politecnicoestella.educacion.navarra.es\/web1\/wp-json\/wp\/v2\/pages\/471\/revisions\/8585"}],"wp:attachment":[{"href":"https:\/\/politecnicoestella.educacion.navarra.es\/web1\/wp-json\/wp\/v2\/media?parent=471"}],"curies":[{"name":"wp","href":"https:\/\/api.w.org\/{rel}","templated":true}]}}