{"id":4322,"date":"2022-11-10T11:26:04","date_gmt":"2022-11-10T10:26:04","guid":{"rendered":"https:\/\/politecnicoestella.educacion.navarra.es\/web1\/?page_id=4322"},"modified":"2025-09-10T10:21:22","modified_gmt":"2025-09-10T08:21:22","slug":"transporte","status":"publish","type":"page","link":"https:\/\/politecnicoestella.educacion.navarra.es\/web1\/transporte\/","title":{"rendered":"Transporte"},"content":{"rendered":"\n<p>En los enlaces de abajo puedes acceder a&nbsp;toda la informaci\u00f3n sobre el transporte:<\/p>\n\n\n\n<ul><li><a rel=\"noreferrer noopener\" href=\"https:\/\/docs.google.com\/document\/d\/1VM52G1ZzdgMTlI_iI2oUfVzbrP1OHNAfAg1iMSChTI0\/edit?usp=sharing\" target=\"_blank\">Rutas y horarios del transporte escolar<\/a><\/li><\/ul>\n\n\n\n<ul><li><a rel=\"noreferrer noopener\" href=\"https:\/\/bon.navarra.es\/es\/anuncio\/-\/texto\/2022\/110\/1\" target=\"_blank\">Normativa de transporte escolar<\/a><\/li><\/ul>\n\n\n\n<ul><li><a rel=\"noreferrer noopener\" href=\"https:\/\/drive.google.com\/file\/d\/1K9cuI53zGPfriM691wD1dtxSWwsE3LQF\/view?usp=share_link\" data-type=\"URL\" data-id=\"https:\/\/drive.google.com\/file\/d\/1K9cuI53zGPfriM691wD1dtxSWwsE3LQF\/view?usp=share_link\" target=\"_blank\">Solicitud de ayuda individualizada para el transporte escolar<\/a><\/li><\/ul>\n\n\n\n<p><\/p>\n\n\n\n<figure class=\"wp-block-table\"><table class=\"has-background\" style=\"background-color:#c0ffa6\"><tbody><tr><td class=\"has-text-align-center\" data-align=\"center\"><br><strong>NUEVO<\/strong>:\u00a0 \u00a0<strong>Aplicaci\u00f3n m\u00f3vil para COMPARTIR COCHE.<\/strong><br><br>Toda la informaci\u00f3n <a href=\"https:\/\/politecnicoestella.educacion.navarra.es\/web1\/compartir-coche\/\">AQU\u00cd<\/a><br>.<\/td><\/tr><\/tbody><\/table><\/figure>\n","protected":false},"excerpt":{"rendered":"<p>En los enlaces de abajo puedes acceder a&nbsp;toda la informaci\u00f3n sobre el transporte: Rutas y horarios del transporte escolar Normativa de transporte escolar Solicitud de ayuda individualizada para el transporte escolar NUEVO:\u00a0 \u00a0Aplicaci\u00f3n m\u00f3vil para COMPARTIR COCHE. Toda la informaci\u00f3n AQU\u00cd.<\/p>\n","protected":false},"author":14,"featured_media":0,"parent":0,"menu_order":0,"comment_status":"closed","ping_status":"closed","template":"","meta":{"_genesis_hide_title":false,"_genesis_hide_breadcrumbs":false,"_genesis_hide_singular_image":false,"_genesis_hide_footer_widgets":false,"_genesis_custom_body_class":"","_genesis_custom_post_class":"","_genesis_layout":""},"_links":{"self":[{"href":"https:\/\/politecnicoestella.educacion.navarra.es\/web1\/wp-json\/wp\/v2\/pages\/4322"}],"collection":[{"href":"https:\/\/politecnicoestella.educacion.navarra.es\/web1\/wp-json\/wp\/v2\/pages"}],"about":[{"href":"https:\/\/politecnicoestella.educacion.navarra.es\/web1\/wp-json\/wp\/v2\/types\/page"}],"author":[{"embeddable":true,"href":"https:\/\/politecnicoestella.educacion.navarra.es\/web1\/wp-json\/wp\/v2\/users\/14"}],"replies":[{"embeddable":true,"href":"https:\/\/politecnicoestella.educacion.navarra.es\/web1\/wp-json\/wp\/v2\/comments?post=4322"}],"version-history":[{"count":6,"href":"https:\/\/politecnicoestella.educacion.navarra.es\/web1\/wp-json\/wp\/v2\/pages\/4322\/revisions"}],"predecessor-version":[{"id":8613,"href":"https:\/\/politecnicoestella.educacion.navarra.es\/web1\/wp-json\/wp\/v2\/pages\/4322\/revisions\/8613"}],"wp:attachment":[{"href":"https:\/\/politecnicoestella.educacion.navarra.es\/web1\/wp-json\/wp\/v2\/media?parent=4322"}],"curies":[{"name":"wp","href":"https:\/\/api.w.org\/{rel}","templated":true}]}}