{"id":4233,"date":"2022-10-07T13:19:33","date_gmt":"2022-10-07T11:19:33","guid":{"rendered":"https:\/\/politecnicoestella.educacion.navarra.es\/web1\/?page_id=4233"},"modified":"2026-04-16T13:42:13","modified_gmt":"2026-04-16T11:42:13","slug":"cursos-con-la-inscripcion-abierta","status":"publish","type":"page","link":"https:\/\/politecnicoestella.educacion.navarra.es\/web1\/cursos-con-la-inscripcion-abierta\/","title":{"rendered":"Cursos con la inscripci\u00f3n abierta"},"content":{"rendered":"\n<h3><\/h3>\n\n\n\n<p><a href=\"https:\/\/administracionelectronica.navarra.es\/EmpleoFormate.Internet\/AccionFormativa?id=21806&amp;aplicacion=EmpleoEntities\">CP2 Cocina. MF0260_2- UF0064: Preelaboraci\u00f3n y conservaci\u00f3n de pescados, crust\u00e1ceos y moluscos. MF0261_2- UF0067 : Elaboraciones b\u00e1sicas y platos elementales con pescados, crust\u00e1ceos y moluscos.<\/a><\/p>\n\n\n\n<p><a href=\"https:\/\/administracionelectronica.navarra.es\/EmpleoFormate.Internet\/AccionFormativa?id=21805&amp;aplicacion=EmpleoEntities\">CP2 Servicios de Bar y Cafeter\u00eda. MF1048_2: Servicio de vinos<\/a><\/p>\n\n\n\n<p><a href=\"https:\/\/administracionelectronica.navarra.es\/EmpleoFormate.Internet\/AccionFormativa?id=21224&amp;aplicacion=EmpleoEntities\">CP2 Actividades de gesti\u00f3n administrativa. MF0980_2: Gesti\u00f3n auxiliar de personal.<\/a><\/p>\n\n\n\n<p><a href=\"https:\/\/administracionelectronica.navarra.es\/EmpleoFormate.Internet\/AccionFormativa?id=21803&amp;aplicacion=EmpleoEntities\">CP3 Atenci\u00f3n al alumnado con necesidades educativas especiales (ACNEE) en centros educativos. MF1428_3: Autonom\u00eda e higiene personal en el aseo del alumnado con necesidades educativas especiales (100 horas).<\/a><\/p>\n","protected":false},"excerpt":{"rendered":"<p>CP2 Cocina. MF0260_2- UF0064: Preelaboraci\u00f3n y conservaci\u00f3n de pescados, crust\u00e1ceos y moluscos. MF0261_2- UF0067 : Elaboraciones b\u00e1sicas y platos elementales con pescados, crust\u00e1ceos y moluscos. CP2 Servicios de Bar y Cafeter\u00eda. MF1048_2: Servicio de vinos CP2 Actividades de gesti\u00f3n administrativa. MF0980_2: Gesti\u00f3n auxiliar de personal. CP3 Atenci\u00f3n al alumnado con necesidades educativas especiales (ACNEE) en [&hellip;]<\/p>\n","protected":false},"author":70,"featured_media":0,"parent":0,"menu_order":0,"comment_status":"closed","ping_status":"closed","template":"","meta":{"_genesis_hide_title":false,"_genesis_hide_breadcrumbs":false,"_genesis_hide_singular_image":false,"_genesis_hide_footer_widgets":false,"_genesis_custom_body_class":"","_genesis_custom_post_class":"","_genesis_layout":""},"_links":{"self":[{"href":"https:\/\/politecnicoestella.educacion.navarra.es\/web1\/wp-json\/wp\/v2\/pages\/4233"}],"collection":[{"href":"https:\/\/politecnicoestella.educacion.navarra.es\/web1\/wp-json\/wp\/v2\/pages"}],"about":[{"href":"https:\/\/politecnicoestella.educacion.navarra.es\/web1\/wp-json\/wp\/v2\/types\/page"}],"author":[{"embeddable":true,"href":"https:\/\/politecnicoestella.educacion.navarra.es\/web1\/wp-json\/wp\/v2\/users\/70"}],"replies":[{"embeddable":true,"href":"https:\/\/politecnicoestella.educacion.navarra.es\/web1\/wp-json\/wp\/v2\/comments?post=4233"}],"version-history":[{"count":87,"href":"https:\/\/politecnicoestella.educacion.navarra.es\/web1\/wp-json\/wp\/v2\/pages\/4233\/revisions"}],"predecessor-version":[{"id":9549,"href":"https:\/\/politecnicoestella.educacion.navarra.es\/web1\/wp-json\/wp\/v2\/pages\/4233\/revisions\/9549"}],"wp:attachment":[{"href":"https:\/\/politecnicoestella.educacion.navarra.es\/web1\/wp-json\/wp\/v2\/media?parent=4233"}],"curies":[{"name":"wp","href":"https:\/\/api.w.org\/{rel}","templated":true}]}}