{"id":4231,"date":"2022-10-07T13:20:41","date_gmt":"2022-10-07T11:20:41","guid":{"rendered":"https:\/\/politecnicoestella.educacion.navarra.es\/web1\/?page_id=4231"},"modified":"2025-02-06T14:26:22","modified_gmt":"2025-02-06T13:26:22","slug":"cursos-en-desarrollo","status":"publish","type":"page","link":"https:\/\/politecnicoestella.educacion.navarra.es\/web1\/cursos-en-desarrollo\/","title":{"rendered":"Cursos en desarrollo"},"content":{"rendered":"\n<ul class=\"has-medium-font-size\"><li><a href=\"https:\/\/administracionelectronica.navarra.es\/EmpleoFormate.Internet\/AccionFormativa?id=18443\">CP2 Cocina. MF0260_2: Preelaboraci\u00f3n y conservaci\u00f3n de alimentos. UF0063: Preelaboraci\u00f3n y conservaci\u00f3n de vegetales y setas. MF0261_2: T\u00e9cnicas culinarias. UF0066: Elaboraciones b\u00e1sicas y platos elementales con hortalizas, legumbres secas, pastas, arroces y huevos<\/a> (130 h)<\/li><li><a href=\"https:\/\/administracionelectronica.navarra.es\/EmpleoFormate.Internet\/AccionFormativa?id=18440\">CP1 Operaciones b\u00e1sicas de restaurante y bar. MF0258_1: Aprovisionamiento, bebidas y comidas r\u00e1pidas.<\/a> (120 h)<\/li><li><a href=\"https:\/\/administracionelectronica.navarra.es\/EmpleoFormate.Internet\/AccionFormativa?id=18437\">CP2 Atenci\u00f3n socionsanitaria a personas dependientes en instituciones sociales. MF1016_2: Apoyo en la organizaci\u00f3n de intervenciones en el\u00e1mbito institucional.<\/a> (100 h)<\/li><li><a href=\"https:\/\/administracionelectronica.navarra.es\/EmpleoFormate.Internet\/AccionFormativa?id=18435\">CP3 Atenci\u00f3n al alumnado con necesidades educativas especiales (ACNEE) en centros educativos. MF1427_3: Participaci\u00f3n en los programas de ense\u00f1anza-aprendizaje en el aula de referencia del alumnado con necesidades educativas especiales.<\/a> (150 h)<\/li><li><a href=\"https:\/\/administracionelectronica.navarra.es\/EmpleoFormate.Internet\/AccionFormativa?id=18433\">CP1 Actividades auxiliares de almac\u00e9n. MF1325_1: Operaciones auxiliares de almacenaje.<\/a> (80 h)<\/li><li>CP2 Actividades de Gesti\u00f3n Administrativa. MF0980_2: Gesti\u00f3n auxiliar de personal (90 h<\/li><li>CP1 Operaciones auxiliares de montaje de instalaciones electrot\u00e9cnicas y de telecomunicaciones en edificios. MF0817_1: Operaciones de montaje de instalaciones de telecomunicaciones.(180h)<\/li><li>CP1 Operaciones b\u00e1sicas de restaurante y bar. MF0257_1: Servicio b\u00e1sico de restaurante-bar. (120 h)<\/li><li>CP2 Cocina. MF0711_2: Seguridad e higiene protecci\u00f3n ambiental en hosteler\u00eda. MF0259_2: Ofertas gastron\u00f3micas sencillas y sistemas de aprovisionamiento. (130 h)<\/li><li>CP1 Limpieza de superficies y mobiliario en edificios y locales. MF1087_1: Limpieza de cristales en edificios y locales. MF1088_1: T\u00e9cnicas y procedimientos de limpieza con utilizaci\u00f3n de maquinaria. (90h) Fechas: octubre2024<\/li><li>CP3 Atenci\u00f3n al alumnado con necesidades educativas especiales (ACNEE) en centros educativos. MF1429_3: Atenci\u00f3n y vigilancia en la actividad del recreo del alumnado con necesidades educ esp.(120h)<\/li><li>CP3 Gesti\u00f3n Integrada de Recursos Humanos. MF0233_2: Ofim\u00e1tica. (190 horas)<\/li><li>CP1 Limpieza de superficies y mobiliario en edificios y locales. MF0972_2: Limpieza, tto y mantenimiento de sulos, paredes y techos en edificios y locales. MF0996_2: Limpieza del mobiliario int.(60h)<\/li><li>CP2 Atenci\u00f3n sociosanitaria a personas dependientes en instituciones sociales. MF1019_2: Apoyo psicosocial, atenci\u00f3n relacional y comunicativa en instituciones.(130h)<\/li><li>CP2 Cocina. MF0262_2: Productos culinarios (170h)<\/li><li>CP1 Operaciones b\u00e1sicas de restaurante y bar. MF0258_1: Aprovisionamiento, bebidas y comidas r\u00e1pidas. (120h)<\/li><li>CP3 Gesti\u00f3n Integrada de Recursos Humanos. MF0233_2: Ofim\u00e1tica. (190h)<\/li><li>CP1 Operaciones auxiliares de montaje de instalaciones electrot\u00e9cnicas y de telecomunicaciones en edificios. MF0816_1: Operaciones de montaje de instalaciones el\u00e9ctricas de baja tensi\u00f3n y dom\u00f3ticas en edificios. (150h)<\/li><li>CP3 Atenci\u00f3n al alumnado con necesidades educ. esp. (ACNEE) en centros educativos. MF1426_3: Aplicaci\u00f3n t\u00e9cnica de movilidad, orientaci\u00f3n y deambulaci\u00f3n en los desplazamientos internos por el centro ed. del alumnado con necesidades educ. esp. (ACNEE).(100h)<\/li><li>CP2 Confecci\u00f3n y Publicaci\u00f3n de P\u00e1ginas Web. MF0950_2: Construcci\u00f3n de p\u00e1ginas web (464ES).<strong> <\/strong>(210h)<\/li><li>CP3 Gesti\u00f3n Integrada de Recursos Humanos. MF0987_3: Gesti\u00f3n de sistemas de informaci\u00f3n y archivo. 577ES <\/li><li>CP3 Habilitaci\u00f3n para la docencia en grados A, B y C del Sistema de Formaci\u00f3n Profesional. MF1445_3: Evaluaci\u00f3n del proceso de ense\u00f1anza-aprendizaje en FP para el empleo. 578ES<\/li><li>CP2 Socorrismo en instalaciones acu\u00e1ticas. MF0272_2: Primeros auxilios (2024294ES) <\/li><\/ul>\n\n\n\n<ul class=\"has-medium-font-size\"><li>CP1 Operaciones b\u00e1sicas de restaurante y bar. MF0257_1: Servicio b\u00e1sico de restaurante-bar. (463ES) Fechas: 26\/04\/2024 a 31\/05\/2024<\/li><li>CP3 Atenci\u00f3n al alumnado con necesidades educativas especiales (ACNEE) en centros educativos. MF1428_3: Autonom\u00eda e higiene personal en el aseo del alumnado con necesidades educativas especiales (458ES) Fechas: 22\/04\/2024 a 05\/06\/2024<\/li><li>CP3 Habilitaci\u00f3n para la docencia en grados A, B y C del Sistema de Formaci\u00f3n Profesional. MF1444_3: Impartici\u00f3n y tutorizaci\u00f3n de acciones formativas para el empleo. (456ES) Fechas: De 08\/04\/2024 a 13\/05\/2024<\/li><li>CP2 Actividades de gesti\u00f3n administrativa. MF0976_2: Operaciones administrativas comerciales. (453ES)<\/li><li>CP2 Atenci\u00f3n sociosanitaria a personas dependientes en instituciones sociales. MF1018_2: Intervenci\u00f3n en la atenci\u00f3n sociosanitaria en instituciones. (496ES)<\/li><li>CP2 Cocina. MF0260_2: Preelab y conserv de alimentos. UF0065: Preelab y conserv de carnes, aves y caza. MF0261_2: T\u00e9cnicas culinarias. UF0068: Elab b\u00e1sicas y platos elem con carnes, aves, caza. UF0069: Elab b\u00e1sicas de reposter\u00eda y postres. (529ES)<\/li><li>CP2 Actividades administrativas en la relaci\u00f3n con el cliente. MF0975_2: T\u00e9cnicas de recepci\u00f3n y comunicaci\u00f3n. (454ES) Fechas: 11\/03\/2024 a 25\/04\/2024<\/li><li>CP1 Operaciones auxiliares de montaje de instalaciones electrot\u00e9cnicas y de telecomunicaciones en edificios. MF0817_1: Operaciones de montaje de instalaciones de telecomunicaciones (460ES). Fechas: 10\/04\/2024 a 31\/05\/2024<\/li><li>CP1 Operaciones b\u00e1sicas de restaurante y bar. MF0258_1: Aprovisionamiento, bebidas y comidas r\u00e1pidas. (462ES) Fechas: 07\/03\/2024 a 25\/04\/2024<\/li><li><strong>CP1 TOTAL Empleo dom\u00e9stico (451ES)<\/strong> Fechas: 04\/03\/2024 &#8211; 24\/04\/2024<\/li><li><strong>CP2 Actividades de gesti\u00f3n administrativa. MF0976_2: Operaciones administrativas comerciales. (Cod. 453ES). <\/strong>Fechas: 04\/03\/2024 a 14\/05\/2024.<\/li><li><strong>CP2 Cocina. MF0260_2: Preelaboraci\u00f3n y conservaci\u00f3n de alimentos. UF0064: de pescados, crust\u00e1ceos y moluscos. MF0261_2: T\u00e9cnicas culinarias. UF0067: Elaboraciones b\u00e1sicas y platos elementales con.. (461ES) <\/strong>Fechas: 27\/02\/2024 a 09\/04\/2024<\/li><li><strong>CP3 Habilitaci\u00f3n para la docencia en grados A, B y C del Sistema de Formaci\u00f3n Profesional. MF1443_3: Selecci\u00f3n, elaboraci\u00f3n, adaptaci\u00f3n y utilizaci\u00f3n de materiales, medios y recursos did\u00e1cticos en formaci\u00f3n profesional para el empleo (455ES) <\/strong>Fechas: 27\/02\/2024 a 27\/03\/2024<\/li><li><strong>CP2 Atenci\u00f3n sociosanitaria a personas dependientes en instituciones sociales. MF1017_2: Intervenci\u00f3n en la atenci\u00f3n higi\u00e9nico-alimentaria en instituciones (495ES). <\/strong>Fechas: De 27\/02\/2024 a 27\/03\/2024<\/li><li><strong>CP1 Operaciones auxiliares de fabricaci\u00f3n mec\u00e1nica. MF0088_1: Operaciones de montaje&nbsp;<\/strong>Fecha de inicio: De 26\/02\/2024 a 22\/05\/2024<\/li><li><strong>CP3 Atenci\u00f3n al alumnado con necesidades educativas especiales (ACNEE) en centros educativos. MF1430_3: H\u00e1bitos y autonom\u00eda en la alimentaci\u00f3n del alumnado con necesidades educativas especiales (ACNEE), en el comedor escolar. (457ES) <\/strong>Fechas: 19\/02\/2024 a 17\/04\/2024<\/li><li><strong>CP1 Operaciones auxiliares de montaje de instalaciones electrot\u00e9cnicas y de telecomunicaciones en edificios.MF0816_1: Operaciones de montaje de instalaciones el\u00e9ctricas de baja tensi\u00f3n y dom\u00f3ticas en edificios (459ES) <\/strong>Fechas: 19\/02\/2024 a 09\/04\/2024<\/li><li><strong>CP3 Gesti\u00f3n Integrada de Recursos Humanos. MF0237_3: Gesti\u00f3n administrativa de la relaciones laborales (452ES) <\/strong>Fecha de inicio: 19\/02\/2024 &#8211; 09\/05\/2024<\/li><li><strong>CP2 Actividades de gesti\u00f3n administrativa. MF0979_2: Gesti\u00f3n operativa de tesorer\u00eda. Fecha de inicio: De 08\/01\/2024 a 08\/02\/2024<\/strong>.<\/li><li><strong>CP2 Atenci\u00f3n sociosanitaria a personas dependientes en instituciones. MF1016_2: Apoyo en la organizaci\u00f3n de intervenciones en el \u00e1mbito institucional. Fecha de inicio: De 09\/01\/2024 a 20\/02\/2024<\/strong><\/li><li><strong>CP3 Docencia de la formaci\u00f3n profesional para el empleo. MF1442_3: Programaci\u00f3n did\u00e1ctica de acciones formativas para el empleo.<\/strong> <strong>Fecha de inicio: De 10\/01\/2024 a 05\/02\/2024<\/strong><\/li><li><strong>CP1 Operaciones b\u00e1sicas de cocina. MF0255_1: aprovisionamiento, preelaboraci\u00f3n y conservaci\u00f3n culinarios Fecha de inicio: De 10\/1\/2024 al 26\/02\/2024<\/strong><\/li><li><strong>CP2 Socorrismo en instalaciones acu\u00e1ticas. MF0272_2: Primeros auxilios Fecha de inicio: De 15\/01\/2024 a 30\/01\/2024<\/strong><\/li><li><strong>CP1 Operaciones de grabaci\u00f3n y tratamiento de datos y documentos. MF0971_1: Reproducci\u00f3n y archivo<\/strong>&#8211; <strong>Fecha de inicio: De 14\/11\/2023 a 30\/01\/2024<\/strong><\/li><li><strong>CP1 Operaciones b\u00e1sicas de restaurante y bar. MF0257_1: Servicio b\u00e1sico de restaurante-bar<\/strong> <strong>Fecha de inicio: De 09\/11\/2023 a 19\/12\/2023<\/strong><\/li><li><strong>CP2 Socorrismo en Instalaciones acu\u00e1ticas. MF0272_2: Primeros auxilios.<\/strong> <strong>Fecha de inicio: De 06\/11\/2023 a 21\/11\/2023<\/strong><\/li><li><strong>CP2 Cocina. MF0260_2: Preelaboraci\u00f3n y conservaci\u00f3n de alimentos. UF0063: Preelaboraci\u00f3n y conservaci\u00f3n de vegetales y setas. MF0261_2: T\u00e9cnicas culinarias. UF0066: Elaboraciones b\u00e1sicas y platos elementales con hortalizas, legumbres secas, pastas, arroces. Fecha de inicio: De 30\/10\/2023 a 20\/12\/2023<\/strong><\/li><li><strong>CP1 Operaciones auxiliares de fabricaci\u00f3n mec\u00e1nica. MF0087_1: Operaciones de fabricaci\u00f3n. Fecha de inicio: De 23\/10\/2023 a 15\/02\/2024<\/strong><\/li><li><strong>CP1 Total Actividades auxiliares de almac\u00e9n<\/strong>. <strong>Fecha de inicio: De 09\/10\/2023 a 28\/11\/2023<\/strong><\/li><li><strong>CP3 Atenci\u00f3n al alumnado con necesidades educativas especiales (ACNEE) en centros educativos. MF1427_3: Participaci\u00f3n en los programas de ense\u00f1anza-aprendizaje en el aula de referencia del alumnado con necesidades educativas especiales (ACNEE). Fecha de inicio: De 05\/10\/2023 a 20\/12\/2023<\/strong><\/li><li><strong>CP3 Gesti\u00f3n integrada de recursos humanos. MF0238_3: Gesti\u00f3n de recursos humanos. Fecha de inicio: De 03\/10\/2023 a 14\/12\/2023<\/strong><\/li><li><strong>CP2 Atenci\u00f3n sociosanitaria a personas dependientes en instituciones sociales. MF1019_2: Apoyo psicosocial, atenci\u00f3n relacional y comunicativa en instituciones. Fecha de inicio: De 02\/10\/2023 a 29\/11\/2023<\/strong><\/li><li><strong>CP1 Operaciones b\u00e1sicas de restaurante y bar. MF0258_1: Aprovisionamiento, bebidas y comidas r\u00e1pidas. Fecha de inicio: De 25\/09\/2023 a 08\/11\/2023<\/strong><\/li><li><strong>CP1 Operaciones de grabaci\u00f3n y tratamiento de datos y documentos. MF0973_1: Grabaci\u00f3n de datos. Fecha de inicio: De 19\/09\/2023 a 14\/12\/2023<\/strong><\/li><li><strong>CP2 Actividades de gesti\u00f3n administrativa. MF0978_2: Gesti\u00f3n de archivos, Fecha de inicio: De 19\/09\/2023 a 13\/11\/2023<\/strong><\/li><li><strong>CP1 Actividades auxiliares de almac\u00e9n. MF1326_1: Preparaci\u00f3n de pedidos.<\/strong> <strong>Fecha de inicio: 12\/06\/2023<\/strong><\/li><li><strong>CP1 Actividades auxiliares de almac\u00e9n. MF0432_1: Manipulaci\u00f3n de cargas con carretillas elevadoras. Fecha de inicio: 29\/05\/2023<\/strong><\/li><li><strong>CP2 Atenci\u00f3n sociosanitaria a personas dependientes en instituciones sociales. MF1018_2: Intervenci\u00f3n en la atenci\u00f3n sociosanitaria en instituciones.<\/strong> <strong>Fecha de inicio: 22\/05\/2023<\/strong><\/li><li><strong>CP2 Gesti\u00f3n de llamadas de teleasistencia. MF1425_2: Manejo de herramientas, t\u00e9cnicas y habilidades para la prestaci\u00f3n de un servicio de teleasistencia.<\/strong> <strong>Fecha de inicio: 15\/05\/2023<\/strong><\/li><li><strong>CP1 Actividades auxiliares de almac\u00e9n. MF1325_1: Operaciones auxiliares de almacenaje.<\/strong> <strong>Fecha de inicio: 04\/05\/2023<\/strong><\/li><li><strong>CP1 Operaciones b\u00e1sicas de pasteler\u00eda. MF1334_1: Preelaboraci\u00f3n, elaboraci\u00f3n y presentaci\u00f3n en pasteler\u00eda.<\/strong> <strong>Fecha de inicio: 19\/04\/2023<\/strong><\/li><li><strong>CP2 Atenci\u00f3n sociosanitaria a personas dependientes en instituciones sociales. MF1017_2: Intervenci\u00f3n en la atenci\u00f3n higi\u00e9nico-alimentaria en instituciones.<\/strong> <strong>Fecha de inicio: 19\/04\/2023<\/strong><\/li><li><strong>CP2 Gesti\u00f3n de llamadas de teleasistencia. MF1424_2: Emisi\u00f3n y gesti\u00f3n de llamadas salientes en un servicio de teleasistencia.<\/strong> <strong>Fecha de inicio: 17\/04\/2023<\/strong><\/li><li><strong>CP1 Operaciones de fontaner\u00eda y calefacci\u00f3n-climatizaci\u00f3n dom\u00e9stica. MF1155_1: Instalaci\u00f3n y mantenimiento de sanitarios y elementos de climatizaci\u00f3n. Fecha de inicio: 17\/04\/2023<\/strong><\/li><li><strong>CP2 Actividades de gesti\u00f3n administrativa. MF0233_2: Ofim\u00e1tica.<\/strong> <strong>Fecha de inicio: 17\/04\/2023<\/strong><\/li><li><strong>CP1 Operaciones auxiliares de fabricaci\u00f3n mec\u00e1nica. MF0088_1: Operaciones de montaje. Fecha de inicio: 27\/03\/2023<\/strong><\/li><li><strong>CP2 Actividades de Gesti\u00f3n Administrativa. MF0981_2: Registros Contables. Fecha de inicio: 28\/02\/2023<\/strong><\/li><li><strong>CP3 Gesti\u00f3n integrada de recursos humanos. MF0987_3: Gesti\u00f3n de sistemas de informaci\u00f3n y archivo.<\/strong> <strong>Fecha de inicio: 28\/02\/2023<\/strong><\/li><li><strong>CP2 Gesti\u00f3n de llamadas de teleasistencia. MF1423_2: Atenci\u00f3n y gesti\u00f3n de llamadas entrantes en un servicio de teleasistencia.<\/strong> <strong>Fecha de inicio: 27\/02\/2023<\/strong><\/li><li><strong>CP2 Atenci\u00f3n sociosanitaria a personas dependientes en instituciones sociales. MF1016_2: Apoyo en la organizaci\u00f3n de intervenciones en el \u00e1mbito institucional. Fecha de inicio: 27\/02\/2023<\/strong><\/li><li><strong>CP1 Operaciones b\u00e1sicas de cocina. MF0256_1: Elaboraci\u00f3n culinaria b\u00e1sica.<\/strong> <strong>Fecha de inicio: 15\/02\/2023<\/strong><\/li><li><strong>CP1 Operaciones b\u00e1sicas de cocina. MF0256_1: Elaboraci\u00f3n culinaria b\u00e1sica.<\/strong> <strong>Fecha de inicio: 15\/02\/2023<\/strong><\/li><li><strong>CP1 Operaciones de grabaci\u00f3n y tratamiento de datos y documentos. MF0974_1: Tratamiento de datos, textos y documentaci\u00f3n. Fecha de inicio: 30\/01\/2022<a rel=\"noreferrer noopener\" href=\"https:\/\/administracionelectronica.navarra.es\/EmpleoFormate.Internet\/AccionFormativa?id=13988&amp;AspxAutoDetectCookieSupport=1\" target=\"_blank\"><\/a><\/strong><\/li><li><strong>CP1 Operaciones de fontaner\u00eda y calefacci\u00f3n-climatizaci\u00f3n dom\u00e9stica: MF1154_1: Instalaci\u00f3n de tuber\u00edas. Fecha de inicio: 23\/01\/2022<\/strong><\/li><li><strong><a rel=\"noreferrer noopener\" href=\"https:\/\/administracionelectronica.navarra.es\/EmpleoFormate.Internet\/AccionFormativa?id=13988&amp;AspxAutoDetectCookieSupport=1\" target=\"_blank\"><\/a>CP1 Operaciones b\u00e1sicas de restaurante y bar: MR0258_1: Aprovisionamiento, bebidas y comidas r\u00e1pidas. Fecha de inicio: 23\/01\/2022<\/strong><\/li><li><strong>CP2 Actividades de gesti\u00f3n administrativa. MF0980_2: Gesti\u00f3n auxilar de personal. Fecha de inicio: 10\/01\/2023<\/strong><\/li><li><strong>CP1 Operaciones b\u00e1sicas de pasteler\u00eda. MF1333_1: aprovisionamiento interno y conservaci\u00f3n en pasteler\u00eda. Fecha de inicio: 14\/12\/2022<\/strong><\/li><li><strong>CP2 Atenci\u00f3n sociosanitaria a personas dependientes en instituciones sociales. MF1019_2: Apoyo psicosocial, atenci\u00f3n relacional y comunicativa e instituciones.&nbsp; &nbsp;Fecha de inicio: 12\/12\/2022<\/strong><\/li><li><strong>CP1 Operaciones b\u00e1sicas de restaurante y bar. MF0257_1: Servicio b\u00e1ico de restaurante-bar. Fecha de inicio: 16\/11\/2022 <\/strong><\/li><li><strong>CP1 Operaciones auxiliares de fabricaci\u00f3n mec\u00e1nica. MF0087_1: Operaciones de fabricaci\u00f3n. Fecha de inicio 3\/11\/2022<\/strong><\/li><li><strong>CP2 Atenci\u00f3n sociosanitaria a personas dependientes en instituciones sociales. MF1018_2: Intervenci\u00f3n en la atenci\u00f3n sociosanitaria en instituciones. Fecha de inicio: 26\/10\/2022<\/strong><\/li><li><strong>CP3 Gesti\u00f3n integrada de recursos humanos. MF0237_3: Gesti\u00f3n administrativa de las relaciones laborales. Fecha de inicio: 26 de octubre 2022<\/strong><\/li><li><strong>CP1 Operaciones b\u00e1sicas de cocina. MF0255_1: Aprovisionamiento, preelaboraci\u00f3n y conservaci\u00f3n culinarios.&nbsp; &nbsp;Fecha inicio 06\/10\/2022<\/strong><\/li><li><strong>CP2 Atenci\u00f3n sociosanitaria a personas dependientes en instituciones sociales. MF1017_2: Intervenci\u00f3n en la atenci\u00f3n higi\u00e9nico-alimentaria en instituciones. Fecha de inicio: 26\/09\/2022<\/strong><\/li><li><strong>CP2 Completo Atenci\u00f3n sociosanitaria a personas dependientes en instituciones sociales. Fecha de inicio: 21\/02\/2022<\/strong><\/li><li><strong>CP3 Atenci\u00f3n al alumnado con necesidades educativas especiales (ACNEE) en centros educativos. MF1427_3 y MF1429_3. Fecha de inicio: 23\/09\/2022<\/strong><\/li><li><strong>CP2 Actividades de gesti\u00f3n administrativa. MF0976_2: Operaciones administrativas comerciales.&nbsp;&nbsp; &nbsp; Fecha de inicio: 03\/10\/2022<\/strong><\/li><\/ul>\n","protected":false},"excerpt":{"rendered":"<p>CP2 Cocina. MF0260_2: Preelaboraci\u00f3n y conservaci\u00f3n de alimentos. UF0063: Preelaboraci\u00f3n y conservaci\u00f3n de vegetales y setas. MF0261_2: T\u00e9cnicas culinarias. UF0066: Elaboraciones b\u00e1sicas y platos elementales con hortalizas, legumbres secas, pastas, arroces y huevos (130 h) CP1 Operaciones b\u00e1sicas de restaurante y bar. MF0258_1: Aprovisionamiento, bebidas y comidas r\u00e1pidas. (120 h) CP2 Atenci\u00f3n socionsanitaria a personas [&hellip;]<\/p>\n","protected":false},"author":70,"featured_media":0,"parent":0,"menu_order":0,"comment_status":"closed","ping_status":"closed","template":"","meta":{"_genesis_hide_title":false,"_genesis_hide_breadcrumbs":false,"_genesis_hide_singular_image":false,"_genesis_hide_footer_widgets":false,"_genesis_custom_body_class":"","_genesis_custom_post_class":"","_genesis_layout":""},"_links":{"self":[{"href":"https:\/\/politecnicoestella.educacion.navarra.es\/web1\/wp-json\/wp\/v2\/pages\/4231"}],"collection":[{"href":"https:\/\/politecnicoestella.educacion.navarra.es\/web1\/wp-json\/wp\/v2\/pages"}],"about":[{"href":"https:\/\/politecnicoestella.educacion.navarra.es\/web1\/wp-json\/wp\/v2\/types\/page"}],"author":[{"embeddable":true,"href":"https:\/\/politecnicoestella.educacion.navarra.es\/web1\/wp-json\/wp\/v2\/users\/70"}],"replies":[{"embeddable":true,"href":"https:\/\/politecnicoestella.educacion.navarra.es\/web1\/wp-json\/wp\/v2\/comments?post=4231"}],"version-history":[{"count":37,"href":"https:\/\/politecnicoestella.educacion.navarra.es\/web1\/wp-json\/wp\/v2\/pages\/4231\/revisions"}],"predecessor-version":[{"id":7432,"href":"https:\/\/politecnicoestella.educacion.navarra.es\/web1\/wp-json\/wp\/v2\/pages\/4231\/revisions\/7432"}],"wp:attachment":[{"href":"https:\/\/politecnicoestella.educacion.navarra.es\/web1\/wp-json\/wp\/v2\/media?parent=4231"}],"curies":[{"name":"wp","href":"https:\/\/api.w.org\/{rel}","templated":true}]}}