{"id":3614,"date":"2022-06-03T13:39:22","date_gmt":"2022-06-03T11:39:22","guid":{"rendered":"https:\/\/politecnicoestella.educacion.navarra.es\/web1\/?page_id=3614"},"modified":"2025-09-22T11:22:40","modified_gmt":"2025-09-22T09:22:40","slug":"cursos-de-especializacion","status":"publish","type":"page","link":"https:\/\/politecnicoestella.educacion.navarra.es\/web1\/cursos-de-especializacion\/","title":{"rendered":"Cursos de especializaci\u00f3n"},"content":{"rendered":"\n<p class=\"has-vivid-red-color has-text-color has-medium-font-size\"><strong>Programaciones no disponibles, en proceso de actualizaci\u00f3n.<\/strong><\/p>\n\n\n\n<h4>Inform\u00e1tica y Comunicaciones<\/h4>\n\n\n\n<ul><li>Desarrollo de videojuegos y realidad virtual (DV)<ul><li><a href=\"https:\/\/www.todofp.es\/que-estudiar\/loe\/informatica-comunicaciones\/ce-desarrollo-videojuegos-realidad-virtual.html\">Curr\u00edculo<\/a><\/li><li><a rel=\"noreferrer noopener\" href=\"https:\/\/docs.google.com\/document\/d\/1to9YBoroBMxTCu16Zfrti6VERMKEPTCh1T6f9YTed-4\/edit?usp=sharing\" target=\"_blank\">Especificaciones<\/a><\/li><li><a href=\"https:\/\/politecnicoestella.educacion.navarra.es\/web1\/programaciones-del-curso-de-especializacion-en-desarrollo-de-videojuegos-y-realidad-virtual-dv\/\">Programaci\u00f3n<\/a><\/li><\/ul><\/li><\/ul>\n\n\n\n<p><\/p>\n\n\n\n<h4>Formas de acceso a un curso de especializaci\u00f3n<\/h4>\n\n\n\n<p>Debes tener una de las titulaciones de T\u00e9cnico\/a o de T\u00e9cnico\/a Superior especificadas como requisito de acceso en el Real Decreto por el que se crea cada uno de los&nbsp;<a href=\"https:\/\/www.todofp.es\/que-estudiar\/ciclos\/curso-especializacion.html\">Cursos de Especializaci\u00f3n<\/a>.<\/p>\n","protected":false},"excerpt":{"rendered":"<p>Programaciones no disponibles, en proceso de actualizaci\u00f3n. Inform\u00e1tica y Comunicaciones Desarrollo de videojuegos y realidad virtual (DV) Curr\u00edculo Especificaciones Programaci\u00f3n Formas de acceso a un curso de especializaci\u00f3n Debes tener una de las titulaciones de T\u00e9cnico\/a o de T\u00e9cnico\/a Superior especificadas como requisito de acceso en el Real Decreto por el que se crea cada [&hellip;]<\/p>\n","protected":false},"author":47,"featured_media":0,"parent":0,"menu_order":0,"comment_status":"closed","ping_status":"closed","template":"","meta":{"_genesis_hide_title":false,"_genesis_hide_breadcrumbs":false,"_genesis_hide_singular_image":false,"_genesis_hide_footer_widgets":false,"_genesis_custom_body_class":"","_genesis_custom_post_class":"","_genesis_layout":""},"_links":{"self":[{"href":"https:\/\/politecnicoestella.educacion.navarra.es\/web1\/wp-json\/wp\/v2\/pages\/3614"}],"collection":[{"href":"https:\/\/politecnicoestella.educacion.navarra.es\/web1\/wp-json\/wp\/v2\/pages"}],"about":[{"href":"https:\/\/politecnicoestella.educacion.navarra.es\/web1\/wp-json\/wp\/v2\/types\/page"}],"author":[{"embeddable":true,"href":"https:\/\/politecnicoestella.educacion.navarra.es\/web1\/wp-json\/wp\/v2\/users\/47"}],"replies":[{"embeddable":true,"href":"https:\/\/politecnicoestella.educacion.navarra.es\/web1\/wp-json\/wp\/v2\/comments?post=3614"}],"version-history":[{"count":14,"href":"https:\/\/politecnicoestella.educacion.navarra.es\/web1\/wp-json\/wp\/v2\/pages\/3614\/revisions"}],"predecessor-version":[{"id":8695,"href":"https:\/\/politecnicoestella.educacion.navarra.es\/web1\/wp-json\/wp\/v2\/pages\/3614\/revisions\/8695"}],"wp:attachment":[{"href":"https:\/\/politecnicoestella.educacion.navarra.es\/web1\/wp-json\/wp\/v2\/media?parent=3614"}],"curies":[{"name":"wp","href":"https:\/\/api.w.org\/{rel}","templated":true}]}}