{"id":352,"date":"2019-12-19T10:47:30","date_gmt":"2019-12-19T09:47:30","guid":{"rendered":"https:\/\/politecnicoestella.educacion.navarra.es\/web1\/?page_id=352"},"modified":"2026-03-25T12:28:08","modified_gmt":"2026-03-25T11:28:08","slug":"formacion-profesional-especial","status":"publish","type":"page","link":"https:\/\/politecnicoestella.educacion.navarra.es\/web1\/formacion-profesional-especial\/","title":{"rendered":"Formaci\u00f3n Profesional Especial"},"content":{"rendered":"<h4>Hosteler\u00eda y Turismo<\/h4>\n<ul>\n<li><span style=\"font-weight: 400;\">Auxiliar en <\/span><span style=\"font-weight: 400;\">Cocina<\/span><span style=\"font-weight: 400;\">\u00a0(en Navarra)<\/span>\n<ul>\n<li><a href=\"http:\/\/www.lexnavarra.navarra.es\/detalle.asp?r=39333\">Curr\u00edculo<\/a><\/li>\n<li><a href=\"https:\/\/docs.google.com\/document\/d\/1OI5JwH1joEcXMms-ELPeNaQEnQ-jx8s1rumiNtPNZa4\/edit\" target=\"_blank\" rel=\"noreferrer noopener\">Especificaciones<\/a><\/li>\n<li><a href=\"https:\/\/politecnicoestella.educacion.navarra.es\/web1\/programaciones-del-ciclo-auxiliar-en-cocina\/\">Programaci\u00f3n<\/a><\/li>\n<li><a href=\"https:\/\/politecnicoestella.educacion.navarra.es\/web1\/diptico-fp-especial-auxiliar-en-cocina\/\">Mas informaci\u00f3n<\/a><\/li>\n<\/ul>\n<\/li>\n<\/ul>\n<h4><strong>Comercio y Marketing<\/strong><\/h4>\n<ul>\n<li>Auxiliar en Servicios Generales de Comercio (en Navarra)\n<ul>\n<li><a href=\"http:\/\/www.lexnavarra.navarra.es\/detalle.asp?r=39238\" target=\"_blank\" rel=\"noreferrer noopener\">Curr\u00edculo<\/a><\/li>\n<li><a href=\"https:\/\/docs.google.com\/document\/d\/1BQEG4zLH9dmNzThZpj8hqr1TO5Cf1mldTDYHUtb-WKE\/edit\" target=\"_blank\" rel=\"noopener\">Especificaciones<\/a><\/li>\n<li><a href=\"https:\/\/politecnicoestella.educacion.navarra.es\/web1\/programaciones-del-ciclo-auxiliar-en-servicios-generales-de-comercio\/\">Programaci\u00f3n<\/a><\/li>\n<li><a href=\"https:\/\/politecnicoestella.educacion.navarra.es\/web1\/diptico-fp-especial-auxiliar-en-servicios-generales-de-comercio\/\">Mas informaci\u00f3n<\/a><\/li>\n<\/ul>\n<\/li>\n<\/ul>\n\n\n<p><\/p>\n","protected":false},"excerpt":{"rendered":"<p>Hosteler\u00eda y Turismo Auxiliar en Cocina\u00a0(en Navarra) Curr\u00edculo Especificaciones Programaci\u00f3n Mas informaci\u00f3n Comercio y Marketing Auxiliar en Servicios Generales de Comercio (en Navarra) Curr\u00edculo Especificaciones Programaci\u00f3n Mas informaci\u00f3n<\/p>\n","protected":false},"author":3,"featured_media":0,"parent":0,"menu_order":0,"comment_status":"closed","ping_status":"closed","template":"","meta":{"_genesis_hide_title":false,"_genesis_hide_breadcrumbs":false,"_genesis_hide_singular_image":false,"_genesis_hide_footer_widgets":false,"_genesis_custom_body_class":"","_genesis_custom_post_class":"","_genesis_layout":""},"_links":{"self":[{"href":"https:\/\/politecnicoestella.educacion.navarra.es\/web1\/wp-json\/wp\/v2\/pages\/352"}],"collection":[{"href":"https:\/\/politecnicoestella.educacion.navarra.es\/web1\/wp-json\/wp\/v2\/pages"}],"about":[{"href":"https:\/\/politecnicoestella.educacion.navarra.es\/web1\/wp-json\/wp\/v2\/types\/page"}],"author":[{"embeddable":true,"href":"https:\/\/politecnicoestella.educacion.navarra.es\/web1\/wp-json\/wp\/v2\/users\/3"}],"replies":[{"embeddable":true,"href":"https:\/\/politecnicoestella.educacion.navarra.es\/web1\/wp-json\/wp\/v2\/comments?post=352"}],"version-history":[{"count":29,"href":"https:\/\/politecnicoestella.educacion.navarra.es\/web1\/wp-json\/wp\/v2\/pages\/352\/revisions"}],"predecessor-version":[{"id":9427,"href":"https:\/\/politecnicoestella.educacion.navarra.es\/web1\/wp-json\/wp\/v2\/pages\/352\/revisions\/9427"}],"wp:attachment":[{"href":"https:\/\/politecnicoestella.educacion.navarra.es\/web1\/wp-json\/wp\/v2\/media?parent=352"}],"curies":[{"name":"wp","href":"https:\/\/api.w.org\/{rel}","templated":true}]}}