{"id":350,"date":"2019-12-19T10:46:47","date_gmt":"2019-12-19T09:46:47","guid":{"rendered":"https:\/\/politecnicoestella.educacion.navarra.es\/web1\/?page_id=350"},"modified":"2025-11-27T11:42:40","modified_gmt":"2025-11-27T10:42:40","slug":"formacion-profesional-basica-fpb","status":"publish","type":"page","link":"https:\/\/politecnicoestella.educacion.navarra.es\/web1\/formacion-profesional-basica-fpb\/","title":{"rendered":"Ciclos Formativos de Grado B\u00e1sico (CFGB)"},"content":{"rendered":"\n<p class=\"has-vivid-red-color has-text-color has-medium-font-size\"><\/p>\n\n\n\n<div class=\"wp-block-columns\">\n<div class=\"wp-block-column is-vertically-aligned-top\">\n<h4>Electricidad y Electr\u00f3nica<\/h4>\n<ul>\n<li><a href=\"http:\/\/www.lexnavarra.navarra.es\/detalle.asp?r=34794\">CFGB de Electricidad y Electr\u00f3nica (PT)<\/a>&nbsp;<\/li>\n<\/ul>\n<ul>\n<li style=\"list-style-type: none;\">\n<ul>\n<li><a href=\"http:\/\/www.educacion.navarra.es\/documents\/27590\/705354\/DF_72_2014_FPB_Electricidad+y+Elect\u00f3nica.pdf\/82a89d8b-1a7c-410d-8922-237c2a92b959\" target=\"_blank\" rel=\"noopener noreferrer\">Curr\u00edculo<\/a><\/li>\n<li><a href=\"https:\/\/docs.google.com\/document\/d\/1GuJUJQIE5GZH6UjSdRjTjVaC2UWpYXSpfaLTNkNysyY\/edit\" target=\"_blank\" rel=\"noopener noreferrer\">Especificaciones<\/a><\/li>\n<li><a href=\".\/programaciones-del-ciclo-de-electricidad-electronica-pt\/\">Programaci\u00f3n<\/a><\/li>\n<\/ul>\n<\/li>\n<\/ul>\n<\/div>\n\n\n\n<div class=\"wp-block-column\">\n<div class=\"wp-block-image is-style-rounded\"><figure class=\"aligncenter size-large\"><img loading=\"lazy\" width=\"1024\" height=\"768\" src=\"https:\/\/politecnicoestella.educacion.navarra.es\/web1\/wp-content\/uploads\/2025\/01\/TeslaEdison2-1024x768.jpg\" alt=\"\" class=\"wp-image-7364\" srcset=\"https:\/\/politecnicoestella.educacion.navarra.es\/web1\/wp-content\/uploads\/2025\/01\/TeslaEdison2-1024x768.jpg 1024w, https:\/\/politecnicoestella.educacion.navarra.es\/web1\/wp-content\/uploads\/2025\/01\/TeslaEdison2-300x225.jpg 300w, https:\/\/politecnicoestella.educacion.navarra.es\/web1\/wp-content\/uploads\/2025\/01\/TeslaEdison2-768x576.jpg 768w, https:\/\/politecnicoestella.educacion.navarra.es\/web1\/wp-content\/uploads\/2025\/01\/TeslaEdison2-1536x1152.jpg 1536w, https:\/\/politecnicoestella.educacion.navarra.es\/web1\/wp-content\/uploads\/2025\/01\/TeslaEdison2.jpg 1600w\" sizes=\"(max-width: 1024px) 100vw, 1024px\" \/><\/figure><\/div>\n<\/div>\n<\/div>\n\n\n<h4>Hosteler\u00eda y Turismo<\/h4>\n<ul>\n<li><a href=\"\/web\/index.php\/es\/fp-basica\/fp-basica-adaptada-de-cocina-y-restauracion-pb-oferta-2015-16\">CFGB de Cocina y restauraci\u00f3n (PC)<\/a>\n<ul>\n<li><a href=\"http:\/\/www.lexnavarra.navarra.es\/detalle.asp?r=34868\" target=\"_blank\" rel=\"noopener noreferrer\">Curr\u00edculo<\/a><\/li>\n<li><a href=\"https:\/\/docs.google.com\/document\/d\/1noY2wr8fY5OJTwKLVSJFfXbjDwEHo5fVZ8FX6zgn6O0\/edit\" target=\"_blank\" rel=\"noopener noreferrer\">Especificaciones<\/a><\/li>\n<li><a href=\".\/programaciones-del-ciclo-de-cocina-y-restauracion-pc\/\">Programaci\u00f3n<\/a><\/li>\n<\/ul>\n<\/li>\n<\/ul>\n<h4>Formas de acceso a CFGB:<\/h4>\n<p>Podr\u00e1n inscribirse en estas ense\u00f1anzas, seg\u00fan el&nbsp;<strong>procedimiento establecido en la Orden Foral 67\/2016<\/strong>, de 6 de junio, del Consejero de&nbsp;Educaci\u00f3n, las alumnas y alumnos que&nbsp;<strong>cumplan simult\u00e1neamente los siguientes requisitos<\/strong>&nbsp;(art\u00edculo 41.1 de la LOE):<\/p>\n<ol>\n<li>Tener cumplidos 15 a\u00f1os o cumplirlos en el a\u00f1o natural en curso.<\/li>\n<li>Haber cursado&nbsp;3\u00ba de ESO, 3\u00ba de PMAR o, excepcionalmente, haber cursado 2\u00ba de ESO, 2\u00ba de PMAR o PCA.<\/li>\n<li>Haber sido propuesta\/o por el equipo docente a las madres, padres o tutores\/as legales para la incorporaci\u00f3n a un ciclo de Grado B\u00e1sico (de conformidad con lo se\u00f1alado en el art\u00edculo 30 de la LOE).<\/li>\n<\/ol>","protected":false},"excerpt":{"rendered":"<p>Electricidad y Electr\u00f3nica CFGB de Electricidad y Electr\u00f3nica (PT)&nbsp; Curr\u00edculo Especificaciones Programaci\u00f3n Hosteler\u00eda y Turismo CFGB de Cocina y restauraci\u00f3n (PC) Curr\u00edculo Especificaciones Programaci\u00f3n Formas de acceso a CFGB: Podr\u00e1n inscribirse en estas ense\u00f1anzas, seg\u00fan el&nbsp;procedimiento establecido en la Orden Foral 67\/2016, de 6 de junio, del Consejero de&nbsp;Educaci\u00f3n, las alumnas y alumnos que&nbsp;cumplan simult\u00e1neamente [&hellip;]<\/p>\n","protected":false},"author":3,"featured_media":0,"parent":0,"menu_order":0,"comment_status":"closed","ping_status":"closed","template":"","meta":{"_genesis_hide_title":false,"_genesis_hide_breadcrumbs":false,"_genesis_hide_singular_image":false,"_genesis_hide_footer_widgets":false,"_genesis_custom_body_class":"","_genesis_custom_post_class":"","_genesis_layout":""},"_links":{"self":[{"href":"https:\/\/politecnicoestella.educacion.navarra.es\/web1\/wp-json\/wp\/v2\/pages\/350"}],"collection":[{"href":"https:\/\/politecnicoestella.educacion.navarra.es\/web1\/wp-json\/wp\/v2\/pages"}],"about":[{"href":"https:\/\/politecnicoestella.educacion.navarra.es\/web1\/wp-json\/wp\/v2\/types\/page"}],"author":[{"embeddable":true,"href":"https:\/\/politecnicoestella.educacion.navarra.es\/web1\/wp-json\/wp\/v2\/users\/3"}],"replies":[{"embeddable":true,"href":"https:\/\/politecnicoestella.educacion.navarra.es\/web1\/wp-json\/wp\/v2\/comments?post=350"}],"version-history":[{"count":23,"href":"https:\/\/politecnicoestella.educacion.navarra.es\/web1\/wp-json\/wp\/v2\/pages\/350\/revisions"}],"predecessor-version":[{"id":8960,"href":"https:\/\/politecnicoestella.educacion.navarra.es\/web1\/wp-json\/wp\/v2\/pages\/350\/revisions\/8960"}],"wp:attachment":[{"href":"https:\/\/politecnicoestella.educacion.navarra.es\/web1\/wp-json\/wp\/v2\/media?parent=350"}],"curies":[{"name":"wp","href":"https:\/\/api.w.org\/{rel}","templated":true}]}}