{"id":348,"date":"2019-12-19T10:45:54","date_gmt":"2019-12-19T09:45:54","guid":{"rendered":"https:\/\/politecnicoestella.educacion.navarra.es\/web1\/?page_id=348"},"modified":"2026-04-15T09:29:04","modified_gmt":"2026-04-15T07:29:04","slug":"ciclos-formativos-de-grado-superior-cfgs","status":"publish","type":"page","link":"https:\/\/politecnicoestella.educacion.navarra.es\/web1\/ciclos-formativos-de-grado-superior-cfgs\/","title":{"rendered":"Ciclos formativos de Grado Superior (CFGS)"},"content":{"rendered":"<h4>Administraci\u00f3n y Gesti\u00f3n<\/h4>\n<ul>\n<li>Administraci\u00f3n y finanzas (AD)\n<ul>\n<li><a href=\"http:\/\/www.lexnavarra.navarra.es\/detalle.asp?r=33076\" target=\"_blank\" rel=\"noopener noreferrer\">Curr\u00edculo<\/a><\/li>\n<li><a href=\"https:\/\/docs.google.com\/document\/d\/1xvMpEr6HHTkSzDkmbCk_nhHz2jU_zDk7U2tTKbyUcDE\/edit\" target=\"_blank\" rel=\"noopener noreferrer\">Especificaciones<\/a><\/li>\n<li><a href=\".\/programaciones-del-ciclo-de-administracion-y-finanzas-ad\/\">Programaci\u00f3n<\/a><\/li>\n<\/ul>\n<\/li>\n<\/ul>\n<h4>Inform\u00e1tica y Comunicaciones<\/h4>\n<ul>\n<li>Administraci\u00f3n de sistemas inform\u00e1ticos en red (AS)\n<ul>\n<li><a href=\"https:\/\/bon.navarra.es\/es\/anuncio\/-\/texto\/2010\/128\/0\/\" target=\"_blank\" rel=\"noopener noreferrer\">Curr\u00edculo<\/a><\/li>\n<li><a href=\"https:\/\/docs.google.com\/document\/d\/1tVWcm5b6VZcBVpj0gNA-_tyH8zeG94MwU5UFg91JTc0\/edit\" target=\"_blank\" rel=\"noopener noreferrer\">Especificaciones<\/a><\/li>\n<li><a href=\".\/programaciones-del-ciclo-de-administracion-de-sistemas-informaticos-en-red-as\/\">Programaci\u00f3n<\/a><\/li>\n<\/ul>\n<\/li>\n<li>Desarrollo de aplicaciones web ONLINE (DW)\n<ul>\n<li><a href=\"https:\/\/bon.navarra.es\/es\/anuncio\/-\/texto\/2011\/226\/0\/\" target=\"_blank\" rel=\"noopener noreferrer\">Curr\u00edculo<\/a><\/li>\n<li><a href=\"https:\/\/docs.google.com\/document\/d\/1Jor7jzUi4gqxzhBo0nsGqHQPvFk7BwDO3p9L7YG5pDc\/edit\" target=\"_blank\" rel=\"noopener noreferrer\">Especificaciones<\/a><\/li>\n<li><a href=\".\/programaciones-del-ciclo-de-desarrollo-de-aplicaciones-web-dw\/\">Programaci\u00f3n<\/a><\/li>\n<li><a href=\"https:\/\/politecnicoestella.educacion.navarra.es\/web1\/informacion-general-ciclos-daw-dam\/\">Informaci\u00f3n<\/a><\/li>\n<li><a href=\".\/preguntas-frecuentes-ciclos-online\/\">Preguntas frecuentes ciclos online<\/a><\/li>\n<\/ul>\n<\/li>\n<li>Desarrollo de aplicaciones multiplataforma ONLINE (DM)\n<ul>\n<li><a href=\"https:\/\/bon.navarra.es\/es\/anuncio\/-\/texto\/2011\/216\/2\/\" target=\"_blank\" rel=\"noopener noreferrer\">Curr\u00edculo<\/a><\/li>\n<li><a href=\"https:\/\/docs.google.com\/document\/d\/1oqnd7vgN8-AdXd187YUqKduBBLYM8jU54IQZk--td9A\/edit\" target=\"_blank\" rel=\"noopener noreferrer\">Especificaciones<\/a><\/li>\n<li><a href=\".\/programaciones-del-ciclo-de-desarrollo-de-aplicaciones-multiplataforma-dm\/\">Programaci\u00f3n<\/a><\/li>\n<li>Informaci\u00f3n<\/li>\n<li><a href=\".\/preguntas-frecuentes-ciclos-online\/\">Preguntas frecuentes ciclos online<\/a><\/li>\n<\/ul>\n<\/li>\n<\/ul>\n<h4>Instalaciones y Mantenimiento<\/h4>\n<ul>\n<li>Mecatr\u00f3nica industrial (MI)\n<ul>\n<li><a href=\"https:\/\/bon.navarra.es\/es\/anuncio\/-\/texto\/2012\/240\/0\/\" target=\"_blank\" rel=\"noopener noreferrer\">Curr\u00edculo<\/a><\/li>\n<li><a href=\"https:\/\/docs.google.com\/document\/d\/1s33lpKWTxm2Ua53p8hkpdptFHUpSAxGPSkfCuNcKUks\/edit\" target=\"_blank\" rel=\"noopener noreferrer\">Especificaciones<\/a><\/li>\n<li><a href=\".\/programaciones-del-ciclo-de-mecatronica-industrial-mi\/\">Programaci\u00f3n<\/a><\/li>\n<\/ul>\n<\/li>\n<\/ul>\n<h4>Hosteler\u00eda y Turismo<\/h4>\n<ul>\n<li>Gu\u00eda, informaci\u00f3n y asistencias tur\u00edsticas (GT)\n<ul>\n<li><a href=\"http:\/\/www.lexnavarra.navarra.es\/detalle.asp?r=51705#Ar.1\" target=\"_blank\" rel=\"noopener noreferrer\">Curr\u00edculo<\/a><\/li>\n<li><a href=\"https:\/\/docs.google.com\/document\/d\/1wOgxuigp1M2LXjAwC8dPrv54hysOHi4Z_jrjVwxAAY8\/edit\" target=\"_blank\" rel=\"noopener noreferrer\">Especificaciones<\/a><\/li>\n<li><a href=\".\/programaciones-del-ciclo-de-guia-informacion-y-asistencias-turisticas-gt\/\">Programaci\u00f3n<\/a><\/li>\n<li><a href=\"https:\/\/politecnicoestella.educacion.navarra.es\/web1\/diptico-de-guia-informacion-y-asistencias-turisticas-gt\/\">Mas informaci\u00f3n<\/a><\/li>\n<\/ul>\n<\/li>\n<\/ul>\n<h4>Electricidad y Electr\u00f3nica<\/h4>\n<div>\n<ul>\n<li>Automatizaci\u00f3n y Rob\u00f3tica Industrial (AR)\n<ul>\n<li><a href=\"http:\/\/www.lexnavarra.navarra.es\/detalle.asp?r=27141\" target=\"_blank\" rel=\"noopener\" data-saferedirecturl=\"https:\/\/www.google.com\/url?q=http:\/\/www.lexnavarra.navarra.es\/detalle.asp?r%3D27141&amp;source=gmail&amp;ust=1649492159747000&amp;usg=AOvVaw264C8ETHYB6yV2Uf_CUWbc\">Curr\u00edculo<\/a><\/li>\n<li><a href=\"https:\/\/docs.google.com\/document\/d\/1p8rNd59r5S9g8XJIyPwdnRY52beYoiN0TWb-PC5qD9M\/edit?usp=sharing\" target=\"_blank\" rel=\"noopener\" data-saferedirecturl=\"https:\/\/www.google.com\/url?q=https:\/\/docs.google.com\/document\/d\/1p8rNd59r5S9g8XJIyPwdnRY52beYoiN0TWb-PC5qD9M\/edit?usp%3Dsharing&amp;source=gmail&amp;ust=1649492159747000&amp;usg=AOvVaw0VVfjCWmSBXLGhS1T2j0XY\">Especificaciones<\/a><\/li>\n<li><a href=\"https:\/\/politecnicoestella.educacion.navarra.es\/web1\/programaciones-del-ciclo-de-automatizacion-y-robotica-industrial-ar\/\">Programaciones<\/a><\/li>\n<li>M\u00e1s informaci\u00f3n:\n<ul>\n<li><a href=\"https:\/\/politecnicoestella.educacion.navarra.es\/web1\/diptico-automatizacion-y-robotica-industrial-ari\/\">D\u00edptico<\/a><\/li>\n<li><a href=\"https:\/\/politecnicoestella.educacion.navarra.es\/web1\/video-automatizacion-y-robotica-industrial-ar\/\">V\u00eddeo<\/a><\/li>\n<\/ul>\n<\/li>\n<\/ul>\n<\/li>\n<\/ul>\n<h4>Sanidad<\/h4>\n<ul>\n<li>Documentaci\u00f3n y Administraci\u00f3n Sanitarias (DS)\n<ul>\n<li><a href=\"https:\/\/www.boe.es\/eli\/es\/rd\/2014\/09\/12\/768\">Curr\u00edculo<\/a>\u00a0(normativa estatal)<\/li>\n<li><a href=\"https:\/\/docs.google.com\/document\/d\/1M0Ux7haiLRQspXbx3MNmeRpAQGYVSf3ahS_O51599ag\/edit?usp=sharing\">Especificaciones\u00a0<\/a><\/li>\n<li><a href=\"https:\/\/politecnicoestella.educacion.navarra.es\/web1\/programaciones-del-ciclo-de-documentacion-y-administracion-sanitarias-2\/\">Programaciones<\/a><\/li>\n<li><a href=\"https:\/\/politecnicoestella.educacion.navarra.es\/web1\/diptico-de-documentacion-y-administracion-sanitarias-ds\/\">Mas informaci\u00f3n<\/a><\/li>\n<\/ul>\n<\/li>\n<\/ul>\n<h4>Servicios socioculturales y a la comunidad<\/h4>\n<ul>\n<li>Educaci\u00f3n Infantil (EI)\n<ul>\n<li><a href=\"http:\/\/www.lexnavarra.navarra.es\/detalle.asp?r=29735\">Curr\u00edculo<\/a><\/li>\n<li><a href=\"https:\/\/docs.google.com\/document\/d\/1y98PrMMLxeQc0b5uQHtBl51-uBfemEGOAbgMZAjACvc\/edit?usp=sharing\">Especificaciones\u00a0<\/a><\/li>\n<li><a href=\"https:\/\/politecnicoestella.educacion.navarra.es\/web1\/programaciones-del-ciclo-de-educacion-infantil\/\">Programaciones\u00a0<\/a><\/li>\n<li>Mas informaci\u00f3n\n<ul>\n<li><a href=\"https:\/\/politecnicoestella.educacion.navarra.es\/web1\/diptico-de-educacion-infantil-ei\/\">D\u00edptico<\/a><\/li>\n<\/ul>\n<\/li>\n<\/ul>\n<\/li>\n<\/ul>\n<h4>\u00a0<\/h4>\n<h4><span style=\"color: #003366;\"><span style=\"color: #99cc00;\">Formas de acceso a un CFGS:<\/span>\u00a0<\/span><\/h4>\n<p>Debes cumplir\u00a0<strong>alguno<\/strong>\u00a0de los siguientes requisitos:<\/p>\n<ul id=\"block-12841508-0fd8-45df-aa76-236590e3eba2\" class=\"block-editor-rich-text__editable block-editor-block-list__block wp-block is-selected wp-block-list rich-text\" tabindex=\"0\" role=\"document\" contenteditable=\"true\" aria-multiline=\"true\" aria-label=\"Bloque: Lista\" data-block=\"12841508-0fd8-45df-aa76-236590e3eba2\" data-type=\"core\/list\" data-title=\"Lista\">\n<li>Estar en posesi\u00f3n de alguno de los siguientes t\u00edtulos:\n<ul>\n<li>T\u00edtulo de T\u00e9cnica\/o de Formaci\u00f3n Profesional o de Artes Pl\u00e1sticas y Dise\u00f1o.<\/li>\n<li>T\u00edtulo de Bachiller (<a href=\"https:\/\/www.educacion.navarra.es\/documents\/27590\/614384\/2020-21_Acceso+GS+desde+Bachiller.pdf\/4a767757-4438-1a7e-17c5-57026ee565b3\" target=\"_blank\" rel=\"noreferrer noopener\">Preferencias en el acceso a ciclos de GS<\/a>\u00a0seg\u00fan la modalidad de bachiller cursada)<\/li>\n<li>Otras titulaciones de un mayor nivel acad\u00e9mico:\n<ul>\n<li>T\u00edtulo de T\u00e9cnica\/o Superior de FP o de Artes Pl\u00e1sticas y Dise\u00f1o.<\/li>\n<li>T\u00edtulo universitario.<\/li>\n<\/ul>\n<\/li>\n<li>Otras titulaciones de sistemas educativos anteriores: C.O.U \/\u00a0 T\u00edtulo de T\u00e9cnica\/o Especialista \/ 3\u00ba BUP \/ 2\u00ba curso de cualquier modalidad de Bachiller experimental \/ PREU.<\/li>\n<\/ul>\n<\/li>\n<li>Haber superado:\n<ul>\n<li>Prueba de acceso a Ciclos Formativos de Grado Superior (<a href=\"https:\/\/www.educacion.navarra.es\/documents\/27590\/614384\/2020-21_Acceso+GS+desde+PruebasAccesoGS.pdf\/ced8826b-b5ef-d697-0938-b9e2d71035c5\" target=\"_blank\" rel=\"noreferrer noopener\">Preferencias en el acceso a ciclos de GS<\/a> seg\u00fan la modalidad de prueba de acceso de GS de Navarra superada)<\/li>\n<li>Prueba de acceso a la universidad para mayores de 25 a\u00f1os.<\/li>\n<\/ul>\n<\/li>\n<\/ul>\n<\/div>\n\n\n<p><\/p>\n\n\n\n<p><\/p>\n","protected":false},"excerpt":{"rendered":"<p>Administraci\u00f3n y Gesti\u00f3n Administraci\u00f3n y finanzas (AD) Curr\u00edculo Especificaciones Programaci\u00f3n Inform\u00e1tica y Comunicaciones Administraci\u00f3n de sistemas inform\u00e1ticos en red (AS) Curr\u00edculo Especificaciones Programaci\u00f3n Desarrollo de aplicaciones web ONLINE (DW) Curr\u00edculo Especificaciones Programaci\u00f3n Informaci\u00f3n Preguntas frecuentes ciclos online Desarrollo de aplicaciones multiplataforma ONLINE (DM) Curr\u00edculo Especificaciones Programaci\u00f3n Informaci\u00f3n Preguntas frecuentes ciclos online Instalaciones y Mantenimiento Mecatr\u00f3nica [&hellip;]<\/p>\n","protected":false},"author":3,"featured_media":0,"parent":0,"menu_order":0,"comment_status":"closed","ping_status":"closed","template":"","meta":{"_genesis_hide_title":false,"_genesis_hide_breadcrumbs":false,"_genesis_hide_singular_image":false,"_genesis_hide_footer_widgets":false,"_genesis_custom_body_class":"","_genesis_custom_post_class":"","_genesis_layout":""},"_links":{"self":[{"href":"https:\/\/politecnicoestella.educacion.navarra.es\/web1\/wp-json\/wp\/v2\/pages\/348"}],"collection":[{"href":"https:\/\/politecnicoestella.educacion.navarra.es\/web1\/wp-json\/wp\/v2\/pages"}],"about":[{"href":"https:\/\/politecnicoestella.educacion.navarra.es\/web1\/wp-json\/wp\/v2\/types\/page"}],"author":[{"embeddable":true,"href":"https:\/\/politecnicoestella.educacion.navarra.es\/web1\/wp-json\/wp\/v2\/users\/3"}],"replies":[{"embeddable":true,"href":"https:\/\/politecnicoestella.educacion.navarra.es\/web1\/wp-json\/wp\/v2\/comments?post=348"}],"version-history":[{"count":53,"href":"https:\/\/politecnicoestella.educacion.navarra.es\/web1\/wp-json\/wp\/v2\/pages\/348\/revisions"}],"predecessor-version":[{"id":9534,"href":"https:\/\/politecnicoestella.educacion.navarra.es\/web1\/wp-json\/wp\/v2\/pages\/348\/revisions\/9534"}],"wp:attachment":[{"href":"https:\/\/politecnicoestella.educacion.navarra.es\/web1\/wp-json\/wp\/v2\/media?parent=348"}],"curies":[{"name":"wp","href":"https:\/\/api.w.org\/{rel}","templated":true}]}}