{"id":344,"date":"2019-12-19T10:44:55","date_gmt":"2019-12-19T09:44:55","guid":{"rendered":"https:\/\/politecnicoestella.educacion.navarra.es\/web1\/?page_id=344"},"modified":"2026-04-01T14:14:36","modified_gmt":"2026-04-01T12:14:36","slug":"ciclos-formativos-de-grado-medio-cfgm","status":"publish","type":"page","link":"https:\/\/politecnicoestella.educacion.navarra.es\/web1\/ciclos-formativos-de-grado-medio-cfgm\/","title":{"rendered":"Ciclos formativos de Grado Medio (CFGM)"},"content":{"rendered":"<h4><\/h4>\n<h4>Administraci\u00f3n y Gesti\u00f3n<\/h4>\n<ul>\n<li>Gesti\u00f3n administrativa (GA)\n<ul>\n<li><a href=\"http:\/\/www.lexnavarra.navarra.es\/detalle.asp?r=9131\" target=\"_blank\" rel=\"noopener noreferrer\">Curr\u00edculo<\/a><\/li>\n<li><a href=\"https:\/\/docs.google.com\/document\/d\/1euVaUT0pfWj_fxncRBcGmzOID_lPwxRlscbwNYhQpyo\/edit\" target=\"_blank\" rel=\"noopener noreferrer\">Especificaciones<\/a><\/li>\n<li><a href=\".\/programaciones-del-ciclo-gestion-administrativa-ga\/\">Programaci\u00f3n<\/a><\/li>\n<\/ul>\n<\/li>\n<\/ul>\n<h4>Sanidad<\/h4>\n<ul>\n<li>Cuidados auxiliares de enfermer\u00eda (EN)\n<ul>\n<li><a href=\"https:\/\/bon.navarra.es\/es\/anuncio\/-\/texto\/1996\/66\/2\/\" target=\"_blank\" rel=\"noopener noreferrer\">Curr\u00edculo<\/a><\/li>\n<li><a href=\"https:\/\/docs.google.com\/document\/d\/1mzunwJ1yvnWElR6z3B2po0dvXvPLcL8i3AYXgwqxwKE\/edit\" target=\"_blank\" rel=\"noopener noreferrer\">Especificaciones<\/a><\/li>\n<li><a href=\".\/programaciones-del-ciclo-cuidados-auxiliares-de-enfermeria-en\/\" rel=\"noopener\">Programaci\u00f3n<\/a><\/li>\n<li><a href=\"https:\/\/politecnicoestella.educacion.navarra.es\/web1\/diptico-de-cuidados-auxiliares-de-enfermeria-en\/\">Mas informaci\u00f3n<\/a><\/li>\n<\/ul>\n<\/li>\n<li>\n<div>Cuidados auxiliares de enfermer\u00eda &#8211; semipresencial (ENS)<\/div>\n<ul>\n<li>\n<div><a href=\"https:\/\/bon.navarra.es\/es\/anuncio\/-\/texto\/1996\/66\/2\/\">Curr\u00edculo<\/a><\/div>\n<\/li>\n<li>\n<div><a href=\"https:\/\/docs.google.com\/document\/d\/11McVDAi3o1rH9jW6ngbovjh5VDdEjMuXrA4y3Nohfyc\/edit\" target=\"_blank\" rel=\"noopener noreferrer\" data-saferedirecturl=\"https:\/\/www.google.com\/url?q=https:\/\/docs.google.com\/document\/d\/11McVDAi3o1rH9jW6ngbovjh5VDdEjMuXrA4y3Nohfyc\/edit&amp;source=gmail&amp;ust=1600964025708000&amp;usg=AFQjCNHzFdkzM90OVLbp5HGrgfvPBp8y_g\">Especificaciones<\/a><\/div>\n<\/li>\n<li>\n<div><a href=\".\/programaciones-del-ciclo-cuidados-auxiliares-de-enfermeria-semipresencial\">Programaci\u00f3n<\/a><\/div>\n<\/li>\n<li><a href=\"https:\/\/politecnicoestella.educacion.navarra.es\/web1\/diptico-de-cuidados-auxiliares-de-enfermeria-semipresencial-ens\/\">Mas informaci\u00f3n<\/a><\/li>\n<\/ul>\n<\/li>\n<\/ul>\n<h4>Fabricaci\u00f3n Mec\u00e1nica<\/h4>\n<ul>\n<li>Mecanizado (MC)\n<ul>\n<li><a href=\"http:\/\/www.lexnavarra.navarra.es\/detalle.asp?r=29711\" target=\"_blank\" rel=\"noopener noreferrer\">Curr\u00edculo<\/a><\/li>\n<li><a href=\"https:\/\/docs.google.com\/document\/d\/1zFJR93zxsxT_tDD4HcZ28UMWIVYuZE3IZCUj7FcJaV0\/edit\" target=\"_blank\" rel=\"noopener noreferrer\">Especificaciones<\/a><\/li>\n<li><a href=\".\/programaciones-del-ciclo-de-mecanizado-mc\/\" rel=\"noopener noreferrer\">Programaci\u00f3n<\/a><\/li>\n<\/ul>\n<\/li>\n<\/ul>\n<h4>Inform\u00e1tica y Comunicaciones<\/h4>\n<ul>\n<li>Sistemas microinform\u00e1ticos y redes (MR)\n<ul>\n<li><a href=\"https:\/\/bon.navarra.es\/es\/anuncio\/-\/texto\/2010\/126\/0\/\" target=\"_blank\" rel=\"noopener noreferrer\">Curr\u00edculo<\/a><\/li>\n<li><a href=\"https:\/\/docs.google.com\/document\/d\/1VQS5ELpBGQoKN2be7wM-9AF-kn0gjMqW-ijFhwddzIw\/edit\" target=\"_blank\" rel=\"noopener noreferrer\">Especificaciones<\/a><\/li>\n<li><a href=\".\/programaciones-del-ciclo-de-sistemas-microinformaticos-y-redes-mr\/\">Programaci\u00f3n<\/a><\/li>\n<\/ul>\n<\/li>\n<\/ul>\n<h4>Instalaciones y Mantenimiento<\/h4>\n<ul>\n<li>Instalaciones frigor\u00edficas y de climatizaci\u00f3n (FC)\n<ul>\n<li><a href=\"https:\/\/bon.navarra.es\/es\/anuncio\/-\/texto\/2015\/255\/0\/\" target=\"_blank\" rel=\"noopener noreferrer\">Curr\u00edculo<\/a><\/li>\n<li><a href=\"https:\/\/docs.google.com\/document\/d\/1dcImAx-1bEOXLzmotiqRyXe947vj0ZoorVbZ9HKjOWk\/edit\" target=\"_blank\" rel=\"noopener noreferrer\">Especificaciones<\/a><\/li>\n<li><a href=\".\/programaciones-del-ciclo-de-instalaciones-frigorificas-y-de-climatizacion-fc\/\">Programaci\u00f3n<\/a><\/li>\n<\/ul>\n<\/li>\n<li>Instalaciones de producci\u00f3n de calor (IC)\n<ul>\n<li><a href=\"http:\/\/www.lexnavarra.navarra.es\/detalle.asp?r=36670\">Curr\u00edculo<\/a><\/li>\n<li><a href=\"https:\/\/docs.google.com\/document\/d\/1IZ5RQp9v3oObyP_sbr_Hr1uAwa0215EzvCnjU1BQKhQ\">Especificaciones<\/a><\/li>\n<li><a href=\"https:\/\/politecnicoestella.educacion.navarra.es\/web1\/programaciones-del-ciclo-de-instalaciones-de-produccion-de-calor-ic\/\">Programaci\u00f3n<\/a><\/li>\n<\/ul>\n<\/li>\n<li>Mantenimiento Electromec\u00e1nico (ME)\n<ul>\n<li><a href=\"https:\/\/bon.navarra.es\/es\/anuncio\/-\/texto\/2012\/238\/1\/\" target=\"_blank\" rel=\"noopener\">Curr\u00edculo<\/a><\/li>\n<li><a href=\"https:\/\/docs.google.com\/document\/d\/1dFgM-N_LGc8RQvD4oRjfPKis5K99n6r2bZ3HPgPrIDQ\">Especificaciones<\/a><\/li>\n<li><a href=\".\/programaciones-del-ciclo-de-mantenimiento-electromecanico-me\/\">Programaci\u00f3n<\/a><\/li>\n<\/ul>\n<\/li>\n<\/ul>\n<h4>Electricidad y electr\u00f3nica<\/h4>\n<ul>\n<li>Instalaciones El\u00e9ctricas y autom\u00e1ticas\u00a0 (EL)\n<ul>\n<li><a href=\"http:\/\/www.lexnavarra.navarra.es\/detalle.asp?r=29843\" target=\"_blank\" rel=\"noopener noreferrer\">Curr\u00edculo<\/a><\/li>\n<li><a href=\"https:\/\/docs.google.com\/document\/d\/1lJ4TLZKvaTE1WxXkxYKZwrpSwvf1Uao3FfPjCWIE4k4\/edit?usp=sharing\" target=\"_self\" rel=\"noopener noreferrer\">Especificaciones<\/a><\/li>\n<li><a href=\".\/programaciones-del-ciclo-instalaciones-electricas-y-automaticas-el\/\">Programaci\u00f3n<\/a><\/li>\n<li>Mas informaci\u00f3n:\n<ul>\n<li><a href=\"https:\/\/politecnicoestella.educacion.navarra.es\/web1\/video-ciclos-electricidad\/\">V\u00eddeo<\/a><\/li>\n<li><a href=\"https:\/\/politecnicoestella.educacion.navarra.es\/web1\/diptico-de-instalaciones-electricas-y-automaticas-el\/\">D\u00edptico<\/a><\/li>\n<\/ul>\n<\/li>\n<\/ul>\n<\/li>\n<\/ul>\n<h4>Servicios socioculturales y a la comunidad<\/h4>\n<ul>\n<li>Atenci\u00f3n a personas en situaci\u00f3n de dependencia (AP)\n<ul>\n<li><a href=\"https:\/\/bon.navarra.es\/es\/anuncio\/-\/texto\/2012\/251\/0\/\" target=\"_blank\" rel=\"noopener noreferrer\">Curr\u00edculo<\/a><\/li>\n<li><a href=\"https:\/\/docs.google.com\/document\/d\/1kfhX7QHA-4ouG0JXWGIyX9VVtBfg9xudQUFXKMNnd0c\/edit\" target=\"_blank\" rel=\"noopener noreferrer\">Especificaciones<\/a><\/li>\n<li><a href=\".\/programaciones-del-ciclo-de-atencion-a-personas-en-situacion-de-dependencia-ap\/\">Programaci\u00f3n<\/a><\/li>\n<li>Mas informaci\u00f3n:\n<ul>\n<li><a href=\"https:\/\/politecnicoestella.educacion.navarra.es\/web1\/diptico-de-atencion-a-personas-en-situacion-de-dependencia-ap\/\">D\u00edptico<\/a><\/li>\n<\/ul>\n<\/li>\n<\/ul>\n<\/li>\n<\/ul>\n<h4>Formas de acceso a un CFGM:<\/h4>\n<p>Debes cumplir\u00a0<strong>alguno<\/strong>\u00a0de los siguientes requisitos:<\/p>\n<ul>\n<li>Tener alguno de los siguientes t\u00edtulos:\n<ul>\n<li>T\u00edtulo de Graduada\/o en Educaci\u00f3n Secundaria Obligatoria<\/li>\n<li>T\u00edtulo Profesional B\u00e1sico (CFGB).<\/li>\n<li>Otros t\u00edtulos acad\u00e9micos del mismo nivel o de mayor nivel educativo:\n<ul>\n<li>T\u00edtulo de T\u00e9cnica\/o de FP, de Artes Pl\u00e1sticas y Dise\u00f1o; T\u00edtulo de T\u00e9cnica\/o Deportiva\/o.<\/li>\n<li>T\u00edtulo de Bachiller.<\/li>\n<li>T\u00edtulo de T\u00e9cnica\/o Superior de Formaci\u00f3n Profesional o de Artes Pl\u00e1sticas y Dise\u00f1o; T\u00edtulo de T\u00e9cnica\/o Deportiva\/o Superior.<\/li>\n<li>T\u00edtulo universitario.<\/li>\n<\/ul>\n<\/li>\n<\/ul>\n<\/li>\n<li>Haber superado:\n<ul>\n<li>La Prueba de acceso a ciclos formativos de Grado Medio.<\/li>\n<li>Otras pruebas de acceso:\n<ul>\n<li>Prueba de acceso a ciclos formativos de Grado Superior.<\/li>\n<li>Prueba de acceso a la universidad para mayores de 25 a\u00f1os.<\/li>\n<\/ul>\n<\/li>\n<li>Curso de formaci\u00f3n espec\u00edfico para el acceso a ciclos de grado medio en centros p\u00fablicos o privados autorizados por la administraci\u00f3n educativa, y tener 17 a\u00f1os cumplidos en el a\u00f1o de finalizaci\u00f3n del curso.<\/li>\n<li>Otras ense\u00f1anzas de sistemas educativos anteriores: Segundo curso de BUP con un m\u00e1ximo de 2 asignaturas pendientes \/ Segundo curso del primer ciclo de REM \/ PREU \/ De las ense\u00f1anzas de Artes Aplicadas y Oficios Art\u00edsticos, el tercer curso del plan de 1963, o el segundo de comunes experimental.<\/li>\n<\/ul>\n<\/li>\n<\/ul>\n<div id=\"cla-00-01\" class=\"elemento\">\n<p class=\"titulo\">\n<\/div>\n","protected":false},"excerpt":{"rendered":"<p>Administraci\u00f3n y Gesti\u00f3n Gesti\u00f3n administrativa (GA) Curr\u00edculo Especificaciones Programaci\u00f3n Sanidad Cuidados auxiliares de enfermer\u00eda (EN) Curr\u00edculo Especificaciones Programaci\u00f3n Mas informaci\u00f3n Cuidados auxiliares de enfermer\u00eda &#8211; semipresencial (ENS) Curr\u00edculo Especificaciones Programaci\u00f3n Mas informaci\u00f3n Fabricaci\u00f3n Mec\u00e1nica Mecanizado (MC) Curr\u00edculo Especificaciones Programaci\u00f3n Inform\u00e1tica y Comunicaciones Sistemas microinform\u00e1ticos y redes (MR) Curr\u00edculo Especificaciones Programaci\u00f3n Instalaciones y Mantenimiento Instalaciones frigor\u00edficas [&hellip;]<\/p>\n","protected":false},"author":3,"featured_media":0,"parent":0,"menu_order":0,"comment_status":"closed","ping_status":"closed","template":"","meta":{"_genesis_hide_title":false,"_genesis_hide_breadcrumbs":false,"_genesis_hide_singular_image":false,"_genesis_hide_footer_widgets":false,"_genesis_custom_body_class":"","_genesis_custom_post_class":"","_genesis_layout":""},"_links":{"self":[{"href":"https:\/\/politecnicoestella.educacion.navarra.es\/web1\/wp-json\/wp\/v2\/pages\/344"}],"collection":[{"href":"https:\/\/politecnicoestella.educacion.navarra.es\/web1\/wp-json\/wp\/v2\/pages"}],"about":[{"href":"https:\/\/politecnicoestella.educacion.navarra.es\/web1\/wp-json\/wp\/v2\/types\/page"}],"author":[{"embeddable":true,"href":"https:\/\/politecnicoestella.educacion.navarra.es\/web1\/wp-json\/wp\/v2\/users\/3"}],"replies":[{"embeddable":true,"href":"https:\/\/politecnicoestella.educacion.navarra.es\/web1\/wp-json\/wp\/v2\/comments?post=344"}],"version-history":[{"count":60,"href":"https:\/\/politecnicoestella.educacion.navarra.es\/web1\/wp-json\/wp\/v2\/pages\/344\/revisions"}],"predecessor-version":[{"id":9479,"href":"https:\/\/politecnicoestella.educacion.navarra.es\/web1\/wp-json\/wp\/v2\/pages\/344\/revisions\/9479"}],"wp:attachment":[{"href":"https:\/\/politecnicoestella.educacion.navarra.es\/web1\/wp-json\/wp\/v2\/media?parent=344"}],"curies":[{"name":"wp","href":"https:\/\/api.w.org\/{rel}","templated":true}]}}