{"id":143,"date":"2019-11-08T13:10:15","date_gmt":"2019-11-08T12:10:15","guid":{"rendered":"https:\/\/politecnicoestella.educacion.navarra.es\/web1\/?page_id=143"},"modified":"2023-05-24T09:16:29","modified_gmt":"2023-05-24T07:16:29","slug":"oferta-de-empleo","status":"publish","type":"page","link":"https:\/\/politecnicoestella.educacion.navarra.es\/web1\/oferta-de-empleo\/","title":{"rendered":"Oferta de empleo"},"content":{"rendered":"\n<ul><li>Al recibo de dicho formulario y en base a su contenido, seleccionaremos candidatos\/as y les informaremos de las condiciones de su oferta de empleo.<\/li><li>Para finalizar, enviaremos a su empresa un informe con los datos de los candidatos\/as interesados.<\/li><\/ul>\n\n\n\n<p>En caso de contratar a alguno de ellos\/as, les agradeceremos nos lo comuniquen para darlos de baja en la Bolsa de empleo. <\/p>\n\n\n\n<p>&nbsp;<strong>TODO ELLO EN EL MARCO&nbsp;DE LA LEY ORG\u00c1NICA 15\/1999, DE PROTECCI\u00d3N DE DATOS PERSONALES.<\/strong><\/p>\n\n\n\n<h3 id=\"formulario\">Formulario para env\u00edo de la Oferta de empleo<\/h3>\n\n\n\n                <div class='gf_browser_gecko gform_wrapper' id='gform_wrapper_3' ><form method='post' enctype='multipart\/form-data'  id='gform_3'  action='\/web1\/wp-json\/wp\/v2\/pages\/143'>\n                        <div class='gform_body'><ul id='gform_fields_3' class='gform_fields top_label form_sublabel_below description_below'><li id='field_3_2'  class='gfield gfield_contains_required field_sublabel_below field_description_below gfield_visibility_visible' ><label class='gfield_label' for='input_3_2' >Nombre de la empresa<span class='gfield_required'>*<\/span><\/label><div class='ginput_container ginput_container_text'><input name='input_2' id='input_3_2' type='text' value='' class='small'     aria-required=\"true\" aria-invalid=\"false\" \/><\/div><\/li><li id='field_3_10'  class='gfield gfield_contains_required field_sublabel_below field_description_below gfield_visibility_visible' ><label class='gfield_label' for='input_3_10' >Poblaci\u00f3n<span class='gfield_required'>*<\/span><\/label><div class='ginput_container ginput_container_text'><input name='input_10' id='input_3_10' type='text' value='' class='medium' maxlength='100'    aria-required=\"true\" aria-invalid=\"false\" \/><\/div><\/li><li id='field_3_3'  class='gfield gfield_contains_required field_sublabel_below field_description_below gfield_visibility_visible' ><label class='gfield_label' for='input_3_3' >E-mail<span class='gfield_required'>*<\/span><\/label><div class='ginput_container ginput_container_email'>\n                            <input name='input_3' id='input_3_3' type='text' value='' class='medium'    aria-required=\"true\" aria-invalid=\"false\" \/>\n                        <\/div><\/li><li id='field_3_14'  class='gfield gfield_contains_required field_sublabel_below field_description_below gfield_visibility_visible' ><label class='gfield_label' for='input_3_14' >Persona de contacto<span class='gfield_required'>*<\/span><\/label><div class='ginput_container ginput_container_text'><input name='input_14' id='input_3_14' type='text' value='' class='medium' maxlength='100'    aria-required=\"true\" aria-invalid=\"false\" \/><\/div><\/li><li id='field_3_15'  class='gfield gfield_contains_required field_sublabel_below field_description_below gfield_visibility_visible' ><label class='gfield_label' for='input_3_15' >Tel\u00e9fono de contacto<span class='gfield_required'>*<\/span><\/label><div class='ginput_container ginput_container_phone'><input name='input_15' id='input_3_15' type='text' value='' class='medium'   aria-required=\"true\" aria-invalid=\"false\"  \/><\/div><\/li><li id='field_3_17'  class='gfield field_sublabel_below field_description_below gfield_visibility_visible' ><label class='gfield_label' for='input_3_17' >Puesto<\/label><div class='ginput_container ginput_container_text'><input name='input_17' id='input_3_17' type='text' value='' class='medium' maxlength='120'     aria-invalid=\"false\" \/><\/div><\/li><li id='field_3_11'  class='gfield field_sublabel_below field_description_below gfield_visibility_visible' ><label class='gfield_label' for='input_3_11' >Funciones a desarrollar<\/label><div class='ginput_container ginput_container_text'><input name='input_11' id='input_3_11' type='text' value='' class='medium' maxlength='150'     aria-invalid=\"false\" \/><\/div><\/li><li id='field_3_12'  class='gfield field_sublabel_below field_description_below gfield_visibility_visible' ><label class='gfield_label' for='input_3_12' >Idiomas<\/label><div class='ginput_container ginput_container_text'><input name='input_12' id='input_3_12' type='text' value='' class='medium'      aria-invalid=\"false\" \/><\/div><\/li><li id='field_3_13'  class='gfield field_sublabel_below field_description_below gfield_visibility_visible' ><label class='gfield_label' for='input_3_13' >Carnet_Conducir<\/label><div class='ginput_container ginput_container_select'><select name='input_13' id='input_3_13' class='medium gfield_select'    aria-invalid=\"false\"><option value='S\u00ed' >S\u00ed<\/option><option value='Preferible' >Preferible<\/option><option value='No' >No<\/option><\/select><\/div><\/li><li id='field_3_18'  class='gfield gfield_contains_required field_sublabel_below field_description_below gfield_visibility_visible' ><label class='gfield_label' for='input_3_18' >PERFIL DE CANDIDATOS.  TITULACI\u00d3N 1<span class='gfield_required'>*<\/span><\/label><div class='ginput_container ginput_container_select'><select name='input_18' id='input_3_18' class='medium gfield_select'   aria-required=\"true\" aria-invalid=\"false\"><option value='' >Selecciona un t\u00edtulo<\/option><option value='2AP' >CFGM Atenci\u00f3n a Personas en Situaci\u00f3n de Dependencia<\/option><option value='2EN' >CFGM Cuidados Auxiliares de Enfermer\u00eda<\/option><option value='2GA' >CFGM Gesti\u00f3n Administrativa<\/option><option value='2EL' >CFGM Instalaciones El\u00e9ctricas y autom\u00e1ticas<\/option><option value='2FC' >CFGM Instalaciones Frigor\u00edficas y de Climatizaci\u00f3n<\/option><option value='2MC' >CFGM Mecanizado<\/option><option value='2IC' >CFGM Instalaciones de producci\u00f3n de calor<\/option><option value='2ME' >CFGM Mantenimiento Electromec\u00e1nico<\/option><option value='2MR' >CFGM Sistemas Microinform\u00e1ticos y Redes<\/option><option value='2AD' >CFGS Administraci\u00f3n y Finanzas<\/option><option value='2AS' >CFGS Administraci\u00f3n de sistemas inform\u00e1ticos en red<\/option><option value='2DM' >CFGS Desarrollo de Aplicaciones Multiplataforma<\/option><option value='2DW' >CFGS Desarrollo de Aplicaciones Web<\/option><option value='2GT' >CFGS Gu\u00eda, informaci\u00f3n y asistencias Tur\u00edsticas<\/option><option value='2AR' >CFGS Automatizaci\u00f3n y Rob\u00f3tica Industrial<\/option><option value='2MI' >CFGS Mecatr\u00f3nica Industrial<\/option><option value='2DS' >CFGS Documentaci\u00f3n y Administraci\u00f3n Sanitarias<\/option><option value='2EI' >CFGS Educaci\u00f3n Infantil<\/option><option value='CAG' >CP Familia Administraci\u00f3n y Gesti\u00f3n<\/option><option value='CCM' >CP Familia Comercio y Marketing<\/option><option value='CEE' >CP Familia Electricidad y Electr\u00f3nica<\/option><option value='CFM' >CP Familia Fabricaci\u00f3n Mec\u00e1nica<\/option><option value='CHT' >CP Familia Hosteler\u00eda y Turismo<\/option><option value='CIC' >CP Familia Inform\u00e1tica y Comunicaciones<\/option><option value='CIM' >CP Familia Instalaci\u00f3n y Mantenimiento<\/option><option value='CSS' >CP Familia Servicios Socioculturales y a la Comunidad<\/option><option value='2PC' >CFPB Cocina y Restauraci\u00f3n<\/option><option value='2PT' >CFPB Electricidad y Electr\u00f3nica<\/option><option value='2PE' >FPE Auxiliar en Servicios Generales de Comercio<\/option><option value='2PF' >FPE Auxiliar en Cocina<\/option><\/select><\/div><\/li><li id='field_3_19'  class='gfield field_sublabel_below field_description_below gfield_visibility_visible' ><label class='gfield_label' for='input_3_19' >PERFIL DE CANDIDATOS.  TITULACI\u00d3N 2<\/label><div class='ginput_container ginput_container_select'><select name='input_19' id='input_3_19' class='medium gfield_select'    aria-invalid=\"false\"><option value='Selecciona un t\u00edtulo' >Selecciona un t\u00edtulo<\/option><option value='2AP' >CFGM Atenci\u00f3n a Personas en Situaci\u00f3n de Dependencia<\/option><option value='2EN' >CFGM Cuidados Auxiliares de Enfermer\u00eda<\/option><option value='2GA' >CFGM Gesti\u00f3n Administrativa<\/option><option value='2EL' >CFGM Instalaciones El\u00e9ctricas y autom\u00e1ticas<\/option><option value='2FC' >CFGM Instalaciones Frigor\u00edficas y de Climatizaci\u00f3n<\/option><option value='2MC' >CFGM Mecanizado<\/option><option value='2IC' >CFGM Instalaciones de producci\u00f3n de calor<\/option><option value='2ME' >CFGM Mantenimiento Electromec\u00e1nico<\/option><option value='2MR' >CFGM Sistemas Microinform\u00e1ticos y Redes<\/option><option value='2AD' >CFGS Administraci\u00f3n y Finanzas<\/option><option value='2AS' >CFGS Administraci\u00f3n de sistemas inform\u00e1ticos en red<\/option><option value='2DM' >CFGS Desarrollo de Aplicaciones Multiplataforma<\/option><option value='2DW' >CFGS Desarrollo de Aplicaciones Web<\/option><option value='2GT' >CFGS Gu\u00eda, informaci\u00f3n y asistencias Tur\u00edsticas<\/option><option value='2AR' >CFGS Automatizaci\u00f3n y Rob\u00f3tica Industrial<\/option><option value='2MI' >CFGS Mecatr\u00f3nica Industrial<\/option><option value='2DS' >CFGS Documentaci\u00f3n y Administraci\u00f3n Sanitarias<\/option><option value='2EI' >CFGS Educaci\u00f3n Infantil<\/option><option value='CAG' >CP Familia Administraci\u00f3n y Gesti\u00f3n<\/option><option value='CCM' >CP Familia Comercio y Marketing<\/option><option value='CEE' >CP Familia Electricidad y Electr\u00f3nica<\/option><option value='CFM' >CP Familia Fabricaci\u00f3n Mec\u00e1nica<\/option><option value='CHT' >CP Familia Hosteler\u00eda y Turismo<\/option><option value='CIC' >CP Familia Inform\u00e1tica y Comunicaciones<\/option><option value='CIM' >CP Familia Instalaci\u00f3n y Mantenimiento<\/option><option value='CSS' >CP Familia Servicios Socioculturales y a la Comunidad<\/option><option value='2PC' >CFPB Cocina y Restauraci\u00f3n<\/option><option value='2PT' >CFPB Electricidad y Electr\u00f3nica<\/option><option value='2PE' >FPE Auxiliar en Servicios Generales de Comercio<\/option><option value='2PF' >FPE Auxiliar en Cocina<\/option><\/select><\/div><\/li><li id='field_3_20'  class='gfield field_sublabel_below field_description_below gfield_visibility_visible' ><label class='gfield_label' for='input_3_20' >PERFIL DE CANDIDATOS.  TITULACI\u00d3N 3<\/label><div class='ginput_container ginput_container_select'><select name='input_20' id='input_3_20' class='medium gfield_select'    aria-invalid=\"false\"><option value='Selecciona un t\u00edtulo' >Selecciona un t\u00edtulo<\/option><option value='2AP' >CFGM Atenci\u00f3n a Personas en Situaci\u00f3n de Dependencia<\/option><option value='2EN' >CFGM Cuidados Auxiliares de Enfermer\u00eda<\/option><option value='2GA' >CFGM Gesti\u00f3n Administrativa<\/option><option value='2EL' >CFGM Instalaciones El\u00e9ctricas y autom\u00e1ticas<\/option><option value='2FC' >CFGM Instalaciones Frigor\u00edficas y de Climatizaci\u00f3n<\/option><option value='2MC' >CFGM Mecanizado<\/option><option value='2IC' >CFGM Instalaciones de producci\u00f3n de calor<\/option><option value='2ME' >CFGM Mantenimiento Electromec\u00e1nico<\/option><option value='2MR' >CFGM Sistemas Microinform\u00e1ticos y Redes<\/option><option value='2AD' >CFGS Administraci\u00f3n y Finanzas<\/option><option value='2AS' >CFGS Administraci\u00f3n de sistemas inform\u00e1ticos en red<\/option><option value='2DM' >CFGS Desarrollo de Aplicaciones Multiplataforma<\/option><option value='2DW' >CFGS Desarrollo de Aplicaciones Web<\/option><option value='2GT' >CFGS Gu\u00eda, informaci\u00f3n y asistencias Tur\u00edsticas<\/option><option value='2AR' >CFGS Automatizaci\u00f3n y Rob\u00f3tica Industrial<\/option><option value='2MI' >CFGS Mecatr\u00f3nica Industrial<\/option><option value='2DS' >CFGS Documentaci\u00f3n y Administraci\u00f3n Sanitarias<\/option><option value='2EI' >CFGS Educaci\u00f3n Infantil<\/option><option value='CAG' >CP Familia Administraci\u00f3n y Gesti\u00f3n<\/option><option value='CCM' >CP Familia Comercio y Marketing<\/option><option value='CEE' >CP Familia Electricidad y Electr\u00f3nica<\/option><option value='CFM' >CP Familia Fabricaci\u00f3n Mec\u00e1nica<\/option><option value='CHT' >CP Familia Hosteler\u00eda y Turismo<\/option><option value='CIC' >CP Familia Inform\u00e1tica y Comunicaciones<\/option><option value='CIM' >CP Familia Instalaci\u00f3n y Mantenimiento<\/option><option value='CSS' >CP Familia Servicios Socioculturales y a la Comunidad<\/option><option value='2PC' >CFPB Cocina y Restauraci\u00f3n<\/option><option value='2PT' >CFPB Electricidad y Electr\u00f3nica<\/option><option value='2PE' >FPE Auxiliar en Servicios Generales de Comercio<\/option><option value='2PF' >FPE Auxiliar en Cocina<\/option><\/select><\/div><\/li><li id='field_3_21'  class='gfield field_sublabel_below field_description_below gfield_visibility_visible' ><label class='gfield_label' for='input_3_21' >PERFIL DE CANDIDATOS.  TITULACI\u00d3N 4<\/label><div class='ginput_container ginput_container_select'><select name='input_21' id='input_3_21' class='medium gfield_select'    aria-invalid=\"false\"><option value='Selecciona un t\u00edtulo' >Selecciona un t\u00edtulo<\/option><option value='2AP' >CFGM Atenci\u00f3n a Personas en Situaci\u00f3n de Dependencia<\/option><option value='2EN' >CFGM Cuidados Auxiliares de Enfermer\u00eda<\/option><option value='2GA' >CFGM Gesti\u00f3n Administrativa<\/option><option value='2EL' >CFGM Instalaciones El\u00e9ctricas y autom\u00e1ticas<\/option><option value='2FC' >CFGM Instalaciones Frigor\u00edficas y de Climatizaci\u00f3n<\/option><option value='2MC' >CFGM Mecanizado<\/option><option value='2IC' >CFGM Instalaciones de producci\u00f3n de calor<\/option><option value='2ME' >CFGM Mantenimiento Electromec\u00e1nico<\/option><option value='2MR' >CFGM Sistemas Microinform\u00e1ticos y Redes<\/option><option value='2AD' >CFGS Administraci\u00f3n y Finanzas<\/option><option value='2AS' >CFGS Administraci\u00f3n de sistemas inform\u00e1ticos en red<\/option><option value='2DM' >CFGS Desarrollo de Aplicaciones Multiplataforma<\/option><option value='2DW' >CFGS Desarrollo de Aplicaciones Web<\/option><option value='2GT' >CFGS Gu\u00eda, informaci\u00f3n y asistencias Tur\u00edsticas<\/option><option value='2AR' >CFGS Automatizaci\u00f3n y Rob\u00f3tica Industrial<\/option><option value='2MI' >CFGS Mecatr\u00f3nica Industrial<\/option><option value='2DS' >CFGS Documentaci\u00f3n y Administraci\u00f3n Sanitarias<\/option><option value='2EI' >CFGS Educaci\u00f3n Infantil<\/option><option value='CAG' >CP Familia Administraci\u00f3n y Gesti\u00f3n<\/option><option value='CCM' >CP Familia Comercio y Marketing<\/option><option value='CEE' >CP Familia Electricidad y Electr\u00f3nica<\/option><option value='CFM' >CP Familia Fabricaci\u00f3n Mec\u00e1nica<\/option><option value='CHT' >CP Familia Hosteler\u00eda y Turismo<\/option><option value='CIC' >CP Familia Inform\u00e1tica y Comunicaciones<\/option><option value='CIM' >CP Familia Instalaci\u00f3n y Mantenimiento<\/option><option value='CSS' >CP Familia Servicios Socioculturales y a la Comunidad<\/option><option value='2PC' >CFPB Cocina y Restauraci\u00f3n<\/option><option value='2PT' >CFPB Electricidad y Electr\u00f3nica<\/option><option value='2PE' >FPE Auxiliar en Servicios Generales de Comercio<\/option><option value='2PF' >FPE Auxiliar en Cocina<\/option><\/select><\/div><\/li><li id='field_3_7'  class='gfield field_sublabel_below field_description_below gfield_visibility_visible' ><label class='gfield_label'  >Confidencialidad<\/label><div class='ginput_container ginput_container_checkbox'><ul class='gfield_checkbox' id='input_3_7'><li class='gchoice_3_7_1'>\n\t\t\t\t\t\t\t\t<input name='input_7.1' type='checkbox'  value='1'  id='choice_3_7_1'   \/>\n\t\t\t\t\t\t\t\t<label for='choice_3_7_1' id='label_3_7_1'>S\u00ed<\/label>\n\t\t\t\t\t\t\t<\/li><\/ul><\/div><\/li><li id='field_3_4'  class='gfield field_sublabel_below field_description_below gfield_visibility_visible' ><label class='gfield_label' for='input_3_4' >Oferta de empleo<\/label><div class='ginput_container ginput_container_fileupload'><input type='hidden' name='MAX_FILE_SIZE' value='1536000' \/><input name='input_4' id='input_3_4' type='file' class='medium' aria-describedby='validation_message_3_4 live_validation_message_3_4 extensions_message_3_4' onchange='javascript:gformValidateFileSize( this, 1536000 );'  \/><span id='extensions_message_3_4' class='screen-reader-text'><\/span><div class='validation_message' id='live_validation_message_3_4'><\/div><\/div><\/li><li id='field_3_16'  class='gfield field_sublabel_below field_description_below gfield_visibility_visible' ><label class='gfield_label' for='input_3_16' >Observaciones<\/label><div class='ginput_container ginput_container_textarea'><textarea name='input_16' id='input_3_16' class='textarea medium'      aria-invalid=\"false\"   rows='10' cols='50'><\/textarea><\/div><\/li><li id='field_3_6'  class='gfield field_sublabel_below field_description_below hidden_label gfield_visibility_visible' ><label class='gfield_label' for='input_3_6' >CAPTCHA<\/label><div id='input_3_6' class='ginput_container ginput_recaptcha' data-sitekey='6LcIO-YUAAAAAOEEjbwcasBqR5ud9cYmyRKgWnVy'  data-theme='light' data-tabindex='-1' data-size='invisible' data-badge='bottomright'><\/div><\/li><li id='field_3_8'  class='gfield gform_hidden field_sublabel_below field_description_below gfield_visibility_visible' ><input name='input_8' id='input_3_8' type='hidden' class='gform_hidden'  aria-invalid=\"false\" value='07\/04\/2026' \/><\/li>\n                            <\/ul><\/div>\n        <div class='gform_footer top_label'> <input type='submit' id='gform_submit_button_3' class='gform_button button' value='Enviar'  onclick='if(window[\"gf_submitting_3\"]){return false;}  window[\"gf_submitting_3\"]=true;  ' onkeypress='if( event.keyCode == 13 ){ if(window[\"gf_submitting_3\"]){return false;} window[\"gf_submitting_3\"]=true;  jQuery(\"#gform_3\").trigger(\"submit\",[true]); }' \/> \n            <input type='hidden' class='gform_hidden' name='is_submit_3' value='1' \/>\n            <input type='hidden' class='gform_hidden' name='gform_submit' value='3' \/>\n            \n            <input type='hidden' class='gform_hidden' name='gform_unique_id' value='' \/>\n            <input type='hidden' class='gform_hidden' name='state_3' value='WyJbXSIsIjExYTU3NmU1NjU4NjMxOGVhMTIwNDg3NTZhMTNmZDhiIl0=' \/>\n            <input type='hidden' class='gform_hidden' name='gform_target_page_number_3' id='gform_target_page_number_3' value='0' \/>\n            <input type='hidden' class='gform_hidden' name='gform_source_page_number_3' id='gform_source_page_number_3' value='1' \/>\n            <input type='hidden' name='gform_field_values' value='' \/>\n            \n        <\/div>\n                        <p style=\"display: none !important;\" class=\"akismet-fields-container\" data-prefix=\"ak_\"><label>&#916;<textarea name=\"ak_hp_textarea\" cols=\"45\" rows=\"8\" maxlength=\"100\"><\/textarea><\/label><input type=\"hidden\" id=\"ak_js_1\" name=\"ak_js\" value=\"6\"\/><script>document.getElementById( \"ak_js_1\" ).setAttribute( \"value\", ( new Date() ).getTime() );<\/script><\/p><\/form>\n                        <\/div><script type='text\/javascript'> jQuery(document).bind('gform_post_render', function(event, formId, currentPage){if(formId == 3) {if(!jQuery('#input_3_10+.ginput_counter').length){jQuery('#input_3_10').textareaCount(    {'maxCharacterSize': 100,    'originalStyle': 'ginput_counter',\t 'truncate': true,\t 'errorStyle' : '',    'displayFormat' : '#input de #max caracteres m\u00e1ximos'    });jQuery('input_3_10').next('.ginput_counter').attr('aria-live','polite');}if(!jQuery('#input_3_14+.ginput_counter').length){jQuery('#input_3_14').textareaCount(    {'maxCharacterSize': 100,    'originalStyle': 'ginput_counter',\t 'truncate': true,\t 'errorStyle' : '',    'displayFormat' : '#input de #max caracteres m\u00e1ximos'    });jQuery('input_3_14').next('.ginput_counter').attr('aria-live','polite');}if(!jQuery('#input_3_17+.ginput_counter').length){jQuery('#input_3_17').textareaCount(    {'maxCharacterSize': 120,    'originalStyle': 'ginput_counter',\t 'truncate': true,\t 'errorStyle' : '',    'displayFormat' : '#input de #max caracteres m\u00e1ximos'    });jQuery('input_3_17').next('.ginput_counter').attr('aria-live','polite');}if(!jQuery('#input_3_11+.ginput_counter').length){jQuery('#input_3_11').textareaCount(    {'maxCharacterSize': 150,    'originalStyle': 'ginput_counter',\t 'truncate': true,\t 'errorStyle' : '',    'displayFormat' : '#input de #max caracteres m\u00e1ximos'    });jQuery('input_3_11').next('.ginput_counter').attr('aria-live','polite');}} } );jQuery(document).bind('gform_post_conditional_logic', function(event, formId, fields, isInit){} );<\/script><script type='text\/javascript'> jQuery(document).ready(function(){jQuery(document).trigger('gform_post_render', [3, 1]) } ); <\/script>\n\n\n<p><\/p>\n","protected":false},"excerpt":{"rendered":"<p>Al recibo de dicho formulario y en base a su contenido, seleccionaremos candidatos\/as y les informaremos de las condiciones de su oferta de empleo. Para finalizar, enviaremos a su empresa un informe con los datos de los candidatos\/as interesados. En caso de contratar a alguno de ellos\/as, les agradeceremos nos lo comuniquen para darlos de [&hellip;]<\/p>\n","protected":false},"author":3,"featured_media":0,"parent":0,"menu_order":0,"comment_status":"closed","ping_status":"closed","template":"","meta":{"_genesis_hide_title":false,"_genesis_hide_breadcrumbs":false,"_genesis_hide_singular_image":false,"_genesis_hide_footer_widgets":false,"_genesis_custom_body_class":"","_genesis_custom_post_class":"","_genesis_layout":""},"_links":{"self":[{"href":"https:\/\/politecnicoestella.educacion.navarra.es\/web1\/wp-json\/wp\/v2\/pages\/143"}],"collection":[{"href":"https:\/\/politecnicoestella.educacion.navarra.es\/web1\/wp-json\/wp\/v2\/pages"}],"about":[{"href":"https:\/\/politecnicoestella.educacion.navarra.es\/web1\/wp-json\/wp\/v2\/types\/page"}],"author":[{"embeddable":true,"href":"https:\/\/politecnicoestella.educacion.navarra.es\/web1\/wp-json\/wp\/v2\/users\/3"}],"replies":[{"embeddable":true,"href":"https:\/\/politecnicoestella.educacion.navarra.es\/web1\/wp-json\/wp\/v2\/comments?post=143"}],"version-history":[{"count":14,"href":"https:\/\/politecnicoestella.educacion.navarra.es\/web1\/wp-json\/wp\/v2\/pages\/143\/revisions"}],"predecessor-version":[{"id":4922,"href":"https:\/\/politecnicoestella.educacion.navarra.es\/web1\/wp-json\/wp\/v2\/pages\/143\/revisions\/4922"}],"wp:attachment":[{"href":"https:\/\/politecnicoestella.educacion.navarra.es\/web1\/wp-json\/wp\/v2\/media?parent=143"}],"curies":[{"name":"wp","href":"https:\/\/api.w.org\/{rel}","templated":true}]}}