{"id":139,"date":"2019-11-08T13:09:07","date_gmt":"2019-11-08T12:09:07","guid":{"rendered":"https:\/\/politecnicoestella.educacion.navarra.es\/web1\/?page_id=139"},"modified":"2019-11-25T11:31:05","modified_gmt":"2019-11-25T10:31:05","slug":"metodologias-activas","status":"publish","type":"page","link":"https:\/\/politecnicoestella.educacion.navarra.es\/web1\/metodologias-activas\/","title":{"rendered":"Metodolog\u00edas activas"},"content":{"rendered":"<p style=\"text-align: justify\">El CI Polit\u00e9cnico de Estella forma parte del programa Kimua, que pretende promover e impulsar la innovaci\u00f3n metodol\u00f3gica en la Formaci\u00f3n Profesional.<\/p>\n<p><img class=\"aligncenter\" src=\"https:\/\/lh5.googleusercontent.com\/rw0xvpuJ_IU35eJNqjyruyhIOKYh1DtPOAMtSZ8S8TVNjYN3ssxSkrK5_dq_fYQR8y0UilK1YX0gMyVreJMxX00FXMzX6PzLaHVzLuuEjL_KzE8bhac=w271\" alt=\"\"><\/p>\n<p style=\"text-align: justify\">El centro ha desarrollado un programa, Creaci\u00f3n de huerto ecol\u00f3gico, con el objetivo de animar la asistencia a clase del alumnado de FP B\u00e1sica y elevar su nivel de titulaci\u00f3n. Para ello se propuso crear un huerto ecol\u00f3gico, fomentar el reciclaje o la alimentaci\u00f3n saludable en colaboraci\u00f3n con alumnado de Educaci\u00f3n Primaria del CPEIP Remontival.<\/p>\n","protected":false},"excerpt":{"rendered":"<p>El CI Polit\u00e9cnico de Estella forma parte del programa Kimua, que pretende promover e impulsar la innovaci\u00f3n metodol\u00f3gica en la Formaci\u00f3n Profesional. El centro ha desarrollado un programa, Creaci\u00f3n de huerto ecol\u00f3gico, con el objetivo de animar la asistencia a clase del alumnado de FP B\u00e1sica y elevar su nivel de titulaci\u00f3n. Para ello se [&hellip;]<\/p>\n","protected":false},"author":3,"featured_media":0,"parent":0,"menu_order":0,"comment_status":"closed","ping_status":"closed","template":"","meta":{"_genesis_hide_title":false,"_genesis_hide_breadcrumbs":false,"_genesis_hide_singular_image":false,"_genesis_hide_footer_widgets":false,"_genesis_custom_body_class":"","_genesis_custom_post_class":"","_genesis_layout":""},"_links":{"self":[{"href":"https:\/\/politecnicoestella.educacion.navarra.es\/web1\/wp-json\/wp\/v2\/pages\/139"}],"collection":[{"href":"https:\/\/politecnicoestella.educacion.navarra.es\/web1\/wp-json\/wp\/v2\/pages"}],"about":[{"href":"https:\/\/politecnicoestella.educacion.navarra.es\/web1\/wp-json\/wp\/v2\/types\/page"}],"author":[{"embeddable":true,"href":"https:\/\/politecnicoestella.educacion.navarra.es\/web1\/wp-json\/wp\/v2\/users\/3"}],"replies":[{"embeddable":true,"href":"https:\/\/politecnicoestella.educacion.navarra.es\/web1\/wp-json\/wp\/v2\/comments?post=139"}],"version-history":[{"count":2,"href":"https:\/\/politecnicoestella.educacion.navarra.es\/web1\/wp-json\/wp\/v2\/pages\/139\/revisions"}],"predecessor-version":[{"id":293,"href":"https:\/\/politecnicoestella.educacion.navarra.es\/web1\/wp-json\/wp\/v2\/pages\/139\/revisions\/293"}],"wp:attachment":[{"href":"https:\/\/politecnicoestella.educacion.navarra.es\/web1\/wp-json\/wp\/v2\/media?parent=139"}],"curies":[{"name":"wp","href":"https:\/\/api.w.org\/{rel}","templated":true}]}}