{"id":1171,"date":"2020-05-11T20:06:15","date_gmt":"2020-05-11T18:06:15","guid":{"rendered":"https:\/\/politecnicoestella.educacion.navarra.es\/web1\/?page_id=1171"},"modified":"2025-09-19T09:01:52","modified_gmt":"2025-09-19T07:01:52","slug":"convocatoria","status":"publish","type":"page","link":"https:\/\/politecnicoestella.educacion.navarra.es\/web1\/convocatoria\/","title":{"rendered":"Convocatoria"},"content":{"rendered":"<h1 class=\"title\">Becas para estancias de formaci\u00f3n en empresas de la Uni\u00f3n Europea para el alumnado de FP &#8211; Curso 2025\/26<\/h1>\n<h3>Para el ALUMNADO<\/h3>\n<p>Acceso a toda la documentaci\u00f3n, ejemplos de CV, Carta de presentaci\u00f3n, normativa y otros.<br \/>\nALUMNADO \u00a0 <span style=\"color: #0000ff;\"><strong><a style=\"color: #0000ff;\" href=\"https:\/\/www.navarra.es\/es\/tramites\/on\/-\/line\/becas-para-estancias-de-formacion-en-empresas-de-la-ue-para-el-alumnado-de-fp\" target=\"_blank\" rel=\"noopener\">+<\/a><a href=\"https:\/\/www.navarra.es\/es\/tramites\/on\/-\/line\/becas-para-estancias-de-formacion-en-empresas-de-la-ue-para-el-alumnado-de-fp\">INF<\/a><\/strong><\/span><\/p>\n<h3>Para el PROFESORADO<\/h3>\n<p>Acceso a toda la documentaci\u00f3n, ejemplos de CV, Carta de presentaci\u00f3n, normativa y otros.<br \/>\nPROFESORADO\u00a0 <a href=\"https:\/\/tramitespersonal.navarra.es\/es\/tramites\/on\/-\/line\/becas-para-estancias-del-profesorado-de-fp-para-formacion-en-centros-y-en-empresas-de-la-union-europea\"><strong><span style=\"color: #0000ff;\">+INF<\/span><\/strong><\/a><\/p>\n<h3><a href=\"https:\/\/drive.google.com\/file\/d\/1xpWq6g91ZsGJvJj5ZZ1VVrzAB2P_RUsf\/view?usp=sharing\"><span style=\"color: #0000ff;\">Instrucciones para curso de idiomas<\/span><\/a><\/h3>\n<h3><strong>AVISO:<\/strong><\/h3>\n<p>En el centro se realizar\u00e1n reuniones informativas con la Responsable de Internacionalizaci\u00f3n del centro (Rosa de ingl\u00e9s), estar al tanto. Se est\u00e1 pasando por los grupos.<\/p>\n<h3><strong>PLAZOS ENTREGA EN CENTRO<\/strong><\/h3>\n<ul>\n<li>Compromiso: 4 de diciembre de 2024 (correo <a href=\"mailto:ofiestel-europa@educacion.navarra.es\">ofiestel-europa@educacion.navarra.es<\/a>)<\/li>\n<li>Curriculum Vitae y Carta de Presentaci\u00f3n: 10 de diciembre de 2024. (correo <a href=\"mailto:ofiestel-europa@educacion.navarra.es\">ofiestel-europa@educacion.navarra.es<\/a>)<\/li>\n<\/ul>\n<figure class=\"wp-block-image\"><a href=\"https:\/\/politecnicoestella.educacion.navarra.es\/web1\/wp-content\/uploads\/2020\/05\/image001.jpg\"><img loading=\"lazy\" class=\"aligncenter size-full wp-image-1172\" src=\"https:\/\/politecnicoestella.educacion.navarra.es\/web1\/wp-content\/uploads\/2020\/05\/image001.jpg\" alt=\"\" width=\"422\" height=\"123\" srcset=\"https:\/\/politecnicoestella.educacion.navarra.es\/web1\/wp-content\/uploads\/2020\/05\/image001.jpg 422w, https:\/\/politecnicoestella.educacion.navarra.es\/web1\/wp-content\/uploads\/2020\/05\/image001-300x87.jpg 300w\" sizes=\"(max-width: 422px) 100vw, 422px\" \/><\/a><\/figure>\n","protected":false},"excerpt":{"rendered":"<p>Becas para estancias de formaci\u00f3n en empresas de la Uni\u00f3n Europea para el alumnado de FP &#8211; Curso 2025\/26 Para el ALUMNADO Acceso a toda la documentaci\u00f3n, ejemplos de CV, Carta de presentaci\u00f3n, normativa y otros. ALUMNADO \u00a0 +INF Para el PROFESORADO Acceso a toda la documentaci\u00f3n, ejemplos de CV, Carta de presentaci\u00f3n, normativa y [&hellip;]<\/p>\n","protected":false},"author":3,"featured_media":556,"parent":0,"menu_order":0,"comment_status":"closed","ping_status":"closed","template":"","meta":{"_genesis_hide_title":false,"_genesis_hide_breadcrumbs":false,"_genesis_hide_singular_image":false,"_genesis_hide_footer_widgets":false,"_genesis_custom_body_class":"","_genesis_custom_post_class":"","_genesis_layout":""},"_links":{"self":[{"href":"https:\/\/politecnicoestella.educacion.navarra.es\/web1\/wp-json\/wp\/v2\/pages\/1171"}],"collection":[{"href":"https:\/\/politecnicoestella.educacion.navarra.es\/web1\/wp-json\/wp\/v2\/pages"}],"about":[{"href":"https:\/\/politecnicoestella.educacion.navarra.es\/web1\/wp-json\/wp\/v2\/types\/page"}],"author":[{"embeddable":true,"href":"https:\/\/politecnicoestella.educacion.navarra.es\/web1\/wp-json\/wp\/v2\/users\/3"}],"replies":[{"embeddable":true,"href":"https:\/\/politecnicoestella.educacion.navarra.es\/web1\/wp-json\/wp\/v2\/comments?post=1171"}],"version-history":[{"count":16,"href":"https:\/\/politecnicoestella.educacion.navarra.es\/web1\/wp-json\/wp\/v2\/pages\/1171\/revisions"}],"predecessor-version":[{"id":8676,"href":"https:\/\/politecnicoestella.educacion.navarra.es\/web1\/wp-json\/wp\/v2\/pages\/1171\/revisions\/8676"}],"wp:featuredmedia":[{"embeddable":true,"href":"https:\/\/politecnicoestella.educacion.navarra.es\/web1\/wp-json\/wp\/v2\/media\/556"}],"wp:attachment":[{"href":"https:\/\/politecnicoestella.educacion.navarra.es\/web1\/wp-json\/wp\/v2\/media?parent=1171"}],"curies":[{"name":"wp","href":"https:\/\/api.w.org\/{rel}","templated":true}]}}