{"id":5905,"date":"2024-02-19T12:11:31","date_gmt":"2024-02-19T11:11:31","guid":{"rendered":"https:\/\/politecnicoestella.educacion.navarra.es\/web1\/?page_id=5905"},"modified":"2024-02-19T12:23:05","modified_gmt":"2024-02-19T11:23:05","slug":"vias-de-comunicacion","status":"publish","type":"page","link":"https:\/\/politecnicoestella.educacion.navarra.es\/web1\/eu\/vias-de-comunicacion\/","title":{"rendered":"V\u00edas de comunicaci\u00f3n"},"content":{"rendered":"\n<p>Pulse en el siguiente enlace para ver las diferentes formas de comunicaci\u00f3n con el centro<\/p>\n\n\n\n<p><a rel=\"noreferrer noopener\" href=\"https:\/\/docs.google.com\/spreadsheets\/d\/e\/2PACX-1vQd5Am3XoXXR0PY846ziK1Y_dDIsiNZ3aEIWdl6uC2pwDvJEI4JA2B3tkEZafjxXFDZEq-H1NgTjWrK\/pubhtml?gid=182678821&amp;single=true\" target=\"_blank\">V\u00edas de comunicaci\u00f3n (Familias &#8211; Centro)<\/a><\/p>\n\n\n\n<p><a href=\"https:\/\/docs.google.com\/spreadsheets\/d\/e\/2PACX-1vQd5Am3XoXXR0PY846ziK1Y_dDIsiNZ3aEIWdl6uC2pwDvJEI4JA2B3tkEZafjxXFDZEq-H1NgTjWrK\/pubhtml?gid=784094949&amp;single=true\" target=\"_blank\" rel=\"noreferrer noopener\">V\u00edas de comunicaci\u00f3n (Centro &#8211; Familias)<\/a><\/p>\n\n\n\n<p><\/p>\n","protected":false},"excerpt":{"rendered":"<p>Pulse en el siguiente enlace para ver las diferentes formas de comunicaci\u00f3n con el centro V\u00edas de comunicaci\u00f3n (Familias &#8211; Centro) V\u00edas de comunicaci\u00f3n (Centro &#8211; Familias)<\/p>\n","protected":false},"author":80,"featured_media":0,"parent":0,"menu_order":0,"comment_status":"closed","ping_status":"closed","template":"","meta":{"_genesis_hide_title":false,"_genesis_hide_breadcrumbs":false,"_genesis_hide_singular_image":false,"_genesis_hide_footer_widgets":false,"_genesis_custom_body_class":"","_genesis_custom_post_class":"","_genesis_layout":""},"_links":{"self":[{"href":"https:\/\/politecnicoestella.educacion.navarra.es\/web1\/eu\/wp-json\/wp\/v2\/pages\/5905"}],"collection":[{"href":"https:\/\/politecnicoestella.educacion.navarra.es\/web1\/eu\/wp-json\/wp\/v2\/pages"}],"about":[{"href":"https:\/\/politecnicoestella.educacion.navarra.es\/web1\/eu\/wp-json\/wp\/v2\/types\/page"}],"author":[{"embeddable":true,"href":"https:\/\/politecnicoestella.educacion.navarra.es\/web1\/eu\/wp-json\/wp\/v2\/users\/80"}],"replies":[{"embeddable":true,"href":"https:\/\/politecnicoestella.educacion.navarra.es\/web1\/eu\/wp-json\/wp\/v2\/comments?post=5905"}],"version-history":[{"count":3,"href":"https:\/\/politecnicoestella.educacion.navarra.es\/web1\/eu\/wp-json\/wp\/v2\/pages\/5905\/revisions"}],"predecessor-version":[{"id":5909,"href":"https:\/\/politecnicoestella.educacion.navarra.es\/web1\/eu\/wp-json\/wp\/v2\/pages\/5905\/revisions\/5909"}],"wp:attachment":[{"href":"https:\/\/politecnicoestella.educacion.navarra.es\/web1\/eu\/wp-json\/wp\/v2\/media?parent=5905"}],"curies":[{"name":"wp","href":"https:\/\/api.w.org\/{rel}","templated":true}]}}