{"id":526,"date":"2020-01-24T12:02:55","date_gmt":"2020-01-24T11:02:55","guid":{"rendered":"https:\/\/politecnicoestella.educacion.navarra.es\/web1\/plan-de-internacionalizacion-del-centro-y-su-seguimiento\/"},"modified":"2020-04-30T10:40:18","modified_gmt":"2020-04-30T08:40:18","slug":"plan-de-internacionalizacion-del-centro-y-su-seguimiento","status":"publish","type":"page","link":"https:\/\/politecnicoestella.educacion.navarra.es\/web1\/eu\/plan-de-internacionalizacion-del-centro-y-su-seguimiento\/","title":{"rendered":"Zentroa nazioarteratzeko plana eta haren jarraipena"},"content":{"rendered":"<p style=\"text-align: justify\"><a href=\"https:\/\/politecnicoestella.educacion.navarra.es\/web\/images\/direccion\/Plan_Internacionalizacion_2015_20_CIPolitecnicoEstella.pdf\" target=\"_blank\" rel=\"noreferrer noopener\">Plan de Internacionalizaci\u00f3n 2015-20 del CI Polit\u00e9cnico de Estella.<\/a><\/p>\n<p style=\"text-align: justify\"><a href=\"https:\/\/docs.google.com\/document\/d\/1rrkOtU-xQFjMfPO3Ku89yiYuv1ZAG_px9ST5rCJWq1s\/edit\" target=\"_blank\" rel=\"noreferrer noopener\">Seguimiento Plan de internacionalizaci\u00f3n a fecha 16\/07\/19<\/a><\/p>\n\n<p><\/p>\n","protected":false},"excerpt":{"rendered":"<p>Plan de Internacionalizaci\u00f3n 2015-20 del CI Polit\u00e9cnico de Estella. Seguimiento Plan de internacionalizaci\u00f3n a fecha 16\/07\/19<\/p>\n","protected":false},"author":3,"featured_media":0,"parent":0,"menu_order":0,"comment_status":"closed","ping_status":"closed","template":"","meta":{"_genesis_hide_title":false,"_genesis_hide_breadcrumbs":false,"_genesis_hide_singular_image":false,"_genesis_hide_footer_widgets":false,"_genesis_custom_body_class":"","_genesis_custom_post_class":"","_genesis_layout":""},"_links":{"self":[{"href":"https:\/\/politecnicoestella.educacion.navarra.es\/web1\/eu\/wp-json\/wp\/v2\/pages\/526"}],"collection":[{"href":"https:\/\/politecnicoestella.educacion.navarra.es\/web1\/eu\/wp-json\/wp\/v2\/pages"}],"about":[{"href":"https:\/\/politecnicoestella.educacion.navarra.es\/web1\/eu\/wp-json\/wp\/v2\/types\/page"}],"author":[{"embeddable":true,"href":"https:\/\/politecnicoestella.educacion.navarra.es\/web1\/eu\/wp-json\/wp\/v2\/users\/3"}],"replies":[{"embeddable":true,"href":"https:\/\/politecnicoestella.educacion.navarra.es\/web1\/eu\/wp-json\/wp\/v2\/comments?post=526"}],"version-history":[{"count":5,"href":"https:\/\/politecnicoestella.educacion.navarra.es\/web1\/eu\/wp-json\/wp\/v2\/pages\/526\/revisions"}],"predecessor-version":[{"id":1003,"href":"https:\/\/politecnicoestella.educacion.navarra.es\/web1\/eu\/wp-json\/wp\/v2\/pages\/526\/revisions\/1003"}],"wp:attachment":[{"href":"https:\/\/politecnicoestella.educacion.navarra.es\/web1\/eu\/wp-json\/wp\/v2\/media?parent=526"}],"curies":[{"name":"wp","href":"https:\/\/api.w.org\/{rel}","templated":true}]}}