{"id":511,"date":"2020-01-23T11:43:30","date_gmt":"2020-01-23T10:43:30","guid":{"rendered":"https:\/\/politecnicoestella.educacion.navarra.es\/web1\/erreklamazioak\/"},"modified":"2020-04-28T11:00:18","modified_gmt":"2020-04-28T09:00:18","slug":"erreklamazioak","status":"publish","type":"page","link":"https:\/\/politecnicoestella.educacion.navarra.es\/web1\/eu\/erreklamazioak\/","title":{"rendered":"Erreklamazioak"},"content":{"rendered":"<p style=\"text-align: justify\">Reclamaciones:<\/p>\n<ul>\n<li><a href=\"http:\/\/www.lexnavarra.navarra.es\/detalle.asp?r=32119\" target=\"_blank\" rel=\"noopener noreferrer\">ORDEN FORAL 49\/2013, DE 21 DE MAYO, DEL CONSEJERO DE EDUCACI\u00d3N, POR LA QUE SE ESTABLECE EL SISTEMA DE RECLAMACIONES EN EL PROCESO DE EVALUACI\u00d3N AL ALUMNADO DE ENSE\u00d1ANZAS NO UNIVERSITARIAS IMPARTIDAS EN LOS CENTROS EDUCATIVOS DE LA COMUNIDAD FORAL DE NAVARRA<\/a> (ver art\u00edculos 3 y 17 a 21). Para reclamaciones de calificaciones finales.<\/li>\n<li><a href=\"https:\/\/docs.google.com\/document\/d\/1yGUxLABWGLrVZ8VVLwyDSajO8bRk0DzebTOyvy3XV2Y\/edit\" target=\"_blank\" rel=\"noopener noreferrer\">PROCEDIMIENTO DE CENTRO SOBRE RECLAMACIONES PARCIALES, PRUEBAS, EJERCICIOS, O TRABAJOS. AS\u00cd COMO PARA LA SOLICITUD DE COPIAS DE PRUEBAS, EJERCICIOS, O TRABAJOS.<\/a><\/li>\n<\/ul>\n<p style=\"text-align: justify\">Solicitud reclamaci\u00f3n y de copias en Oficina del centro.<\/p>\n","protected":false},"excerpt":{"rendered":"<p>Reclamaciones: ORDEN FORAL 49\/2013, DE 21 DE MAYO, DEL CONSEJERO DE EDUCACI\u00d3N, POR LA QUE SE ESTABLECE EL SISTEMA DE RECLAMACIONES EN EL PROCESO DE EVALUACI\u00d3N AL ALUMNADO DE ENSE\u00d1ANZAS NO UNIVERSITARIAS IMPARTIDAS EN LOS CENTROS EDUCATIVOS DE LA COMUNIDAD FORAL DE NAVARRA (ver art\u00edculos 3 y 17 a 21). Para reclamaciones de calificaciones finales. [&hellip;]<\/p>\n","protected":false},"author":3,"featured_media":0,"parent":0,"menu_order":0,"comment_status":"closed","ping_status":"closed","template":"","meta":{"_genesis_hide_title":false,"_genesis_hide_breadcrumbs":false,"_genesis_hide_singular_image":false,"_genesis_hide_footer_widgets":false,"_genesis_custom_body_class":"","_genesis_custom_post_class":"","_genesis_layout":""},"_links":{"self":[{"href":"https:\/\/politecnicoestella.educacion.navarra.es\/web1\/eu\/wp-json\/wp\/v2\/pages\/511"}],"collection":[{"href":"https:\/\/politecnicoestella.educacion.navarra.es\/web1\/eu\/wp-json\/wp\/v2\/pages"}],"about":[{"href":"https:\/\/politecnicoestella.educacion.navarra.es\/web1\/eu\/wp-json\/wp\/v2\/types\/page"}],"author":[{"embeddable":true,"href":"https:\/\/politecnicoestella.educacion.navarra.es\/web1\/eu\/wp-json\/wp\/v2\/users\/3"}],"replies":[{"embeddable":true,"href":"https:\/\/politecnicoestella.educacion.navarra.es\/web1\/eu\/wp-json\/wp\/v2\/comments?post=511"}],"version-history":[{"count":1,"href":"https:\/\/politecnicoestella.educacion.navarra.es\/web1\/eu\/wp-json\/wp\/v2\/pages\/511\/revisions"}],"predecessor-version":[{"id":793,"href":"https:\/\/politecnicoestella.educacion.navarra.es\/web1\/eu\/wp-json\/wp\/v2\/pages\/511\/revisions\/793"}],"wp:attachment":[{"href":"https:\/\/politecnicoestella.educacion.navarra.es\/web1\/eu\/wp-json\/wp\/v2\/media?parent=511"}],"curies":[{"name":"wp","href":"https:\/\/api.w.org\/{rel}","templated":true}]}}