{"id":4946,"date":"2023-06-02T09:36:42","date_gmt":"2023-06-02T07:36:42","guid":{"rendered":"https:\/\/politecnicoestella.educacion.navarra.es\/web1\/?page_id=4946"},"modified":"2023-06-02T09:47:43","modified_gmt":"2023-06-02T07:47:43","slug":"informacion-general-ciclos-daw-dam","status":"publish","type":"page","link":"https:\/\/politecnicoestella.educacion.navarra.es\/web1\/eu\/informacion-general-ciclos-daw-dam\/","title":{"rendered":"INFORMACI\u00d3N GENERAL CICLOS DAW &#8211; DAM"},"content":{"rendered":"\n<p><\/p>\n\n\n\n<p><strong>NORMATIVA<\/strong><\/p>\n\n\n\n<ul><li><a href=\"http:\/\/www.lexnavarra.navarra.es\/detalle.asp?r=29847\">\u25ba <\/a><a href=\"http:\/\/www.navarra.es\/home_es\/Actualidad\/BON\/Boletines\/2010\/96\/Anuncio-0\/\">Orden Foral 122\/2010, de 19 de julio<\/a>, por la que se regula la implantaci\u00f3n y organizaci\u00f3n de la Formaci\u00f3n Profesional a distancia en l\u00ednea del sistema educativo en Navarra (BON n\u00ba 96 de 09\/08\/2010).<\/li><li><a href=\"http:\/\/www.lexnavarra.navarra.es\/detalle.asp?r=29847\">\u25ba\u00a0 <\/a><a href=\"http:\/\/www.lexnavarra.navarra.es\/detalle.asp?r=51451\">Orden Foral 21\/2019, de 21 de marzo<\/a>, de la consejera de Educaci\u00f3n, por la que se regula la evaluaci\u00f3n, titulaci\u00f3n y acreditaci\u00f3n acad\u00e9mica del alumnado de grado medio y de grado superior de formaci\u00f3n profesional del sistema educativo de la Comunidad Foral de Navarra (BON n\u00ba 71 de 11\/04\/2019).<\/li><li><a href=\"http:\/\/www.lexnavarra.navarra.es\/detalle.asp?r=29847\">\u25ba\u00a0 <\/a><a href=\"http:\/\/www.lexnavarra.navarra.es\/detalle.asp?r=25035\">Decreto Foral 207\/2011, de 14 de septiembre<\/a>, por el que se establecen la estructura y el curr\u00edculo del t\u00edtulo de T\u00e9cnico Superior en Desarrollo de Aplicaciones Web, en el \u00e1mbito de la Comunidad Foral de Navarra (BON n\u00ba 226 de 15\/11\/2011).<\/li><li><a href=\"http:\/\/www.lexnavarra.navarra.es\/detalle.asp?r=29847\">\u25ba <\/a><a href=\"https:\/\/bon.navarra.es\/es\/anuncio\/-\/texto\/2011\/216\/2\/\">Decreto Foral 203\/2011, de 14 de septiembre<\/a>, por el que se establecen la estructura y el curr\u00edculo del t\u00edtulo de T\u00e9cnico Superior en Desarrollo de Aplicaciones Multiplataforma, en el \u00e1mbito de la Comunidad Foral de Navarra (BON n\u00ba 216 de 31\/10\/2011).<\/li><\/ul>\n\n\n\n<p><strong>ORIENTACIONES GENERALES<\/strong><\/p>\n\n\n\n<ul><li>Ciclo oficial de formaci\u00f3n profesional de grado superior de dos cursos de duraci\u00f3n estimada. El CI Polit\u00e9cnico Estella lo ofrece en formato ONLINE.<\/li><li>El formato ONLINE difiere en algunos aspectos del formato presencial, disponiendo de calendarios, periodos de evaluaci\u00f3n, metodolog\u00eda, requisitos de acceso y de admisi\u00f3n diferentes a los ciclos presenciales.<\/li><li>Puedes encontrar la informaci\u00f3n general respecto a los aspectos pedag\u00f3gicos, plazos de admisi\u00f3n y matriculaci\u00f3n de la FP ONLINE de Navarra en el siguiente enlace: <a href=\"https:\/\/www.educacion.navarra.es\/web\/dpto\/formacion-profesional\/fponline-adistancia\">https:\/\/www.educacion.navarra.es\/web\/dpto\/formacion-profesional\/fponline-adistancia<\/a><\/li><li>Como aspectos generales a destacar, ser\u00edan que los ciclos online est\u00e1n basados en una oferta\/matr\u00edcula modular y no de curso completo. Debido a la carga de trabajo recomendada para cada m\u00f3dulo, y la extra que supone una ense\u00f1anza online, se recomienda cursar un m\u00e1ximo de 4 m\u00f3dulos anuales, aunque el m\u00e1ximo permitido sean de 6 asignaturas por a\u00f1o escolar.<\/li><li>Los m\u00f3dulos que configuran el <strong>curr\u00edculo de DAM en Navarra<\/strong>, y su carga lectiva asociada son los siguientes: <a href=\"https:\/\/docs.google.com\/document\/d\/10vUlGGQBxBGqapYZH26AE4fMIo96th1h1vP_DV_YXQE\/edit?usp=drive_link\">Carga lectiva DAM recomendada<\/a><\/li><li>Los m\u00f3dulos que configuran el <strong>curr\u00edculo de DAW en Navarra<\/strong>, y su carga lectiva asociada son los siguientes: <a href=\"https:\/\/docs.google.com\/document\/d\/12aWJQMD0p85gaqEOLqGl84R52jnXRHCLWhJ3GnMBEFQ\">Carga lectiva DAW recomendada<\/a><\/li><\/ul>\n\n\n\n<p><strong>RECOMENDACIONES GENERALES<\/strong><\/p>\n\n\n\n<ul><li>Conocimientos m\u00ednimos\/deseables para ciertas asignaturas:<strong> <\/strong><a href=\"https:\/\/docs.google.com\/document\/d\/1nLvt_c5ckRgH-6Q5G_JgqmzhUFwslAlYuqyniPYVvX0\/edit?usp=sharing\">Consultar documento<\/a><\/li><li>Consulta el <a href=\"https:\/\/www.educacion.navarra.es\/web\/dpto\/formacion-profesional\/inscripcion-2022-2023\/fp-online-calendario\">calendario<\/a> de admisi\u00f3n, inscripci\u00f3n y matriculaci\u00f3n del pr\u00f3ximo curso.<\/li><\/ul>\n\n\n\n<p><strong>PREGUNTAS FRECUENTES<\/strong><\/p>\n\n\n\n<p>Puedes consultar el apartado de <a href=\"https:\/\/politecnicoestella.educacion.navarra.es\/web1\/preguntas-frecuentes-ciclos-online\/\">preguntas frecuentes<\/a> en la web del CI Polit\u00e9cnico Estella.<\/p>\n\n\n\n<p><\/p>\n\n\n\n<h2>CONVALIDACIONES<\/h2>\n\n\n\n<hr class=\"wp-block-separator is-style-wide\"\/>\n\n\n\n<ul><li><strong>M\u00f3dulos del Ministerio de Educaci\u00f3n y FP<\/strong><ul><li><a href=\"http:\/\/www.lexnavarra.navarra.es\/detalle.asp?r=29847\">\u25ba\u00a0 <\/a><a href=\"https:\/\/www.navarra.es\/documents\/48192\/6690779\/RD+1085-2020+Convalidaciones.pdf\/2700bb54-e1d7-5468-a567-5a136f4e8691?t=1623830097831\">Real Decreto 1085\/2020<\/a>, de 9 de diciembre, por el que se establecen convalidaciones de m\u00f3dulos profesionales de los t\u00edtulos de Formaci\u00f3n Profesional.<\/li><li><a href=\"http:\/\/www.lexnavarra.navarra.es\/detalle.asp?r=29847\">\u25ba\u00a0 <\/a><a href=\"https:\/\/www.boe.es\/buscar\/doc.php?id=BOE-A-2009-13781\">Real Decreto 1224\/2009<\/a>, de 17 de julio, de reconocimiento de las competencias profesionales adquiridas por experiencia laboral.<\/li><\/ul><\/li><li><strong>M\u00f3dulos propios de Navarra <\/strong>(Ingl\u00e9s)<ul><li><a href=\"http:\/\/www.lexnavarra.navarra.es\/detalle.asp?r=29847\">\u25ba\u00a0 <\/a><a href=\"http:\/\/www.lexnavarra.navarra.es\/detalle.asp?r=27417\">Resoluci\u00f3n 749\/2012, de 14 de diciembre<\/a><\/li><\/ul><\/li><li><strong>Convalidaci\u00f3n de los m\u00f3dulos transversales de FOL y Empresa<\/strong><ul><li>Consultar la <a href=\"https:\/\/todofp.es\/convalidaciones-equivalencias-homologaciones\/convalidaciones\/informacion-general\/que-estudios-puedo-convalidar.html\">normativa vigente<\/a><\/li><li><a href=\"https:\/\/todofp.es\/dam\/jcr:7d4d7851-9f3b-4d2f-bfe7-8d9f01caf7fb\/rd1085-anexo-iii.pdf\">Anexos del RD 1085\/2020<\/a>\u00a0<\/li><\/ul><\/li><li><strong>Para saber m\u00e1s <\/strong>(Convalidaciones LOE-LOE \/ LOE-LOGSE \/ LOGSE-LOGSE)<ul><li><a href=\"https:\/\/todofp.es\/convalidaciones-equivalencias-homologaciones\/convalidaciones\/normativa-de-apoyo.html\">\u25ba\u00a0 Convalidaciones en Formaci\u00f3n Profesional <\/a>(<a href=\"https:\/\/todofp.es\/convalidaciones-equivalencias-homologaciones\/convalidaciones\/normativa-de-apoyo.html\">TodoFP.es<\/a>)<\/li><\/ul><\/li><li><strong>Convalidaciones de Universidad a FP<\/strong><ul><li>El proceso es diferente. Se tramita desde el propio centro educativo al inicio del curso, y se solicita en el Ministerio de Educaci\u00f3n. La convalidaci\u00f3n no es un proceso autom\u00e1tico. Es un proceso en el que el resultado se demora normalmente hasta mediados de marzo.<\/li><li>Requisitos:<ul><li>Programas formativos implicados en la convalidaci\u00f3n, sellados por la universidad que expidi\u00f3 el t\u00edtulo.<\/li><\/ul><\/li><\/ul><\/li><li><strong>Otras casu\u00edsticas:<\/strong><ul><li>Se deber\u00e1 consultar la web <a href=\"http:\/\/www.todofp.es\/\">www.todoFP.es<\/a> o preguntar directamente en las oficinas del centro educativo.<\/li><\/ul><\/li><\/ul>\n\n\n\n<p><\/p>\n\n\n\n<h2>FCT (Formaci\u00f3n en Centros de Trabajo)\u00a0<\/h2>\n\n\n\n<hr class=\"wp-block-separator is-style-default\"\/>\n\n\n\n<p><\/p>\n\n\n\n<p><strong>NORMATIVA<\/strong><\/p>\n\n\n\n<ul><li><a href=\"http:\/\/www.lexnavarra.navarra.es\/detalle.asp?r=29847\">\u25ba&nbsp; <\/a><a href=\"http:\/\/www.lexnavarra.navarra.es\/detalle.asp?r=29823\">Orden Foral 45\/2009, de 2 de abril<\/a>, por la que se regula el desarrollo del m\u00f3dulo de Formaci\u00f3n en Centros de Trabajo, integrado en las ense\u00f1anzas de Formaci\u00f3n Profesional.<\/li><li><a href=\"http:\/\/www.lexnavarra.navarra.es\/detalle.asp?r=29847\">\u25ba&nbsp; <\/a><a href=\"https:\/\/moodlefp.educacion.navarra.es\/pluginfile.php\/42505\/mod_page\/content\/19\/FCT-ORDEN%20FORAL%2034-2013.pdf\">Orden Foral 34\/2013, de 5 de abril<\/a>, que modifica la Orden Foral 45 \/ 2009.<\/li><\/ul>\n\n\n\n<p><strong>\u00bfQU\u00c9 ES LA FCT?<\/strong><\/p>\n\n\n\n<ul><li>Es un m\u00f3dulo obligatorio en la F.P. espec\u00edfica<\/li><li>Se desarrolla en la empresa<\/li><li>Implica la realizaci\u00f3n de actividades productivas en un entorno de trabajo real<\/li><li>Las actividades se programan previamente<\/li><li>Los estudiantes est\u00e1n asesorados por dos tutores, uno del centro y otro de la empresa<\/li><li>Constituye un elemento de contraste externo de la calidad de la formaci\u00f3n profesional<\/li><li>La FCT se realiza en aquellas empresas en las que se puedan desarrollar adecuadamente las actividades establecidas para este m\u00f3dulo.<\/li><li>La jornada formativa de los estudiantes ser\u00e1 similar a la jornada laboral del personal que trabaja en la empresa<\/li><li>No supone una relaci\u00f3n laboral estudiante-empresa<\/li><li>Puede rescindirse por cualquiera de las partes<\/li><li>Est\u00e1 basado en un programa formativo que el estudiante tiene que realizar en el periodo de estancia en la empresa.<\/li><li>Existe un acuerdo entre el centro Educativo (Departamento de Educaci\u00f3n) y la empresa, en el que el alumnado est\u00e1 asegurado frente a:&nbsp;<ul><li>Accidentes en la empresa<\/li><li>Responsabilidad Civil<\/li><\/ul><\/li><\/ul>\n\n\n\n<p><strong>Requisito general: <\/strong>Para poder matricularse en la FCT, el alumnado tiene que cumplir en alguno de los siguientes casos:<\/p>\n\n\n\n<ul><li>Todas las otras asignaturas (excepto el proyecto) superadas y\/o convalidadas.<\/li><li>Tener todos los m\u00f3dulos superados y\/o convalidados, a excepci\u00f3n de algunos de los siguientes: M\u00f3dulos de idioma, Empresa e Iniciativa Emprendedora y Formaci\u00f3n y Orientaci\u00f3n Laboral, siempre y cuando las horas de estos m\u00f3dulos pendientes a superar no sea mayor de 300 horas.<\/li><\/ul>\n\n\n\n<p>Para superar la FCT, es necesario realizar 350 horas de pr\u00e1cticas en una empresa.<\/p>\n\n\n\n<p><strong>\u00bfC\u00d3MO SE ASIGNA\/ENCUENTRA LA PR\u00c1CTICA?<\/strong><\/p>\n\n\n\n<p>El tutor se encarga de encontrar una empresa acogedora. El estudiante puede comentar sus &#8220;preferencias&#8221; pero no se pueden exigir lugar, horarios, fechas de inicio y fin&#8230;<\/p>\n\n\n\n<p>El CI Polit\u00e9cnico Estella ya tiene convenios con ciertas empresas (la mayor\u00eda en Pamplona), a\u00fan as\u00ed, el estudiante puede comentar a principio de a\u00f1o (a partir de septiembre) posibilidades-preferencias para que se tengan en cuenta en la medida de lo posible para hacer la b\u00fasqueda de empresas. Seg\u00fan la empresa, puede haber facilidades horarias y\/o de calendario (fecha inicio y fecha fin) y\/o de tipo de jornada, pero siempre lo decide la empresa.&nbsp;&nbsp;&nbsp;<\/p>\n\n\n\n<p>El alumnado puede tambi\u00e9n participar en la b\u00fasqueda en el caso de tener contactos privilegiados o conocimientos de posibles empresas.<\/p>\n\n\n\n<p><strong>SOLICITUD DE EXENCI\u00d3N<\/strong>:<\/p>\n\n\n\n<p>Es posible solicitar la exenci\u00f3n (convalidaci\u00f3n) de las pr\u00e1cticas en la empresa. Para ello, se deben de cumplir ciertos requisitos m\u00ednimos:<\/p>\n\n\n\n<ul><li>Tener experiencia previa de al menos 1 a\u00f1o en jornada completa en un puesto de trabajo en d\u00f3nde se realicen tareas similares.<\/li><li>Justificaci\u00f3n mediante la vida laboral de la experiencia previa mencionada.<\/li><li>Carta o informe con las tareas desempe\u00f1adas detalladas en el puesto de trabajo.<\/li><\/ul>\n\n\n\n<p>&#8212;&#8212;&#8212;&#8212;&#8212;&#8212;&#8212;&#8212;&#8212;&#8212;&#8212;&#8212;&#8212;&#8212;-<\/p>\n\n\n\n<p>Existen unos plazos para realizar las solicitudes de exenci\u00f3n de las FCT. Normalmente una es a principios de a\u00f1o, y la segunda a mediados de abril. Consulta el <a href=\"https:\/\/www.navarra.es\/documents\/48192\/6690779\/20230321_BON_Res+104_Admisi%C3%B3n+FPaDistancia_2023-2024.pdf\/55e06082-a6b7-d622-d992-a51c37388ac2?t=1680597132336\">anexo 4 de las instrucciones y el calendario de curso<\/a> del pr\u00f3ximo curso.<\/p>\n\n\n\n<p><\/p>\n\n\n\n<h2>FCT DUAL<\/h2>\n\n\n\n<hr class=\"wp-block-separator is-style-wide\"\/>\n\n\n\n<p><\/p>\n\n\n\n<p>La FCT DUAL tiene claras diferencias respecto a la FCT &#8220;tradicional&#8221;.\u00a0<\/p>\n\n\n\n<p>En la FCT Dual es la empresa la que eval\u00faa parte de los Resultados de Aprendizaje del estudiante, por lo que para poder cursarla, es necesario tener m\u00f3dulos sin superar, en el momento de realizar la formaci\u00f3n en la empresa.&nbsp;<\/p>\n\n\n\n<p>El CI Polit\u00e9cnico Estella establece una normativa interna para estos casos, estableciendo en 2 los m\u00f3dulos t\u00e9cnicos m\u00e1ximos que el estudiante puede tener sin superar para poder acceder a esta modalidad de FCT.<\/p>\n\n\n\n<p>La duraci\u00f3n de la FCT tambi\u00e9n es diferente, ya que en esta modalidad el alumnado tendr\u00e1 que realizar un total de 670h. en la empresa.<\/p>\n\n\n\n<p>Durante ese periodo que dure la formaci\u00f3n dual, el estudiante cotizar\u00e1 en la Seguridad Social.<\/p>\n\n\n\n<p>El reglamento de FCT Dual establece que el estudiante pueda recibir alguna ayuda econ\u00f3mica a modo de becas por parte de la empresa. Sin embargo, no se establece la obligatoriedad de la misma, ni la cuant\u00eda m\u00ednima o m\u00e1xima.<\/p>\n\n\n\n<p>El programa formativo de la FCT Dual es personal para cada estudiante, y se establece y pacta con el alumnado y la empresa antes de realizar las pr\u00e1cticas.<\/p>\n\n\n\n<p>En el caso de tener m\u00e1s demanda entre los estudiantes que empresas interesadas, se establecer\u00e1 una selecci\u00f3n entre el alumnado. Esta selecci\u00f3n puede ser dirigida y coordinada por la empresa, o por el centro educativo.<\/p>\n\n\n\n<p>Los estudiantes interesados en la modalidad de FCT DUAL deber\u00e1n de comentar su inter\u00e9s para realizar esta modalidad de pr\u00e1cticas en empresa cuanto antes al centro educativo, para ver la disponibilidad de las empresas interesadas a acoger alumnado en modalidad DUAL.<\/p>\n\n\n\n<p><\/p>\n\n\n\n<h2>PROYECTO<\/h2>\n\n\n\n<hr class=\"wp-block-separator is-style-wide\"\/>\n\n\n\n<p><\/p>\n\n\n\n<p><strong>Requisito general: <\/strong>Para matricularse en el m\u00f3dulo de Proyecto, todos los m\u00f3dulos (excepto FCT) tienen que ser superados y\/o convalidados.<\/p>\n\n\n\n<p><strong>NORMATIVA<\/strong><\/p>\n\n\n\n<ul><li><a href=\"http:\/\/www.lexnavarra.navarra.es\/detalle.asp?r=29847\">\u25ba&nbsp; <\/a><a href=\"http:\/\/www.lexnavarra.navarra.es\/detalle.asp?r=29823\">Orden Foral 45\/2009, de 2 de abril<\/a>, del Consejero de Educaci\u00f3n, por la que se regula el desarrollo del m\u00f3dulo de Formaci\u00f3n en Centros de Trabajo, integrado en las ense\u00f1anzas de Formaci\u00f3n Profesional del sistema educativo, en el \u00e1mbito de la Comunidad Foral de Navarra.<\/li><\/ul>\n\n\n\n<p><strong>PROCESO<\/strong><\/p>\n\n\n\n<p>El desarrollo consta de 2 fases:<\/p>\n\n\n\n<ul><li>Propuestas:<ul><li>El alumnado puede presentar propuestas. En ese caso, tendr\u00e1n que ser validadas y aceptadas por el equipo docente al cargo. Dichas propuestas deber\u00e1n incluir los RA estudiados a lo largo del ciclo.<\/li><li>En el supuesto de que el estudiante no presente ninguna propuesta, puede acogerse a la propuesta que realice del centro.<\/li><li>Se puede consultar la programaci\u00f3n del m\u00f3dulo en el siguiente <a href=\"https:\/\/docs.google.com\/document\/d\/1tiFKKahJ-pVivwVuvQL63oqMltHWx4RXquKtRL664Ww\">enlace<\/a>.<\/li><\/ul><\/li><li>Defensa:<ul><li>Despu\u00e9s del trabajo individual (o por grupos, dependiendo de la naturaleza de la propuesta), se realizar\u00e1 una defensa del proyecto realizado, mostrando y explicando la soluci\u00f3n propuesta, los problemas y soluciones encontradas, y respondiendo a los turnos de preguntas del equipo docente asignado para evaluar cada proyecto.\u00a0<\/li><\/ul><\/li><\/ul>\n\n\n\n<p><\/p>\n\n\n\n<h2>TITULACI\u00d3N<\/h2>\n\n\n\n<hr class=\"wp-block-separator is-style-wide\"\/>\n\n\n\n<p>Tras superar los \u00faltimos m\u00f3dulos obligatorios (FCT y Proyecto), el estudiante podr\u00e1 titular y solicitar el t\u00edtulo oficial. El tr\u00e1mite para ello consiste en cumplimentar un formulario y pagar la tasa en oficina:<\/p>\n\n\n\n<figure class=\"wp-block-embed is-type-wp-embed is-provider-politecnico-estella wp-block-embed-politecnico-estella\"><div class=\"wp-block-embed__wrapper\">\n<blockquote class=\"wp-embedded-content\" data-secret=\"2OIPkVXnJh\"><a href=\"https:\/\/politecnicoestella.educacion.navarra.es\/web1\/blog\/2023\/01\/27\/1201\/\">T\u00cdTULOS: Solicitud y recogida<\/a><\/blockquote><iframe class=\"wp-embedded-content\" sandbox=\"allow-scripts\" security=\"restricted\" style=\"position: absolute; clip: rect(1px, 1px, 1px, 1px);\" title=\"\u00abT\u00cdTULOS: Solicitud y recogida\u00bb \u2014 Polit\u00e9cnico Estella\" src=\"https:\/\/politecnicoestella.educacion.navarra.es\/web1\/blog\/2023\/01\/27\/1201\/embed\/#?secret=YM9fAVDj9x#?secret=2OIPkVXnJh\" data-secret=\"2OIPkVXnJh\" width=\"500\" height=\"282\" frameborder=\"0\" marginwidth=\"0\" marginheight=\"0\" scrolling=\"no\"><\/iframe>\n<\/div><\/figure>\n\n\n\n<p>En el centro se puede pedir un documento del expediente acad\u00e9mico y el justificante del t\u00edtulo, que ser\u00e1 \u00fatil mientras se tarda en hacer el t\u00edtulo &#8220;oficial&#8221; (preguntar en oficina plazos). Se aconseja preguntar antes de venir a secretar\u00eda para asegurarse que ya tienen estos documentos preparados.<\/p>\n\n\n\n<p><\/p>\n\n\n\n<h2>ANULACI\u00d3N DE MATR\u00cdCULA Y RENUNCIAS A LA CONVOCATORIA<\/h2>\n\n\n\n<hr class=\"wp-block-separator is-style-wide\"\/>\n\n\n\n<p>Las acciones, casu\u00edsticas y derechos que regulan la &#8220;anulaci\u00f3n de matr\u00edcula&#8221; y la &#8220;renuncia a las convocatorias de la evaluaci\u00f3n&#8221;, queda recogido en la siguiente normativa:<\/p>\n\n\n\n<p><a href=\"http:\/\/www.lexnavarra.navarra.es\/detalle.asp?r=29847\">\u25ba&nbsp; <\/a><a href=\"http:\/\/www.lexnavarra.navarra.es\/detalle.asp?r=51451\">Orden Foral 21\/2019, de 21 de marzo<\/a>, de la consejera de Educaci\u00f3n, por la que se regula la evaluaci\u00f3n, titulaci\u00f3n y acreditaci\u00f3n acad\u00e9mica del alumnado de grado medio y de grado superior de formaci\u00f3n profesional del sistema educativo de la Comunidad Foral de Navarra (BON n\u00ba 71 de 11\/04\/2019 &#8211; CAP\u00cdTULO VI).<\/p>\n\n\n\n<p><strong>Articulo 23. ANULACI\u00d3N DE MATR\u00cdCULA<\/strong><\/p>\n\n\n\n<p><strong>Anulaci\u00f3n de oficio<\/strong><\/p>\n\n\n\n<p>En la modalidad ONLINE se establece la posibilidad de la renuncia de matr\u00edcula de oficio por parte del centro educativo, si el estudiante no se presenta en la plataforma oficial Moodle en los 15 primeros d\u00edas h\u00e1biles de inicio de curso.&nbsp;<\/p>\n\n\n\n<p>Tal y como se indica en el Art.23, punto 2 de la mencionada OF, esta anulaci\u00f3n de matr\u00edcula se corresponde con la &#8216;rescisi\u00f3n de matr\u00edcula&#8217;, conllevando la p\u00e9rdida del derecho a la ense\u00f1anza, evaluaci\u00f3n y calificaci\u00f3n de todos los m\u00f3dulos profesionales en los que se encuentre matriculado el alumnado, y el de reserva de plaza. Por lo que si desea continuar con los estudios, deber\u00e1 concurrir de nuevo al procedimiento de admisi\u00f3n correspondiente.<\/p>\n\n\n\n<p>Esta anulaci\u00f3n computar\u00e1 a efectos del n\u00famero de convocatorias de evaluaci\u00f3n consumidas.<\/p>\n\n\n\n<p><strong>Anulaci\u00f3n de matr\u00edcula por parte del alumnado<\/strong><\/p>\n\n\n\n<p>Este procedimiento lo puede iniciar el alumnado, siempre que se acredite la concurrencia de determinadas circunstancias:<\/p>\n\n\n\n<ul><li>Enfermedad prolongada (tanto del estudiante como de familiares hasta el 2\u00ba grado de consanguinidad)<\/li><li>Obligaci\u00f3n de tipo familiar<\/li><li>Actividad profesional, deportiva o art\u00edstica<\/li><li>Tener la calificaci\u00f3n de deportista de alto nivel o alto rendimiento de acuerdo con la normativa en vigor.<\/li><li>Otras circunstancias de car\u00e1cter extraordinario<\/li><\/ul>\n\n\n\n<p>Excepcionalmente se podr\u00e1 solicitar la anulaci\u00f3n de matr\u00edcula una segunda vez.<\/p>\n\n\n\n<p>Esta anulaci\u00f3n NO computar\u00e1 a efectos de convocatorias consumidas.<\/p>\n\n\n\n<p><strong>Baja voluntaria de matr\u00edcula<\/strong><\/p>\n\n\n\n<p>Se podr\u00e1 solicitar la anulaci\u00f3n de matr\u00edcula, a\u00fan cuando no concurran las circunstancias mencionadas en el apartado de &#8216;Anulaci\u00f3n de matr\u00edcula&#8217;. Esta anulaci\u00f3n de matr\u00edcula se corresponde con una &#8216;Baja voluntaria de matr\u00edcula&#8217;.<\/p>\n\n\n\n<p>La baja voluntaria supone la renuncia de todos los m\u00f3dulos en los que el alumnado estuviera matriculado.<\/p>\n\n\n\n<p>Esta baja voluntaria SI computar\u00e1 a efectos de convocatorias consumidas, en funci\u00f3n de la fecha en la que se realice la solicitud de la baja voluntaria.<\/p>\n\n\n\n<ul><li>Si la baja se solicita antes del 31 de diciembre del a\u00f1o de inicio del curso, la baja voluntaria NO computar\u00e1 a efectos de convocatorias de evaluaci\u00f3n ordinarias.<\/li><li>Si la baja se solicita con posterioridad a la fecha se\u00f1alada, la baja voluntaria SI se computar\u00e1 a efectos de convocatorias consumidas.<\/li><\/ul>\n\n\n\n<p><strong>Art\u00edculo 24. RENUNCIA A LA CONVOCATORIA DE LA EVALUACI\u00d3N<\/strong><\/p>\n\n\n\n<p>La renuncia a la convocatoria supone la NO evaluaci\u00f3n final de uno o varios m\u00f3dulos, sin que ello implique la anulaci\u00f3n de matr\u00edcula.&nbsp;<\/p>\n\n\n\n<p>Como normal general, se podr\u00e1 solicitar una s\u00f3la vez la renuncia de evaluaci\u00f3n final de hasta 4 m\u00f3dulos por curso acad\u00e9mico, excepto para el alumnado que se encuentre en alguna de las siguientes circunstancias:<\/p>\n\n\n\n<ul><li>Enfermedad prolongada (tanto del estudiante como de familiares hasta el 2\u00ba grado de consanguinidad)<\/li><li>Obligaci\u00f3n de tipo familiar<\/li><li>Necesidades espec\u00edficas de apoyo educativo<\/li><li>Conciliaci\u00f3n del aprendizaje con la actividad laboral, deportiva o art\u00edstica<\/li><li>Condici\u00f3n de deportista de alto nivel o alto rendimiento de acuerdo con la normativa en vigor.<\/li><li>Concurrencia con el procedimiento de acreditaci\u00f3n de la competencia profesional.<\/li><li>Otras circunstancias de car\u00e1cter extraordinario<\/li><\/ul>\n\n\n\n<p>Excepcionalmente se podr\u00e1 solicitar la renuncia a la convocatoria de evaluaci\u00f3n una segunda vez.<\/p>\n\n\n\n<p>La solicitud de la renuncia de la convocatoria de evaluaci\u00f3n deber\u00e1 realizarse con una antelaci\u00f3n m\u00ednima de 2 meses a la sesi\u00f3n de evaluaci\u00f3n final. Se podr\u00e1 considerar la renuncia en un plazo inferior cuando ocurran circunstancias excepcionales.<\/p>\n\n\n\n<p>Dicha renuncia afectar\u00e1 \u00fanicamente a la convocatoria del m\u00f3dulo (o los m\u00f3dulos) para la que ha sido concedida.<\/p>\n","protected":false},"excerpt":{"rendered":"<p>NORMATIVA \u25ba Orden Foral 122\/2010, de 19 de julio, por la que se regula la implantaci\u00f3n y organizaci\u00f3n de la Formaci\u00f3n Profesional a distancia en l\u00ednea del sistema educativo en Navarra (BON n\u00ba 96 de 09\/08\/2010). \u25ba\u00a0 Orden Foral 21\/2019, de 21 de marzo, de la consejera de Educaci\u00f3n, por la que se regula la [&hellip;]<\/p>\n","protected":false},"author":14,"featured_media":0,"parent":0,"menu_order":0,"comment_status":"closed","ping_status":"closed","template":"","meta":{"_genesis_hide_title":false,"_genesis_hide_breadcrumbs":false,"_genesis_hide_singular_image":false,"_genesis_hide_footer_widgets":false,"_genesis_custom_body_class":"","_genesis_custom_post_class":"","_genesis_layout":""},"_links":{"self":[{"href":"https:\/\/politecnicoestella.educacion.navarra.es\/web1\/eu\/wp-json\/wp\/v2\/pages\/4946"}],"collection":[{"href":"https:\/\/politecnicoestella.educacion.navarra.es\/web1\/eu\/wp-json\/wp\/v2\/pages"}],"about":[{"href":"https:\/\/politecnicoestella.educacion.navarra.es\/web1\/eu\/wp-json\/wp\/v2\/types\/page"}],"author":[{"embeddable":true,"href":"https:\/\/politecnicoestella.educacion.navarra.es\/web1\/eu\/wp-json\/wp\/v2\/users\/14"}],"replies":[{"embeddable":true,"href":"https:\/\/politecnicoestella.educacion.navarra.es\/web1\/eu\/wp-json\/wp\/v2\/comments?post=4946"}],"version-history":[{"count":16,"href":"https:\/\/politecnicoestella.educacion.navarra.es\/web1\/eu\/wp-json\/wp\/v2\/pages\/4946\/revisions"}],"predecessor-version":[{"id":4967,"href":"https:\/\/politecnicoestella.educacion.navarra.es\/web1\/eu\/wp-json\/wp\/v2\/pages\/4946\/revisions\/4967"}],"wp:attachment":[{"href":"https:\/\/politecnicoestella.educacion.navarra.es\/web1\/eu\/wp-json\/wp\/v2\/media?parent=4946"}],"curies":[{"name":"wp","href":"https:\/\/api.w.org\/{rel}","templated":true}]}}