{"id":483,"date":"2020-01-23T10:25:22","date_gmt":"2020-01-23T09:25:22","guid":{"rendered":"https:\/\/politecnicoestella.educacion.navarra.es\/web1\/berdintasuna\/"},"modified":"2020-01-23T10:25:22","modified_gmt":"2020-01-23T09:25:22","slug":"berdintasuna","status":"publish","type":"page","link":"https:\/\/politecnicoestella.educacion.navarra.es\/web1\/eu\/berdintasuna\/","title":{"rendered":"Berdintasuna"},"content":{"rendered":"<p style=\"text-align: justify\">A continuaci\u00f3n te ofrecemos un listado de recursos interesantes sobre igualdad:<\/p>\n<ul>\n<li><a href=\"http:\/\/coeducando.educacion.navarra.es\/\">Coeducando<\/a> &#8211; Web del Departamento de Educaci\u00f3n del Gobierno de Navarra.<\/li>\n<li><span style=\"color: #000000\"><a href=\"http:\/\/coeducando.educacion.navarra.es\/wp-content\/uploads\/2011\/10\/Guias-CAST-web.pdf\">Gu\u00eda para chicos y chicas contra la violencia sexista (castellano)<\/a>,&nbsp;<\/span>editada por el Ayuntamiento de Pamplona.<\/li>\n<li><a href=\"\/web\/images\/dptos\/Orientacion\/Igualdad\/270315ed70guiafamilias.pdf\">Manual del sentido com\u00fan en Internet. Gu\u00eda para familias<\/a>, editada por la Fundaci\u00f3n D\u00e9dalo y el Departamento de Educaci\u00f3n del Gobierno de Navarra.<\/li>\n<li><a href=\"\/web\/images\/dptos\/Orientacion\/Igualdad\/Libro_18_Ciberacoso.pdf\">El ciberacoso como forma de ejercer la violencia de g\u00e9nero en la juventud<\/a>, editada por la Delegaci\u00f3n del Gobierno de Espa\u00f1a para la Violencia de G\u00e9nero.<\/li>\n<li>Actividad did\u00e1ctica:&nbsp; <a href=\"\/web\/images\/dptos\/Orientacion\/Igualdad\/U.D.%204%20HISTORIAS%20(4).pdf\">Cuatro historias cotidianas<\/a> &#8211; Propuesta por la&nbsp;Coordinadora t\u00e9cnica del Programa \u201cCon mucho gusto\/Gozamenez\u201d.<\/li>\n<\/ul>\n","protected":false},"excerpt":{"rendered":"<p>A continuaci\u00f3n te ofrecemos un listado de recursos interesantes sobre igualdad: Coeducando &#8211; Web del Departamento de Educaci\u00f3n del Gobierno de Navarra. Gu\u00eda para chicos y chicas contra la violencia sexista (castellano),&nbsp;editada por el Ayuntamiento de Pamplona. Manual del sentido com\u00fan en Internet. Gu\u00eda para familias, editada por la Fundaci\u00f3n D\u00e9dalo y el Departamento de [&hellip;]<\/p>\n","protected":false},"author":3,"featured_media":0,"parent":0,"menu_order":0,"comment_status":"closed","ping_status":"closed","template":"","meta":{"_genesis_hide_title":false,"_genesis_hide_breadcrumbs":false,"_genesis_hide_singular_image":false,"_genesis_hide_footer_widgets":false,"_genesis_custom_body_class":"","_genesis_custom_post_class":"","_genesis_layout":""},"_links":{"self":[{"href":"https:\/\/politecnicoestella.educacion.navarra.es\/web1\/eu\/wp-json\/wp\/v2\/pages\/483"}],"collection":[{"href":"https:\/\/politecnicoestella.educacion.navarra.es\/web1\/eu\/wp-json\/wp\/v2\/pages"}],"about":[{"href":"https:\/\/politecnicoestella.educacion.navarra.es\/web1\/eu\/wp-json\/wp\/v2\/types\/page"}],"author":[{"embeddable":true,"href":"https:\/\/politecnicoestella.educacion.navarra.es\/web1\/eu\/wp-json\/wp\/v2\/users\/3"}],"replies":[{"embeddable":true,"href":"https:\/\/politecnicoestella.educacion.navarra.es\/web1\/eu\/wp-json\/wp\/v2\/comments?post=483"}],"version-history":[{"count":0,"href":"https:\/\/politecnicoestella.educacion.navarra.es\/web1\/eu\/wp-json\/wp\/v2\/pages\/483\/revisions"}],"wp:attachment":[{"href":"https:\/\/politecnicoestella.educacion.navarra.es\/web1\/eu\/wp-json\/wp\/v2\/media?parent=483"}],"curies":[{"name":"wp","href":"https:\/\/api.w.org\/{rel}","templated":true}]}}