{"id":415,"date":"2019-12-19T13:42:23","date_gmt":"2019-12-19T12:42:23","guid":{"rendered":"https:\/\/politecnicoestella.educacion.navarra.es\/web1\/mision-y-plan-estrategico\/"},"modified":"2020-04-28T11:32:32","modified_gmt":"2020-04-28T09:32:32","slug":"mision-y-plan-estrategico","status":"publish","type":"page","link":"https:\/\/politecnicoestella.educacion.navarra.es\/web1\/eu\/mision-y-plan-estrategico\/","title":{"rendered":"Xedea eta plan estrategikoa"},"content":{"rendered":"<p style=\"text-align: justify\">En los enlaces de abajo puedes acceder a\u00a0la misi\u00f3n y el plan estrat\u00e9gico del centro que hemos ido elaborando en estos a\u00f1os:<\/p>\n<ul>\n<li><a href=\"https:\/\/docs.google.com\/document\/d\/1e1zbqCIdgQcjfIrusIBSaMclWlnecPyy_INvpRr7Ivg\/edit?usp=sharing\" target=\"_blank\" rel=\"noopener noreferrer\">Misi\u00f3n del centro<\/a><\/li>\n<li><a href=\"https:\/\/docs.google.com\/spreadsheets\/d\/e\/2PACX-1vQrBv0K1C7isd8FpSKrEaKPFveFJnlExZWSRRdIZk0nkek_MswD1Y4KU272weIc7fao63Dh5g4743i4\/pubhtml?gid=1646031964&amp;single=true\" target=\"_blank\" rel=\"noopener noreferrer\">Plan estrat\u00e9gico<\/a><\/li>\n<\/ul>\n","protected":false},"excerpt":{"rendered":"<p>En los enlaces de abajo puedes acceder a\u00a0la misi\u00f3n y el plan estrat\u00e9gico del centro que hemos ido elaborando en estos a\u00f1os: Misi\u00f3n del centro Plan estrat\u00e9gico<\/p>\n","protected":false},"author":3,"featured_media":0,"parent":0,"menu_order":0,"comment_status":"closed","ping_status":"closed","template":"","meta":{"_genesis_hide_title":false,"_genesis_hide_breadcrumbs":false,"_genesis_hide_singular_image":false,"_genesis_hide_footer_widgets":false,"_genesis_custom_body_class":"","_genesis_custom_post_class":"","_genesis_layout":""},"_links":{"self":[{"href":"https:\/\/politecnicoestella.educacion.navarra.es\/web1\/eu\/wp-json\/wp\/v2\/pages\/415"}],"collection":[{"href":"https:\/\/politecnicoestella.educacion.navarra.es\/web1\/eu\/wp-json\/wp\/v2\/pages"}],"about":[{"href":"https:\/\/politecnicoestella.educacion.navarra.es\/web1\/eu\/wp-json\/wp\/v2\/types\/page"}],"author":[{"embeddable":true,"href":"https:\/\/politecnicoestella.educacion.navarra.es\/web1\/eu\/wp-json\/wp\/v2\/users\/3"}],"replies":[{"embeddable":true,"href":"https:\/\/politecnicoestella.educacion.navarra.es\/web1\/eu\/wp-json\/wp\/v2\/comments?post=415"}],"version-history":[{"count":3,"href":"https:\/\/politecnicoestella.educacion.navarra.es\/web1\/eu\/wp-json\/wp\/v2\/pages\/415\/revisions"}],"predecessor-version":[{"id":804,"href":"https:\/\/politecnicoestella.educacion.navarra.es\/web1\/eu\/wp-json\/wp\/v2\/pages\/415\/revisions\/804"}],"wp:attachment":[{"href":"https:\/\/politecnicoestella.educacion.navarra.es\/web1\/eu\/wp-json\/wp\/v2\/media?parent=415"}],"curies":[{"name":"wp","href":"https:\/\/api.w.org\/{rel}","templated":true}]}}