{"id":400,"date":"2019-12-19T13:29:02","date_gmt":"2019-12-19T12:29:02","guid":{"rendered":"https:\/\/politecnicoestella.educacion.navarra.es\/web1\/ciclos-formativos-de-grado-superior-cfgs\/"},"modified":"2020-11-23T17:43:10","modified_gmt":"2020-11-23T16:43:10","slug":"ciclos-formativos-de-grado-superior-cfgs","status":"publish","type":"page","link":"https:\/\/politecnicoestella.educacion.navarra.es\/web1\/eu\/ciclos-formativos-de-grado-superior-cfgs\/","title":{"rendered":"Ciclos formativos de Grado Superior (CFGS)"},"content":{"rendered":"<h4>Administraci\u00f3n y Gesti\u00f3n<\/h4>\n<ul>\n<li>Administraci\u00f3n y finanzas (AD)\n<ul>\n<li><a href=\"http:\/\/www.educacion.navarra.es\/documents\/27590\/558256\/DF_44_2013_Administraci\u00f3n+y+Finanzas\/f2661360-445d-40eb-8c7a-f424a3549830\" target=\"_blank\" rel=\"noopener noreferrer\">Curr\u00edculo<\/a><\/li>\n<li><a href=\"https:\/\/docs.google.com\/document\/d\/1xvMpEr6HHTkSzDkmbCk_nhHz2jU_zDk7U2tTKbyUcDE\/edit\" target=\"_blank\" rel=\"noopener noreferrer\">Especificaciones<\/a><\/li>\n<li><a href=\".\/programaciones-del-ciclo-de-administracion-y-finanzas-ad\/\">Programaci\u00f3n<\/a><\/li>\n<\/ul>\n<\/li>\n<\/ul>\n<h4>Inform\u00e1tica y Comunicaciones<\/h4>\n<ul>\n<li>Administraci\u00f3n de sistemas inform\u00e1ticos en red (AS)\n<ul>\n<li><a href=\"http:\/\/www.educacion.navarra.es\/documents\/27590\/568367\/DF_50_2010_Administraci\u00f3n+de+Sistemas+Inform\u00e1ticos+en+Red\/96f7b4d9-c98d-471f-9538-23ac7dda64d1\" target=\"_blank\" rel=\"noopener noreferrer\">Curr\u00edculo<\/a><\/li>\n<li><a href=\"https:\/\/docs.google.com\/document\/d\/1tVWcm5b6VZcBVpj0gNA-_tyH8zeG94MwU5UFg91JTc0\/edit\" target=\"_blank\" rel=\"noopener noreferrer\">Especificaciones<\/a><\/li>\n<li><a href=\".\/programaciones-del-ciclo-de-administracion-de-sistemas-informaticos-en-red-as\/\">Programaci\u00f3n<\/a><\/li>\n<\/ul>\n<\/li>\n<li>Desarrollo de aplicaciones web ONLINE (DW)\n<ul>\n<li><a href=\"http:\/\/www.educacion.navarra.es\/documents\/27590\/568367\/DF_207_2011_Desarrollo+de+Aplicaciones+Web\/4d7b2cdd-4416-4168-893b-26a7f25f9ab9\" target=\"_blank\" rel=\"noopener noreferrer\">Curr\u00edculo<\/a><\/li>\n<li><a href=\"https:\/\/docs.google.com\/document\/d\/1Jor7jzUi4gqxzhBo0nsGqHQPvFk7BwDO3p9L7YG5pDc\/edit\" target=\"_blank\" rel=\"noopener noreferrer\">Especificaciones<\/a><\/li>\n<li><a href=\".\/programaciones-del-ciclo-de-desarrollo-de-aplicaciones-web-dw\/\">Programaci\u00f3n<\/a><\/li>\n<li><a href=\".\/preguntas-frecuentes-ciclos-online\/\">Preguntas frecuentes ciclos online<\/a><\/li>\n<\/ul>\n<\/li>\n<li>Desarrollo de aplicaciones multiplataforma ONLINE (DM)\n<ul>\n<li><a href=\"https:\/\/www.educacion.navarra.es\/documents\/27590\/558256\/DF_203_2011_Desarrollo+de+Aplicaciones+Multiplataforma.pdf\/29947bf5-4235-4ade-9fac-832fd006df8a\" target=\"_blank\" rel=\"noopener noreferrer\">Curr\u00edculo<\/a><\/li>\n<li><a href=\"https:\/\/docs.google.com\/document\/d\/1oqnd7vgN8-AdXd187YUqKduBBLYM8jU54IQZk--td9A\/edit\" target=\"_blank\" rel=\"noopener noreferrer\">Especificaciones<\/a><\/li>\n<li><a href=\".\/programaciones-del-ciclo-de-desarrollo-de-aplicaciones-multiplataforma-dm\/\">Programaci\u00f3n<\/a><\/li>\n<li><a href=\".\/preguntas-frecuentes-ciclos-online\/\">Preguntas frecuentes ciclos online<\/a><\/li>\n<\/ul>\n<\/li>\n<\/ul>\n<h4>Instalaciones y Mantenimiento<\/h4>\n<ul>\n<li>Mecatr\u00f3nica industrial (MI)\n<ul>\n<li><a href=\"http:\/\/www.educacion.navarra.es\/documents\/27590\/568367\/DF_89_2012_Mecatr\u00f3nica+Industrial\/fbb33998-521e-45a2-a45a-0e31a14bfe26\" target=\"_blank\" rel=\"noopener noreferrer\">Curr\u00edculo<\/a><\/li>\n<li><a href=\"https:\/\/docs.google.com\/document\/d\/1s33lpKWTxm2Ua53p8hkpdptFHUpSAxGPSkfCuNcKUks\/edit\" target=\"_blank\" rel=\"noopener noreferrer\">Especificaciones<\/a><\/li>\n<li><a href=\".\/programaciones-del-ciclo-de-mecatronica-industrial-mi\/\">Programaci\u00f3n<\/a><\/li>\n<\/ul>\n<\/li>\n<\/ul>\n<h4>Hosteler\u00eda y Turismo<\/h4>\n<ul>\n<li>Gu\u00eda, informaci\u00f3n y asistencias tur\u00edsticas (GT)\n<ul>\n<li><a href=\"http:\/\/www.navarra.es\/home_es\/Actualidad\/BON\/Boletines\/2019\/120\/Anuncio-1\/\" target=\"_blank\" rel=\"noopener noreferrer\">Curr\u00edculo<\/a><\/li>\n<li><a href=\"https:\/\/docs.google.com\/document\/d\/1wOgxuigp1M2LXjAwC8dPrv54hysOHi4Z_jrjVwxAAY8\/edit\" target=\"_blank\" rel=\"noopener noreferrer\">Especificaciones<\/a><\/li>\n<li><a href=\".\/programaciones-del-ciclo-de-guia-informacion-y-asistencias-turisticas-gt\/\">Programaci\u00f3n<\/a><\/li>\n<\/ul>\n<\/li>\n<\/ul>\n","protected":false},"excerpt":{"rendered":"<p>Administraci\u00f3n y Gesti\u00f3n Administraci\u00f3n y finanzas (AD) Curr\u00edculo Especificaciones Programaci\u00f3n Inform\u00e1tica y Comunicaciones Administraci\u00f3n de sistemas inform\u00e1ticos en red (AS) Curr\u00edculo Especificaciones Programaci\u00f3n Desarrollo de aplicaciones web ONLINE (DW) Curr\u00edculo Especificaciones Programaci\u00f3n Preguntas frecuentes ciclos online Desarrollo de aplicaciones multiplataforma ONLINE (DM) Curr\u00edculo Especificaciones Programaci\u00f3n Preguntas frecuentes ciclos online Instalaciones y Mantenimiento Mecatr\u00f3nica industrial (MI) [&hellip;]<\/p>\n","protected":false},"author":3,"featured_media":0,"parent":0,"menu_order":0,"comment_status":"closed","ping_status":"closed","template":"","meta":{"_genesis_hide_title":false,"_genesis_hide_breadcrumbs":false,"_genesis_hide_singular_image":false,"_genesis_hide_footer_widgets":false,"_genesis_custom_body_class":"","_genesis_custom_post_class":"","_genesis_layout":""},"_links":{"self":[{"href":"https:\/\/politecnicoestella.educacion.navarra.es\/web1\/eu\/wp-json\/wp\/v2\/pages\/400"}],"collection":[{"href":"https:\/\/politecnicoestella.educacion.navarra.es\/web1\/eu\/wp-json\/wp\/v2\/pages"}],"about":[{"href":"https:\/\/politecnicoestella.educacion.navarra.es\/web1\/eu\/wp-json\/wp\/v2\/types\/page"}],"author":[{"embeddable":true,"href":"https:\/\/politecnicoestella.educacion.navarra.es\/web1\/eu\/wp-json\/wp\/v2\/users\/3"}],"replies":[{"embeddable":true,"href":"https:\/\/politecnicoestella.educacion.navarra.es\/web1\/eu\/wp-json\/wp\/v2\/comments?post=400"}],"version-history":[{"count":3,"href":"https:\/\/politecnicoestella.educacion.navarra.es\/web1\/eu\/wp-json\/wp\/v2\/pages\/400\/revisions"}],"predecessor-version":[{"id":1686,"href":"https:\/\/politecnicoestella.educacion.navarra.es\/web1\/eu\/wp-json\/wp\/v2\/pages\/400\/revisions\/1686"}],"wp:attachment":[{"href":"https:\/\/politecnicoestella.educacion.navarra.es\/web1\/eu\/wp-json\/wp\/v2\/media?parent=400"}],"curies":[{"name":"wp","href":"https:\/\/api.w.org\/{rel}","templated":true}]}}