{"id":398,"date":"2019-12-19T13:28:23","date_gmt":"2019-12-19T12:28:23","guid":{"rendered":"https:\/\/politecnicoestella.educacion.navarra.es\/web1\/ciclos-formativos-de-grado-medio-cfgm\/"},"modified":"2020-11-23T17:42:36","modified_gmt":"2020-11-23T16:42:36","slug":"ciclos-formativos-de-grado-medio-cfgm","status":"publish","type":"page","link":"https:\/\/politecnicoestella.educacion.navarra.es\/web1\/eu\/ciclos-formativos-de-grado-medio-cfgm\/","title":{"rendered":"Ciclos formativos de Grado Medio (CFGM)"},"content":{"rendered":"<h4>Administraci\u00f3n y Gesti\u00f3n<\/h4>\n<ul>\n<li>Gesti\u00f3n administrativa (GA)\n<ul>\n<li><a href=\"http:\/\/www.educacion.navarra.es\/documents\/27590\/568365\/DF_52_2010_Gestion+Administrativa\/5f1e3715-5891-4930-a44b-673786a1a7ec\" target=\"_blank\" rel=\"noopener noreferrer\">Curr\u00edculo<\/a><\/li>\n<li><a href=\"https:\/\/docs.google.com\/document\/d\/1euVaUT0pfWj_fxncRBcGmzOID_lPwxRlscbwNYhQpyo\/edit\" target=\"_blank\" rel=\"noopener noreferrer\">Especificaciones<\/a><\/li>\n<li><a href=\".\/programaciones-del-ciclo-gestion-administrativa-ga\/\">Programaci\u00f3n<\/a><\/li>\n<\/ul>\n<\/li>\n<\/ul>\n<h4>Sanidad<\/h4>\n<ul>\n<li>Cuidados auxiliares de enfermer\u00eda (EN)\n<ul>\n<li><a href=\"http:\/\/www.navarra.es\/home_es\/Actualidad\/BON\/Boletines\/1996\/66\/Anuncio-2\/\" target=\"_blank\" rel=\"noopener noreferrer\">Curr\u00edculo<\/a><\/li>\n<li><a href=\"https:\/\/docs.google.com\/document\/d\/1mzunwJ1yvnWElR6z3B2po0dvXvPLcL8i3AYXgwqxwKE\/edit\" target=\"_blank\" rel=\"noopener noreferrer\">Especificaciones<\/a><\/li>\n<li><a href=\".\/programaciones-del-ciclo-cuidados-auxiliares-de-enfermeria-en\/\" rel=\"noopener\">Programaci\u00f3n<\/a><\/li>\n<\/ul>\n<\/li>\n<li>\n<div>Cuidados auxiliares de enfermer\u00eda (ENS)<\/div>\n<ul>\n<li>\n<div>Curr\u00edculo<\/div>\n<\/li>\n<li>\n<div><a href=\"https:\/\/docs.google.com\/document\/d\/11McVDAi3o1rH9jW6ngbovjh5VDdEjMuXrA4y3Nohfyc\/edit\" target=\"_blank\" rel=\"noopener noreferrer\" data-saferedirecturl=\"https:\/\/www.google.com\/url?q=https:\/\/docs.google.com\/document\/d\/11McVDAi3o1rH9jW6ngbovjh5VDdEjMuXrA4y3Nohfyc\/edit&amp;source=gmail&amp;ust=1600964025708000&amp;usg=AFQjCNHzFdkzM90OVLbp5HGrgfvPBp8y_g\">Especificaciones<\/a><\/div>\n<\/li>\n<li>\n<div><a href=\".\/programaciones-del-ciclo-cuidados-auxiliares-de-enfermeria-semipresencial\">Programaci\u00f3n<\/a><\/div>\n<\/li>\n<\/ul>\n<\/li>\n<\/ul>\n<h4>Fabricaci\u00f3n Mec\u00e1nica<\/h4>\n<ul>\n<li>Mecanizado (MC)\n<ul>\n<li><a href=\"http:\/\/www.educacion.navarra.es\/documents\/27590\/568365\/DF_94_2008_Mecanizado\/2d3b519e-4c9d-4eaf-abba-589844520afc\" target=\"_blank\" rel=\"noopener noreferrer\">Curr\u00edculo<\/a><\/li>\n<li><a href=\"https:\/\/docs.google.com\/document\/d\/1zFJR93zxsxT_tDD4HcZ28UMWIVYuZE3IZCUj7FcJaV0\/edit\" target=\"_blank\" rel=\"noopener noreferrer\">Especificaciones<\/a><\/li>\n<li><a href=\".\/programaciones-del-ciclo-de-mecanizado-mc\/\" rel=\"noopener noreferrer\">Programaci\u00f3n<\/a><\/li>\n<\/ul>\n<\/li>\n<\/ul>\n<h4>Inform\u00e1tica y Comunicaciones<\/h4>\n<ul>\n<li>Sistemas microinform\u00e1ticos y redes (MR)\n<ul>\n<li><a href=\"http:\/\/www.educacion.navarra.es\/documents\/27590\/568365\/DF_49_2010_Sistemas+Microinform\u00e1ticos+y+Redes\/a7888f0a-dbb5-4780-9275-60c43aa0793d\" target=\"_blank\" rel=\"noopener noreferrer\">Curr\u00edculo<\/a><\/li>\n<li><a href=\"https:\/\/docs.google.com\/document\/d\/1VQS5ELpBGQoKN2be7wM-9AF-kn0gjMqW-ijFhwddzIw\/edit\" target=\"_blank\" rel=\"noopener noreferrer\">Especificaciones<\/a><\/li>\n<li><a href=\".\/programaciones-del-ciclo-de-sistemas-microinformaticos-y-redes-mr\/\">Programaci\u00f3n<\/a><\/li>\n<\/ul>\n<\/li>\n<\/ul>\n<h4>Instalaciones y Mantenimiento<\/h4>\n<ul>\n<li>Instalaciones frigor\u00edficas y de climatizaci\u00f3n (FC)\n<ul>\n<li><a href=\"http:\/\/www.navarra.es\/home_es\/Actualidad\/BON\/Boletines\/2015\/255\/Anuncio-0\/\" target=\"_blank\" rel=\"noopener noreferrer\">Curr\u00edculo<\/a><\/li>\n<li><a href=\"https:\/\/docs.google.com\/document\/d\/1dcImAx-1bEOXLzmotiqRyXe947vj0ZoorVbZ9HKjOWk\/edit\" target=\"_blank\" rel=\"noopener noreferrer\">Especificaciones<\/a><\/li>\n<li><a href=\".\/programaciones-del-ciclo-de-instalaciones-frigorificas-y-de-climatizacion-fc\/\">Programaci\u00f3n<\/a><\/li>\n<\/ul>\n<\/li>\n<\/ul>\n<h4>Electricidad y electr\u00f3nica<\/h4>\n<ul>\n<li><a href=\"\/web\/index.php\/es\/oferta-educativa\/73-departamentos\/electricidad\">Instalaciones El\u00e9ctricas y autom\u00e1ticas&nbsp; (EL)<\/a>\n<ul>\n<li><a href=\"https:\/\/www.navarra.es\/home_es\/Actualidad\/BON\/Boletines\/2009\/77\/Anuncio-0\/\" target=\"_blank\" rel=\"noopener noreferrer\">Curr\u00edculo<\/a><\/li>\n<li><a href=\"https:\/\/docs.google.com\/document\/d\/1lJ4TLZKvaTE1WxXkxYKZwrpSwvf1Uao3FfPjCWIE4k4\/edit?usp=sharing\" target=\"_self\" rel=\"noopener noreferrer\">Especificaciones<\/a><\/li>\n<li><a href=\".\/programaciones-del-ciclo-instalaciones-electricas-y-automaticas-el\/\">Programaci\u00f3n<\/a><\/li>\n<\/ul>\n<\/li>\n<\/ul>\n<h4>Servicios socioculturales y a la comunidad<\/h4>\n<ul>\n<li><a href=\"\/web\/index.php\/es\/grado-medio\/atencion-a-personas-en-situacion-de-dependencia\">Atenci\u00f3n a personas en situaci\u00f3n de dependencia (AP)<\/a>\n<ul>\n<li><a href=\"http:\/\/www.educacion.navarra.es\/documents\/27590\/568365\/DF_82_2012_Atenci\u00f3n+a+Personas+en+Situaci\u00f3n+de+Dependencia\/950d4a0d-c90b-4cca-ad1e-4748a564862c\" target=\"_blank\" rel=\"noopener noreferrer\">Curr\u00edculo<\/a><\/li>\n<li><a href=\"https:\/\/docs.google.com\/document\/d\/1kfhX7QHA-4ouG0JXWGIyX9VVtBfg9xudQUFXKMNnd0c\/edit\" target=\"_blank\" rel=\"noopener noreferrer\">Especificaciones<\/a><\/li>\n<li><a href=\".\/programaciones-del-ciclo-de-atencion-a-personas-en-situacion-de-dependencia-ap\/\">Programaci\u00f3n<\/a><\/li>\n<\/ul>\n<\/li>\n<\/ul>\n","protected":false},"excerpt":{"rendered":"<p>Administraci\u00f3n y Gesti\u00f3n Gesti\u00f3n administrativa (GA) Curr\u00edculo Especificaciones Programaci\u00f3n Sanidad Cuidados auxiliares de enfermer\u00eda (EN) Curr\u00edculo Especificaciones Programaci\u00f3n Cuidados auxiliares de enfermer\u00eda (ENS) Curr\u00edculo Especificaciones Programaci\u00f3n Fabricaci\u00f3n Mec\u00e1nica Mecanizado (MC) Curr\u00edculo Especificaciones Programaci\u00f3n Inform\u00e1tica y Comunicaciones Sistemas microinform\u00e1ticos y redes (MR) Curr\u00edculo Especificaciones Programaci\u00f3n Instalaciones y Mantenimiento Instalaciones frigor\u00edficas y de climatizaci\u00f3n (FC) Curr\u00edculo Especificaciones [&hellip;]<\/p>\n","protected":false},"author":3,"featured_media":0,"parent":0,"menu_order":0,"comment_status":"closed","ping_status":"closed","template":"","meta":{"_genesis_hide_title":false,"_genesis_hide_breadcrumbs":false,"_genesis_hide_singular_image":false,"_genesis_hide_footer_widgets":false,"_genesis_custom_body_class":"","_genesis_custom_post_class":"","_genesis_layout":""},"_links":{"self":[{"href":"https:\/\/politecnicoestella.educacion.navarra.es\/web1\/eu\/wp-json\/wp\/v2\/pages\/398"}],"collection":[{"href":"https:\/\/politecnicoestella.educacion.navarra.es\/web1\/eu\/wp-json\/wp\/v2\/pages"}],"about":[{"href":"https:\/\/politecnicoestella.educacion.navarra.es\/web1\/eu\/wp-json\/wp\/v2\/types\/page"}],"author":[{"embeddable":true,"href":"https:\/\/politecnicoestella.educacion.navarra.es\/web1\/eu\/wp-json\/wp\/v2\/users\/3"}],"replies":[{"embeddable":true,"href":"https:\/\/politecnicoestella.educacion.navarra.es\/web1\/eu\/wp-json\/wp\/v2\/comments?post=398"}],"version-history":[{"count":4,"href":"https:\/\/politecnicoestella.educacion.navarra.es\/web1\/eu\/wp-json\/wp\/v2\/pages\/398\/revisions"}],"predecessor-version":[{"id":1685,"href":"https:\/\/politecnicoestella.educacion.navarra.es\/web1\/eu\/wp-json\/wp\/v2\/pages\/398\/revisions\/1685"}],"wp:attachment":[{"href":"https:\/\/politecnicoestella.educacion.navarra.es\/web1\/eu\/wp-json\/wp\/v2\/media?parent=398"}],"curies":[{"name":"wp","href":"https:\/\/api.w.org\/{rel}","templated":true}]}}