{"id":1177,"date":"2020-05-11T20:12:36","date_gmt":"2020-05-11T18:12:36","guid":{"rendered":"https:\/\/politecnicoestella.educacion.navarra.es\/web1\/deialdia\/"},"modified":"2020-05-11T20:12:36","modified_gmt":"2020-05-11T18:12:36","slug":"deialdia","status":"publish","type":"page","link":"https:\/\/politecnicoestella.educacion.navarra.es\/web1\/eu\/deialdia\/","title":{"rendered":"Deialdia"},"content":{"rendered":"<h2>ERASMUS+ 2020-21 para el alumnado y profesorado. Modalidad &#8220;B&#8221; para alumnos CFGM<\/h2>\n<h3>Para el ALUMNADO<\/h3>\n<p><a href=\"http:\/\/www.navarra.es\/home_es\/servicios\/descargar-fichero\/yWxnbVhsHjvcTfkLgMcSZqjPzzyzM9\/DESTINATARIOS_ERASMUS_PLUS_2019.pdf\">Alumnado\u00a0de Formaci\u00f3n Profesional de Grado Medio y Grado Superior<\/a>\u00a0de centros p\u00fablicos de la Comunidad Foral de Navarra.<\/p>\n<p><a href=\"http:\/\/www.navarra.es\/home_es\/servicios\/descargar-fichero\/7f8gpGFyLH8cGsG8k9vpRjwhv26jyf\/CATAL_DE_SERVICIOS_CONV_CAJA RURAL.pdf\">Colaboraci\u00f3n con CAJA RURAL DE NAVARRA<\/a>\u00a0(FP Grado Superior)<\/p>\n<p>V\u00eddeo Presentaci\u00f3n Erasmus+2020-21<\/p>\n<p><a href=\"https:\/\/drive.google.com\/file\/d\/1JgMybo1ibv_2e9DWP8yjYgTCCsvYY-JF\/view?usp=sharing_eil&amp;ts=5dc1c83d\" target=\"_blank\" rel=\"noreferrer noopener\">Preguntas_Frecuentes_Erasmus_2020corregida.pdf<\/a><\/p>\n<p><a href=\"http:\/\/www.educacion.navarra.es\/web\/dpto\/solicitud-erasmus-plus\" target=\"_blank\" rel=\"noreferrer noopener\">Solicitud de participaci\u00f3n<\/a>\u00a0\u00a0<a href=\"http:\/\/www.navarra.es\/home_es\/servicios\/descargar-fichero\/dgT4vgq8S8dTQrLgRd3DD8mpgkXJWG\/COMPROMISOS_PARTICIPANTES_CONVOCATORIA_2019.pdf\" target=\"_blank\" rel=\"noreferrer noopener\">Del\u00a004-11-2019\u00a0al\u00a006-12-2019<\/a><\/p>\n<p>Recogida de documentaci\u00f3n EN EL CENTRO:<\/p>\n<p><a href=\"http:\/\/europass.cedefop.europa.eu\/es\/home\" target=\"_blank\" rel=\"noreferrer noopener\">Curriculum Vitae y Carta de Presentaci\u00f3n<\/a>\u00a0 (enviar en soporte inform\u00e1tico)<\/p>\n<p>(<a href=\"http:\/\/www.navarra.es\/home_es\/servicios\/descargar-fichero\/tTfH7vMtddmMSDTgSy5bkbX1QLCLKh\/Europass_Carta de Presentacion y CV - EJEMPLO - ENGLISH.pdf\">Ejemplo de Curriculum Vitae y Carta de Presentaci\u00f3n)<\/a><\/p>\n<p><a href=\"http:\/\/www.navarra.es\/home_es\/servicios\/descargar-fichero\/WC9dwfQDt8TRLSRxDCxsk9BgS6Q254\/COMPROMISOS_PARTICIPANTES_CONVOCATORIA_20.pdf\">Declaraci\u00f3n de compromisos de los participantes (Entregar COMPLETO en papel firmado)<\/a><\/p>\n<p><a href=\"http:\/\/www.navarra.es\/home_es\/servicios\/descargar-fichero\/sWcXgz72Qx3vVmLBp8myvGyWCGMcjT\/solicituddeabonoportransferencia.doc\">\u00a0\u00a0\u00a0\u00a0\u00a0Solicitud de abono por transferencia<\/a><\/p>\n<p>Acceso a toda la documentaci\u00f3n, ejemplos de CV, Carta de presentaci\u00f3n, normativa y otros.<br \/>\nALUMNADO\u00a0 <a href=\"http:\/\/www.navarra.es\/home_es\/Servicios\/ficha\/1964\/Becas-para-estancias-de-formacion-en-empresas-de-la-Union-Europea-para-el-alumnado-de-FP\" target=\"_blank\" rel=\"noreferrer noopener\">+INF<\/a><\/p>\n<h3>Para el PROFESORADO<\/h3>\n<p><strong>\u00a0 &#8211; <a href=\"https:\/\/drive.google.com\/file\/d\/1YdZxZMr5-_j1JRgjxoZOhGu16SgCpFCW\/view?usp=sharing_eil&amp;ts=5dc1cbed\" target=\"_blank\" rel=\"noreferrer noopener\">Profesorado_FOLLETO.pdf<\/a><\/strong><\/p>\n<p>&#8211; <strong><a href=\"https:\/\/drive.google.com\/file\/d\/1_0S7kyCuaCzXcV_k7B8HYie08A7mtJZa\/view?usp=sharing_eil&amp;ts=5dc1cbae\" target=\"_blank\" rel=\"noreferrer noopener\">GESTION_BECAS_PROFESORES_CONV_2020.pdf<\/a><\/strong><\/p>\n<p>INSTRUCCIONES Y PROCEDIMIENTO PARA LA SOLICITUD Y EJECUCI\u00d3N DE <strong>ESTANCIAS CORTAS DE 2 \u00d3 3 SEMANAS<\/strong> PARA <strong>ALUMNOS DE GRADO MEDIO DE FORMACI\u00d3N PROFESIONAL MODALIDAD B<\/strong> <a href=\"https:\/\/drive.google.com\/file\/d\/1VEe0r5vi8Z7Y-WNBc5Pmk701EE6DJoI4\/view?usp=sharing_eil&amp;ts=5dc1c743\" target=\"_blank\" rel=\"noreferrer noopener\">TUTORIAL PARA MODALIDAD B_2019_20.doc<\/a><\/p>\n<p><strong>AVISO:<\/strong> En el centro se realizar\u00e1n reuniones informativas con la Responsable de Internacionalizaci\u00f3n del centro, estar al tanto.\u00a0Se est\u00e1 pasando por los grupos.<\/p>\n<p><strong>PLAZOS ENTREGA EN CENTRO<\/strong><\/p>\n<p>Compromiso: 29 de noviembre de 2019 (correo <a href=\"mailto:ofiestel-europa@educacion.navarra.es\">ofiestel-europa@educacion.navarra.es<\/a>)<\/p>\n<p>Curriculum Vitae y Carta de Presentaci\u00f3n: 16 de diciembre de 2019.\u00a0(correo <a href=\"mailto:ofiestel-europa@educacion.navarra.es\">ofiestel-europa@educacion.navarra.es<\/a>)<\/p>\n<figure class=\"wp-block-image\"><a href=\"https:\/\/politecnicoestella.educacion.navarra.es\/web1\/wp-content\/uploads\/2020\/05\/image001.jpg\"><img loading=\"lazy\" class=\"aligncenter size-full wp-image-1173\" src=\"https:\/\/politecnicoestella.educacion.navarra.es\/web1\/wp-content\/uploads\/2020\/05\/image001.jpg\" alt=\"\" width=\"422\" height=\"123\" srcset=\"https:\/\/politecnicoestella.educacion.navarra.es\/web1\/wp-content\/uploads\/2020\/05\/image001.jpg 422w, https:\/\/politecnicoestella.educacion.navarra.es\/web1\/wp-content\/uploads\/2020\/05\/image001-300x87.jpg 300w\" sizes=\"(max-width: 422px) 100vw, 422px\" \/><\/a><\/figure>\n","protected":false},"excerpt":{"rendered":"<p>ERASMUS+ 2020-21 para el alumnado y profesorado. Modalidad &#8220;B&#8221; para alumnos CFGM Para el ALUMNADO Alumnado\u00a0de Formaci\u00f3n Profesional de Grado Medio y Grado Superior\u00a0de centros p\u00fablicos de la Comunidad Foral de Navarra. Colaboraci\u00f3n con CAJA RURAL DE NAVARRA\u00a0(FP Grado Superior) V\u00eddeo Presentaci\u00f3n Erasmus+2020-21 Preguntas_Frecuentes_Erasmus_2020corregida.pdf Solicitud de participaci\u00f3n\u00a0\u00a0Del\u00a004-11-2019\u00a0al\u00a006-12-2019 Recogida de documentaci\u00f3n EN EL CENTRO: Curriculum Vitae [&hellip;]<\/p>\n","protected":false},"author":3,"featured_media":557,"parent":0,"menu_order":0,"comment_status":"closed","ping_status":"closed","template":"","meta":{"_genesis_hide_title":false,"_genesis_hide_breadcrumbs":false,"_genesis_hide_singular_image":false,"_genesis_hide_footer_widgets":false,"_genesis_custom_body_class":"","_genesis_custom_post_class":"","_genesis_layout":""},"_links":{"self":[{"href":"https:\/\/politecnicoestella.educacion.navarra.es\/web1\/eu\/wp-json\/wp\/v2\/pages\/1177"}],"collection":[{"href":"https:\/\/politecnicoestella.educacion.navarra.es\/web1\/eu\/wp-json\/wp\/v2\/pages"}],"about":[{"href":"https:\/\/politecnicoestella.educacion.navarra.es\/web1\/eu\/wp-json\/wp\/v2\/types\/page"}],"author":[{"embeddable":true,"href":"https:\/\/politecnicoestella.educacion.navarra.es\/web1\/eu\/wp-json\/wp\/v2\/users\/3"}],"replies":[{"embeddable":true,"href":"https:\/\/politecnicoestella.educacion.navarra.es\/web1\/eu\/wp-json\/wp\/v2\/comments?post=1177"}],"version-history":[{"count":0,"href":"https:\/\/politecnicoestella.educacion.navarra.es\/web1\/eu\/wp-json\/wp\/v2\/pages\/1177\/revisions"}],"wp:featuredmedia":[{"embeddable":true,"href":"https:\/\/politecnicoestella.educacion.navarra.es\/web1\/eu\/wp-json\/wp\/v2\/media\/557"}],"wp:attachment":[{"href":"https:\/\/politecnicoestella.educacion.navarra.es\/web1\/eu\/wp-json\/wp\/v2\/media?parent=1177"}],"curies":[{"name":"wp","href":"https:\/\/api.w.org\/{rel}","templated":true}]}}