{"id":1124,"date":"2020-05-04T13:27:06","date_gmt":"2020-05-04T11:27:06","guid":{"rendered":"https:\/\/politecnicoestella.educacion.navarra.es\/web1\/lan-poltsarako-oharrak-2\/"},"modified":"2020-09-30T14:08:51","modified_gmt":"2020-09-30T12:08:51","slug":"lan-poltsarako-oharrak-2","status":"publish","type":"page","link":"https:\/\/politecnicoestella.educacion.navarra.es\/web1\/eu\/lan-poltsarako-oharrak-2\/","title":{"rendered":"Lan poltsa utzi"},"content":{"rendered":"\n<h3>Exclusivo para los exalumnos del CI Polit\u00e9cnico de Estella<\/h3>\n\n<p>En caso de ser contratado\/a por una empresa, deber\u00e1 comunic\u00e1rnoslo a efectos de causar baja mediante el siguiente formulario.<\/p>\n\n<p>TODO ELLO EN EL MARCO DE LA LEY ORG\u00c1NICA 15\/1999, DE PROTECCI\u00d3N DE DATOS PERSONALES<\/p>\n\n<h3 id=\"formulario\">Formulario de Baja en la bolsa de empleo<\/h3>\n\n                <div class='gf_browser_gecko gform_wrapper' id='gform_wrapper_4' ><form method='post' enctype='multipart\/form-data'  id='gform_4'  action='\/web1\/eu\/wp-json\/wp\/v2\/pages\/1124'>\n                        <div class='gform_body'><ul id='gform_fields_4' class='gform_fields top_label form_sublabel_below description_below'><li id='field_4_2'  class='gfield gfield_contains_required field_sublabel_below field_description_below gfield_visibility_visible' ><label class='gfield_label' for='input_4_2' >DNI<span class='gfield_required'>*<\/span><\/label><div class='ginput_container ginput_container_text'><input name='input_2' id='input_4_2' type='text' value='' class='small' maxlength='13'    aria-required=\"true\" aria-invalid=\"false\" \/><\/div><\/li><li id='field_4_4'  class='gfield gfield_contains_required field_sublabel_below field_description_below gfield_visibility_visible' ><label class='gfield_label' for='input_4_4' >Apellidos<span class='gfield_required'>*<\/span><\/label><div class='ginput_container ginput_container_text'><input name='input_4' id='input_4_4' type='text' value='' class='small'     aria-required=\"true\" aria-invalid=\"false\" \/><\/div><\/li><li id='field_4_3'  class='gfield gfield_contains_required field_sublabel_below field_description_below gfield_visibility_visible' ><label class='gfield_label' for='input_4_3' >Nombre<span class='gfield_required'>*<\/span><\/label><div class='ginput_container ginput_container_text'><input name='input_3' id='input_4_3' type='text' value='' class='small'     aria-required=\"true\" aria-invalid=\"false\" \/><\/div><\/li><li id='field_4_5'  class='gfield gfield_contains_required field_sublabel_below field_description_below gfield_visibility_visible' ><label class='gfield_label' for='input_4_5' >Email<span class='gfield_required'>*<\/span><\/label><div class='ginput_container ginput_container_email'>\n                            <input name='input_5' id='input_4_5' type='text' value='' class='small'    aria-required=\"true\" aria-invalid=\"false\" \/>\n                        <\/div><\/li><li id='field_4_6'  class='gfield gfield_contains_required field_sublabel_below field_description_below gfield_visibility_visible' ><label class='gfield_label'  >Baja<span class='gfield_required'>*<\/span><\/label><div class='ginput_container ginput_container_checkbox'><ul class='gfield_checkbox' id='input_4_6'><li class='gchoice_4_6_1'>\n\t\t\t\t\t\t\t\t<input name='input_6.1' type='checkbox'  value='Deseo darme de baja de la bolsa de empleo del Polit\u00e9cnico de Estella'  id='choice_4_6_1'   \/>\n\t\t\t\t\t\t\t\t<label for='choice_4_6_1' id='label_4_6_1'>Deseo darme de baja de la bolsa de empleo del Polit\u00e9cnico de Estella<\/label>\n\t\t\t\t\t\t\t<\/li><\/ul><\/div><\/li><li id='field_4_7'  class='gfield field_sublabel_below field_description_above gfield_visibility_visible' ><label class='gfield_label' for='input_4_7' ><\/label><div id='input_4_7' class='ginput_container ginput_recaptcha' data-sitekey='6LcIO-YUAAAAAOEEjbwcasBqR5ud9cYmyRKgWnVy'  data-theme='light' data-tabindex='-1' data-size='invisible' data-badge='bottomright'><\/div><\/li><li id='field_4_8'  class='gfield gform_hidden field_sublabel_below field_description_below gfield_visibility_visible' ><input name='input_8' id='input_4_8' type='hidden' class='gform_hidden'  aria-invalid=\"false\" value='09\/04\/2026' \/><\/li>\n                            <\/ul><\/div>\n        <div class='gform_footer top_label'> <input type='submit' id='gform_submit_button_4' class='gform_button button' value='Enviar'  onclick='if(window[\"gf_submitting_4\"]){return false;}  window[\"gf_submitting_4\"]=true;  ' onkeypress='if( event.keyCode == 13 ){ if(window[\"gf_submitting_4\"]){return false;} window[\"gf_submitting_4\"]=true;  jQuery(\"#gform_4\").trigger(\"submit\",[true]); }' \/> \n            <input type='hidden' class='gform_hidden' name='is_submit_4' value='1' \/>\n            <input type='hidden' class='gform_hidden' name='gform_submit' value='4' \/>\n            \n            <input type='hidden' class='gform_hidden' name='gform_unique_id' value='' \/>\n            <input type='hidden' class='gform_hidden' name='state_4' value='WyJbXSIsIjExYTU3NmU1NjU4NjMxOGVhMTIwNDg3NTZhMTNmZDhiIl0=' \/>\n            <input type='hidden' class='gform_hidden' name='gform_target_page_number_4' id='gform_target_page_number_4' value='0' \/>\n            <input type='hidden' class='gform_hidden' name='gform_source_page_number_4' id='gform_source_page_number_4' value='1' \/>\n            <input type='hidden' name='gform_field_values' value='' \/>\n            \n        <\/div>\n                        <p style=\"display: none !important;\" class=\"akismet-fields-container\" data-prefix=\"ak_\"><label>&#916;<textarea name=\"ak_hp_textarea\" cols=\"45\" rows=\"8\" maxlength=\"100\"><\/textarea><\/label><input type=\"hidden\" id=\"ak_js_1\" name=\"ak_js\" value=\"137\"\/><script>document.getElementById( \"ak_js_1\" ).setAttribute( \"value\", ( new Date() ).getTime() );<\/script><\/p><\/form>\n                        <\/div><script type='text\/javascript'> jQuery(document).bind('gform_post_render', function(event, formId, currentPage){if(formId == 4) {if(!jQuery('#input_4_2+.ginput_counter').length){jQuery('#input_4_2').textareaCount(    {'maxCharacterSize': 13,    'originalStyle': 'ginput_counter',\t 'truncate': true,\t 'errorStyle' : '',    'displayFormat' : '#input of #max max characters'    });jQuery('input_4_2').next('.ginput_counter').attr('aria-live','polite');}} } );jQuery(document).bind('gform_post_conditional_logic', function(event, formId, fields, isInit){} );<\/script><script type='text\/javascript'> jQuery(document).ready(function(){jQuery(document).trigger('gform_post_render', [4, 1]) } ); <\/script>\n","protected":false},"excerpt":{"rendered":"<p>Exclusivo para los exalumnos del CI Polit\u00e9cnico de Estella En caso de ser contratado\/a por una empresa, deber\u00e1 comunic\u00e1rnoslo a efectos de causar baja mediante el siguiente formulario. TODO ELLO EN EL MARCO DE LA LEY ORG\u00c1NICA 15\/1999, DE PROTECCI\u00d3N DE DATOS PERSONALES Formulario de Baja en la bolsa de empleo<\/p>\n","protected":false},"author":3,"featured_media":0,"parent":0,"menu_order":0,"comment_status":"closed","ping_status":"closed","template":"","meta":{"_genesis_hide_title":false,"_genesis_hide_breadcrumbs":false,"_genesis_hide_singular_image":false,"_genesis_hide_footer_widgets":false,"_genesis_custom_body_class":"","_genesis_custom_post_class":"","_genesis_layout":""},"_links":{"self":[{"href":"https:\/\/politecnicoestella.educacion.navarra.es\/web1\/eu\/wp-json\/wp\/v2\/pages\/1124"}],"collection":[{"href":"https:\/\/politecnicoestella.educacion.navarra.es\/web1\/eu\/wp-json\/wp\/v2\/pages"}],"about":[{"href":"https:\/\/politecnicoestella.educacion.navarra.es\/web1\/eu\/wp-json\/wp\/v2\/types\/page"}],"author":[{"embeddable":true,"href":"https:\/\/politecnicoestella.educacion.navarra.es\/web1\/eu\/wp-json\/wp\/v2\/users\/3"}],"replies":[{"embeddable":true,"href":"https:\/\/politecnicoestella.educacion.navarra.es\/web1\/eu\/wp-json\/wp\/v2\/comments?post=1124"}],"version-history":[{"count":3,"href":"https:\/\/politecnicoestella.educacion.navarra.es\/web1\/eu\/wp-json\/wp\/v2\/pages\/1124\/revisions"}],"predecessor-version":[{"id":1402,"href":"https:\/\/politecnicoestella.educacion.navarra.es\/web1\/eu\/wp-json\/wp\/v2\/pages\/1124\/revisions\/1402"}],"wp:attachment":[{"href":"https:\/\/politecnicoestella.educacion.navarra.es\/web1\/eu\/wp-json\/wp\/v2\/media?parent=1124"}],"curies":[{"name":"wp","href":"https:\/\/api.w.org\/{rel}","templated":true}]}}