{"id":8656,"date":"2025-09-18T11:18:22","date_gmt":"2025-09-18T09:18:22","guid":{"rendered":"https:\/\/politecnicoestella.educacion.navarra.es\/web1\/?page_id=8656"},"modified":"2025-09-19T09:30:04","modified_gmt":"2025-09-19T07:30:04","slug":"donde-alojarse","status":"publish","type":"page","link":"https:\/\/politecnicoestella.educacion.navarra.es\/web1\/en\/donde-alojarse\/","title":{"rendered":"\u00bfD\u00f3nde alojarse?"},"content":{"rendered":"<p>Si eres estudiante en modalidad virtual y vas a venir a Estella para realizar los ex\u00e1menes presenciales, te facilitamos informaci\u00f3n \u00fatil para organizar tu estancia.<\/p>\n<hr \/>\n<h3>Opciones de alojamiento<\/h3>\n<p>Estella-Lizarra cuenta con una amplia oferta de alojamientos que se adaptan a distintos presupuestos: hostales, hoteles, pensiones, apartamentos tur\u00edsticos e incluso alquileres temporales.<\/p>\n<p>Para consultar todas las opciones disponibles, te recomendamos visitar:<\/p>\n<ul>\n<li><span style=\"color: #3366ff;\">\u00a0<a style=\"color: #3366ff;\" href=\"https:\/\/www.turismotierraestella.com\/\" target=\"_blank\" rel=\"noopener\" data-saferedirecturl=\"https:\/\/www.google.com\/url?q=https:\/\/www.turismotierraestella.com\/&amp;source=gmail&amp;ust=1758269839676000&amp;usg=AOvVaw3GYIfQSOlBq8w0Us3uE-Ed\">Consorcio Tur\u00edstico de Tierra Estella<\/a><\/span><\/li>\n<li><span style=\"color: #3366ff;\">\u00a0<a style=\"color: #3366ff;\" href=\"https:\/\/www.visitnavarra.es\/es\/planifica-viaje\/oficinas-de-turismo\">Oficina de Turismo de Estella\u2011Lizarra<\/a><\/span><\/li>\n<\/ul>\n<p>Ambas webs incluyen buscadores de alojamiento, mapas y datos de contacto actualizados.<\/p>\n<hr \/>\n<h3>Ubicaci\u00f3n recomendada para alojamiento<\/h3>\n<p>Te sugerimos buscar alojamiento en el centro de Estella o en las inmediaciones del Polit\u00e9cnico. La ciudad es peque\u00f1a y f\u00e1cil de recorrer a pie, lo que hace que cualquier punto relativamente cercano al Polit\u00e9cnico funcione bien.<\/p>\n<hr \/>\n<h3>\u00bfNecesitas m\u00e1s informaci\u00f3n?<\/h3>\n<p>Si tienes dudas o necesitas ayuda adicional, puedes ponerte en contacto con nosotros:<\/p>\n<p>E-mail: <span style=\"color: #3366ff;\"><a style=\"color: #3366ff;\" href=\"mailto:politecnicoestella@educacion.navarra.es\" target=\"_blank\" rel=\"noopener\">politecnicoestella@educacion.<wbr \/>navarra.es<\/a><\/span><\/p>\n<p>Tel\u00e9fono: 948 55 04 12<\/p>\n","protected":false},"excerpt":{"rendered":"<p>Si eres estudiante en modalidad virtual y vas a venir a Estella para realizar los ex\u00e1menes presenciales, te facilitamos informaci\u00f3n \u00fatil para organizar tu estancia. Opciones de alojamiento Estella-Lizarra cuenta con una amplia oferta de alojamientos que se adaptan a distintos presupuestos: hostales, hoteles, pensiones, apartamentos tur\u00edsticos e incluso alquileres temporales. Para consultar todas las [&hellip;]<\/p>\n","protected":false},"author":67,"featured_media":8668,"parent":0,"menu_order":0,"comment_status":"closed","ping_status":"closed","template":"","meta":{"_genesis_hide_title":false,"_genesis_hide_breadcrumbs":false,"_genesis_hide_singular_image":false,"_genesis_hide_footer_widgets":false,"_genesis_custom_body_class":"","_genesis_custom_post_class":"","_genesis_layout":""},"_links":{"self":[{"href":"https:\/\/politecnicoestella.educacion.navarra.es\/web1\/en\/wp-json\/wp\/v2\/pages\/8656"}],"collection":[{"href":"https:\/\/politecnicoestella.educacion.navarra.es\/web1\/en\/wp-json\/wp\/v2\/pages"}],"about":[{"href":"https:\/\/politecnicoestella.educacion.navarra.es\/web1\/en\/wp-json\/wp\/v2\/types\/page"}],"author":[{"embeddable":true,"href":"https:\/\/politecnicoestella.educacion.navarra.es\/web1\/en\/wp-json\/wp\/v2\/users\/67"}],"replies":[{"embeddable":true,"href":"https:\/\/politecnicoestella.educacion.navarra.es\/web1\/en\/wp-json\/wp\/v2\/comments?post=8656"}],"version-history":[{"count":7,"href":"https:\/\/politecnicoestella.educacion.navarra.es\/web1\/en\/wp-json\/wp\/v2\/pages\/8656\/revisions"}],"predecessor-version":[{"id":8678,"href":"https:\/\/politecnicoestella.educacion.navarra.es\/web1\/en\/wp-json\/wp\/v2\/pages\/8656\/revisions\/8678"}],"wp:featuredmedia":[{"embeddable":true,"href":"https:\/\/politecnicoestella.educacion.navarra.es\/web1\/en\/wp-json\/wp\/v2\/media\/8668"}],"wp:attachment":[{"href":"https:\/\/politecnicoestella.educacion.navarra.es\/web1\/en\/wp-json\/wp\/v2\/media?parent=8656"}],"curies":[{"name":"wp","href":"https:\/\/api.w.org\/{rel}","templated":true}]}}