{"id":742,"date":"2020-04-27T13:33:03","date_gmt":"2020-04-27T11:33:03","guid":{"rendered":"https:\/\/politecnicoestella.educacion.navarra.es\/web1\/guidelines-to-help-students-study\/"},"modified":"2020-04-27T13:33:04","modified_gmt":"2020-04-27T11:33:04","slug":"guidelines-to-help-students-study","status":"publish","type":"page","link":"https:\/\/politecnicoestella.educacion.navarra.es\/web1\/en\/guidelines-to-help-students-study\/","title":{"rendered":"Guidelines to help students study"},"content":{"rendered":"\n<h4>C\u00f3mo pueden ayudar las madres y padres a sus hijas\/os en el estudio<\/h4>\n\n<ul><li>Valor\u00e1ndoles el estudio como una actividad importante y necesaria.<\/li><li>Facilit\u00e1ndoles el ambiente de estudio, condiciones de espacio, tiempo, materiales.<\/li><li>Anim\u00e1ndoles, respetando y controlando su tiempo de estudio diario. Estudiar no es hacer tareas solamente, tambi\u00e9n tienen que estudiar. Insistirles que deben estudiar diariamente todo lo que cada uno necesite para llevar al d\u00eda las asignaturas, que es dif\u00edcil llevar bien el curso estudiando s\u00f3lo para los ex\u00e1menes.<\/li><li>Valorando el esfuerzo, no s\u00f3lo el resultado obtenido seg\u00fan las calificaciones. Cada familia debe intentar conocer a su hijo\/a y tratar de ajustar sus expectativas a lo que \u00e9ste es capaz de responder, exigi\u00e9ndole de acuerdo a sus posibilidades y reconoci\u00e9ndole el esfuerzo que realiza si este responde de acuerdo a lo que se espera de \u00e9l.<\/li><li>Realizando un seguimiento del estudio, viendo si tiene un plan de estudio y lo cumple, o si por el contrario no lo est\u00e1 llevando a cabo, analizando a qu\u00e9 se deben las dificultades que tiene en el estudio, &#8230; etc, por lo menos en el caso de los alumnos\/as m\u00e1s j\u00f3venes.<\/li><li>Controlando su asistencia a clase y no justificando de forma paternalista (alumnos menores de 18 a\u00f1os) lo que no se debe justificar.<\/li><li>Asistiendo a las reuniones y a las entrevistas que se le convoquen desde el Centro o que ellos crean convenientes. Los problemas del alumno\/a deben ser compartidos por la familia y el tutor, de ah\u00ed la importancia de los contactos entre ambos sin esperar a que sea demasiado tarde.<\/li><\/ul>\n","protected":false},"excerpt":{"rendered":"<p>C\u00f3mo pueden ayudar las madres y padres a sus hijas\/os en el estudio Valor\u00e1ndoles el estudio como una actividad importante y necesaria. Facilit\u00e1ndoles el ambiente de estudio, condiciones de espacio, tiempo, materiales. Anim\u00e1ndoles, respetando y controlando su tiempo de estudio diario. Estudiar no es hacer tareas solamente, tambi\u00e9n tienen que estudiar. Insistirles que deben estudiar [&hellip;]<\/p>\n","protected":false},"author":4,"featured_media":0,"parent":0,"menu_order":0,"comment_status":"closed","ping_status":"closed","template":"","meta":{"_genesis_hide_title":false,"_genesis_hide_breadcrumbs":false,"_genesis_hide_singular_image":false,"_genesis_hide_footer_widgets":false,"_genesis_custom_body_class":"","_genesis_custom_post_class":"","_genesis_layout":""},"_links":{"self":[{"href":"https:\/\/politecnicoestella.educacion.navarra.es\/web1\/en\/wp-json\/wp\/v2\/pages\/742"}],"collection":[{"href":"https:\/\/politecnicoestella.educacion.navarra.es\/web1\/en\/wp-json\/wp\/v2\/pages"}],"about":[{"href":"https:\/\/politecnicoestella.educacion.navarra.es\/web1\/en\/wp-json\/wp\/v2\/types\/page"}],"author":[{"embeddable":true,"href":"https:\/\/politecnicoestella.educacion.navarra.es\/web1\/en\/wp-json\/wp\/v2\/users\/4"}],"replies":[{"embeddable":true,"href":"https:\/\/politecnicoestella.educacion.navarra.es\/web1\/en\/wp-json\/wp\/v2\/comments?post=742"}],"version-history":[{"count":1,"href":"https:\/\/politecnicoestella.educacion.navarra.es\/web1\/en\/wp-json\/wp\/v2\/pages\/742\/revisions"}],"predecessor-version":[{"id":743,"href":"https:\/\/politecnicoestella.educacion.navarra.es\/web1\/en\/wp-json\/wp\/v2\/pages\/742\/revisions\/743"}],"wp:attachment":[{"href":"https:\/\/politecnicoestella.educacion.navarra.es\/web1\/en\/wp-json\/wp\/v2\/media?parent=742"}],"curies":[{"name":"wp","href":"https:\/\/api.w.org\/{rel}","templated":true}]}}