{"id":734,"date":"2020-04-27T13:26:45","date_gmt":"2020-04-27T11:26:45","guid":{"rendered":"https:\/\/politecnicoestella.educacion.navarra.es\/web1\/blcp-projects\/"},"modified":"2020-04-27T13:26:45","modified_gmt":"2020-04-27T11:26:45","slug":"blcp-projects","status":"publish","type":"page","link":"https:\/\/politecnicoestella.educacion.navarra.es\/web1\/en\/blcp-projects\/","title":{"rendered":"BLCP projects"},"content":{"rendered":"\n<h2>BASED LEARNING COLLABORATIVE PROJECTS<\/h2>\n\n<h4>Introducci\u00f3n<\/h4>\n\n<ul><li>Metodolog\u00edas activas (ACBP en FP)\u00a0\u00a0<a rel=\"noreferrer noopener\" href=\"https:\/\/sites.google.com\/educacion.navarra.es\/acbp-en-fp\/inicio\" target=\"_blank\">+INFO<\/a><\/li><li>Programa Kimua\u00a0<a rel=\"noreferrer noopener\" href=\"https:\/\/drive.google.com\/drive\/folders\/1q2n_L_ArLeqxrPiQcTnroVeeiK48qQwO\" target=\"_blank\">Resoluciones que regulan la implantaci\u00f3n del Programa Kimua y sus acciones<\/a><\/li><\/ul>\n\n<h4><strong>Proyectos ACBP en el centro<\/strong><\/h4>\n\n<p><a rel=\"noreferrer noopener\" href=\"https:\/\/politecnicoestella.educacion.navarra.es\/web\/index.php\/es\/329-presentacion-web-pamplona-negra\" target=\"_blank\">Pamplona Negra\u00a0\u00a0(La cuarta edici\u00f3n del festival &#8220;Pamplona Negra&#8221;, edici\u00f3n 2018, dedicado a la literatura y el cine negro, contar\u00e1 con una nueva web y una aplicaci\u00f3n inform\u00e1tica realizadas ambas por alumnado de FP de los centros: CI Polit\u00e9cnico de Estella y Cuatro Vientos de Pamplona.)\u00a0<\/a><\/p>\n\n<ul><li><a rel=\"noreferrer noopener\" href=\"http:\/\/pamplonanegra.com\/es\/index.php\" target=\"_blank\">Enlace a pr\u00f3xima edici\u00f3n en la que tambi\u00e9n participa el centro.<\/a><\/li><\/ul>\n\n<h4>Divulgaci\u00f3n Proyectos<\/h4>\n\n<p>Los d\u00edas 6, 7 y 8 de noviembre de 2018, se han celebrado las\u00a0XXII Jornadas del Consejo Escolar de Navarra\u00a0\u201cProyectos de innovaci\u00f3n 2017-2018\u201d\u00a0en el Museo de Navarra.\u00a0<strong>Judith Cadarso, profesora del centro, present\u00f3 el proyecto\u00a0\u201cCreaci\u00f3n de huerto ecol\u00f3gico\u201d<\/strong>\u00a0<a rel=\"noreferrer noopener\" href=\"http:\/\/consejoescolar.educacion.navarra.es\/web1\/2018\/11\/09\/xxii-jornadas-proyectos-de-innovacion-2017-2018\/\" target=\"_blank\">+INF y fotos<\/a>\u00a0 \u00a0 \u00a0<a rel=\"noreferrer noopener\" href=\"http:\/\/consejoescolar.educacion.navarra.es\/web1\/wp-content\/uploads\/2018\/12\/CEN_idea_50-navegable.pdf\" target=\"_blank\">Revista IDEA (ver p\u00e1gina 65)<\/a><\/p>\n\n<p>El 16 de enero de 2019,\u00a0<strong>Judith Cadarso<\/strong>, presenta\u00a0<strong>el proyecto\u00a0\u201cCreaci\u00f3n de huerto ecol\u00f3gico\u201d<\/strong>\u00a0(programa de tarde, 16,50h)<strong>,\u00a0<\/strong>As\u00ed fue: 3\u00ba Encuentro de Centros Innovadores de Arag\u00f3n (Zaragoza, 16-1-2019).\u00a0<a rel=\"noreferrer noopener\" href=\"http:\/\/dimglobal.ning.com\/profiles\/blogs\/encuentrozaragoza19\" target=\"_blank\">PROGRAMA DE LA MA\u00d1ANA<\/a>\u00a0\u00a0 \u00a0<a rel=\"noreferrer noopener\" href=\"http:\/\/dimglobal.ning.com\/profiles\/blogs\/encuentrozaragoza19tarde\" target=\"_blank\">PROGRAMA DE TARDE<\/a><\/p>\n","protected":false},"excerpt":{"rendered":"<p>BASED LEARNING COLLABORATIVE PROJECTS Introducci\u00f3n Metodolog\u00edas activas (ACBP en FP)\u00a0\u00a0+INFO Programa Kimua\u00a0Resoluciones que regulan la implantaci\u00f3n del Programa Kimua y sus acciones Proyectos ACBP en el centro Pamplona Negra\u00a0\u00a0(La cuarta edici\u00f3n del festival &#8220;Pamplona Negra&#8221;, edici\u00f3n 2018, dedicado a la literatura y el cine negro, contar\u00e1 con una nueva web y una aplicaci\u00f3n inform\u00e1tica realizadas [&hellip;]<\/p>\n","protected":false},"author":4,"featured_media":3573,"parent":0,"menu_order":0,"comment_status":"closed","ping_status":"closed","template":"","meta":{"_genesis_hide_title":false,"_genesis_hide_breadcrumbs":false,"_genesis_hide_singular_image":false,"_genesis_hide_footer_widgets":false,"_genesis_custom_body_class":"","_genesis_custom_post_class":"","_genesis_layout":""},"_links":{"self":[{"href":"https:\/\/politecnicoestella.educacion.navarra.es\/web1\/en\/wp-json\/wp\/v2\/pages\/734"}],"collection":[{"href":"https:\/\/politecnicoestella.educacion.navarra.es\/web1\/en\/wp-json\/wp\/v2\/pages"}],"about":[{"href":"https:\/\/politecnicoestella.educacion.navarra.es\/web1\/en\/wp-json\/wp\/v2\/types\/page"}],"author":[{"embeddable":true,"href":"https:\/\/politecnicoestella.educacion.navarra.es\/web1\/en\/wp-json\/wp\/v2\/users\/4"}],"replies":[{"embeddable":true,"href":"https:\/\/politecnicoestella.educacion.navarra.es\/web1\/en\/wp-json\/wp\/v2\/comments?post=734"}],"version-history":[{"count":1,"href":"https:\/\/politecnicoestella.educacion.navarra.es\/web1\/en\/wp-json\/wp\/v2\/pages\/734\/revisions"}],"predecessor-version":[{"id":735,"href":"https:\/\/politecnicoestella.educacion.navarra.es\/web1\/en\/wp-json\/wp\/v2\/pages\/734\/revisions\/735"}],"wp:featuredmedia":[{"embeddable":true,"href":"https:\/\/politecnicoestella.educacion.navarra.es\/web1\/en\/wp-json\/wp\/v2\/media\/3573"}],"wp:attachment":[{"href":"https:\/\/politecnicoestella.educacion.navarra.es\/web1\/en\/wp-json\/wp\/v2\/media?parent=734"}],"curies":[{"name":"wp","href":"https:\/\/api.w.org\/{rel}","templated":true}]}}