{"id":732,"date":"2020-04-27T13:23:09","date_gmt":"2020-04-27T11:23:09","guid":{"rendered":"https:\/\/politecnicoestella.educacion.navarra.es\/web1\/frequently-asked-questions-about-online-cycles\/"},"modified":"2020-04-27T13:23:10","modified_gmt":"2020-04-27T11:23:10","slug":"frequently-asked-questions-about-online-cycles","status":"publish","type":"page","link":"https:\/\/politecnicoestella.educacion.navarra.es\/web1\/en\/frequently-asked-questions-about-online-cycles\/","title":{"rendered":"Frequently asked questions about online cycles"},"content":{"rendered":"<p style=\"text-align: justify\"><strong>\u00bfQu\u00e9 es la FP a distancia Online?<\/strong><\/p>\n<p style=\"text-align: justify\">Es una modalidad educativa no presencial que permite a los alumnos que no puedan asistir regularmente a clase realizar un Ciclo Formativo de Grado Medio o de Grado Superior.<\/p>\n<p style=\"text-align: justify\">El curso se desarrolla a trav\u00e9s de una plataforma web, en la que se encuentran las unidades de trabajo de los diferentes m\u00f3dulos, as\u00ed como enlaces a p\u00e1ginas de inter\u00e9s, actividades de autoevaluaci\u00f3n, glosarios con los principales t\u00e9rminos, foros de consulta&#8230; y otros recursos que facilitan el desarrollo del curso.<\/p>\n<p style=\"text-align: justify\">A esta plataforma se accede a trav\u00e9s de un nombre de usuario y una contrase\u00f1a que se facilitar\u00e1 a cada alumno a trav\u00e9s de su correo electr\u00f3nico en el primer trimestre de curso.<\/p>\n<p style=\"text-align: justify\"><strong>\u00bfQu\u00e9 ciclos en modalidad ON LINE se oferta en el C.I. Polit\u00e9cnico Estella?<\/strong><\/p>\n<p style=\"text-align: justify\">Se ofertan dos ciclos de Grado Superior: Desarrollo de Aplicaciones Web cuya competencia general es Desarrollar, implantar y mantener aplicaciones web; y Desarrollo de Aplicaciones Multiplataforma, cuya competencia general es\u00a0desarrollar, implantar, documentar y mantener aplicaciones inform\u00e1ticas multiplataforma.<\/p>\n<p style=\"text-align: justify\"><strong>\u00bfLos t\u00edtulos conseguidos cursando estas ense\u00f1anzas tienen la misma validez que los de la oferta presencial?<\/strong><\/p>\n<p style=\"text-align: justify\">S\u00ed. El alumnado que cursa formaci\u00f3n profesional a distancia online tiene los mismos derechos que el alumnado que cursa ense\u00f1anzas presenciales en el centro. El t\u00edtulo que se obtiene es exactamente el mismo y tiene la misma oficialidad.<\/p>\n<p style=\"text-align: justify\"><strong>\u00bfEn cu\u00e1ntos a\u00f1os se puede finalizar el ciclo?<\/strong><\/p>\n<p style=\"text-align: justify\">En las condiciones \u00f3ptimas, 6 m\u00f3dulos por a\u00f1o cursado y aprobado, se puede realizar en tres a\u00f1os incluidas las pr\u00e1cticas FCT en empresas.<\/p>\n<p style=\"text-align: justify\"><strong>\u00bfHay ex\u00e1menes presenciales? \u00bfD\u00f3nde se realizan?<\/strong><\/p>\n<p style=\"text-align: justify\">Se realizar\u00e1n dos convocatorias presenciales en primera y segunda convocatoria en Junio y los ex\u00e1menes se realizan en nuestra propia escuela C.I. Polit\u00e9cnico Estella.<\/p>\n<p style=\"text-align: justify\"><strong>\u00bfHay m\u00f3dulos en que se tienen que hacer PR\u00c1CTICAS presenciales?<\/strong><\/p>\n<p style=\"text-align: justify\">Dependiendo del m\u00f3dulo, si que algunos requieren pr\u00e1cticas presenciales obligatorias en el centro. Tendr\u00e1n que informarte al principio del curso en la presentaci\u00f3n qu\u00e9 m\u00f3dulos y cuantas pr\u00e1cticas son requeridas como presenciales.<\/p>\n<p style=\"text-align: justify\"><strong>\u00bfCu\u00e1ndo empiezan y terminan las clases?<\/strong><\/p>\n<p style=\"text-align: justify\">El comienzo del curso ser\u00e1 a principios del mes de octubre y finalizar\u00e1 a \u00faltimos del mayo.<\/p>\n<p style=\"text-align: justify\"><strong>\u00bfD\u00f3nde realizaremos la Formaci\u00f3n en centros de trabajo (FCT) \u2013 Pr\u00e1cticas?<\/strong><\/p>\n<p style=\"text-align: justify\">El tutor\/a de pr\u00e1cticas se pondr\u00e1 en contacto contigo una vez inicies el ciclo y est\u00e9s pr\u00f3ximo a cursar el per\u00edodo de pr\u00e1cticas. El centro dispone de centros\/entidades colaboradoras de pr\u00e1cticas, aunque que tambi\u00e9n puedes realizar la consulta a vuestro tutor\/a de pr\u00e1cticas si dispones de alg\u00fan centro pr\u00f3ximo o inter\u00e9s personal.<\/p>\n<p style=\"text-align: justify\"><strong>\u00bfCu\u00e1ntas convocatorias de examen hay en FP a Distancia?<\/strong><\/p>\n<p style=\"text-align: justify\">El alumnado dispone para la superaci\u00f3n de cada m\u00f3dulo profesional de un m\u00e1ximo de dos convocatorias ordinarias por curso acad\u00e9mico y un total de cuatro convocatorias, excepto el m\u00f3dulo de Formaci\u00f3n en Centros de Trabajo, que tiene dos. No obstante si se da el caso, tras agotarlas, puede solicitarse a la Direcci\u00f3n del Centro Educativo una convocatoria de gracia.<\/p>\n<p style=\"text-align: justify\"><strong>\u00bfPuedo renunciar a una convocatoria en FP a Distancia?<\/strong><\/p>\n<p style=\"text-align: justify\">S\u00ed, realizando la petici\u00f3n de la renuncia del m\u00f3dulo dentro del primer mes del curso.<\/p>\n<p style=\"text-align: justify\"><strong>\u00bfDe cu\u00e1ntos m\u00f3dulos me puedo matricular durante un curso?<\/strong><\/p>\n<p style=\"text-align: justify\">El n\u00famero de m\u00f3dulos en los que te puedes matricular no pueden sobrepasar de 6.<\/p>\n<p style=\"text-align: justify\"><strong>\u00bfQu\u00e9 requisitos tengo que cumplir para poder cursar m\u00f3dulos de formaci\u00f3n profesional a distancia?<\/strong><\/p>\n<p style=\"text-align: justify\">Si desea acceder a cursar ciclos de formaci\u00f3n profesional en r\u00e9gimen de educaci\u00f3n a distancia, tendr\u00e1 que acreditar que cumple los requisitos acad\u00e9micos de acceso a la formaci\u00f3n profesional de grado medio o de grado superior, seg\u00fan el caso, de acuerdo con lo dispuesto en el Real Decreto 1538\/2006, de 15 de diciembre, por el que se establece la ordenaci\u00f3n general de la formaci\u00f3n profesional del sistema educativo.<\/p>\n<p style=\"text-align: justify\"><strong>\u00bfEs necesaria la asistencia a clase?<\/strong><\/p>\n<p style=\"text-align: justify\">No, cada uno de los m\u00f3dulos cuenta con el apoyo de un profesor-tutor que se encarga de dinamizar el proceso de ense\u00f1anza-aprendizaje, aclarar dudas y atender los problemas que puedan surgir. El sistema de tutorizaci\u00f3n es totalmente online, a trav\u00e9s del correo electr\u00f3nico y de los foros de la plataforma. \u00danicamente es necesario acudir al centro educativo para la asistencia a tutor\u00edas colectivas y para la realizaci\u00f3n de las pruebas o PRACTICAS presenciales programadas en cada m\u00f3dulo.<\/p>\n<p style=\"text-align: justify\"><strong>\u00bfC\u00f3mo comunicarse con el tutor y profesores?<\/strong><\/p>\n<p style=\"text-align: justify\">Toda la comunicaci\u00f3n entre el alumnado y los tutores\/profesores, se deber\u00e1 realizar exclusivamente a trav\u00e9s de la plataforma, no se contestar\u00e1n dudas telef\u00f3nicas ni tampoco existen las tutor\u00edas presenciales individuales.<\/p>\n<p style=\"text-align: justify\">A pesar de que la plataforma permite al alumno enviar sus consultas o actividades cuando lo considere oportuno, \u00e9ste debe tener en cuenta que la\u00a0asignaci\u00f3n horaria de los tutores se limita al periodo considerado lectivo. (No se contestar\u00e1n dudas en fines de semana o periodos vacacionales)<\/p>\n","protected":false},"excerpt":{"rendered":"<p>\u00bfQu\u00e9 es la FP a distancia Online? Es una modalidad educativa no presencial que permite a los alumnos que no puedan asistir regularmente a clase realizar un Ciclo Formativo de Grado Medio o de Grado Superior. El curso se desarrolla a trav\u00e9s de una plataforma web, en la que se encuentran las unidades de trabajo [&hellip;]<\/p>\n","protected":false},"author":3,"featured_media":0,"parent":0,"menu_order":0,"comment_status":"closed","ping_status":"closed","template":"","meta":{"_genesis_hide_title":false,"_genesis_hide_breadcrumbs":false,"_genesis_hide_singular_image":false,"_genesis_hide_footer_widgets":false,"_genesis_custom_body_class":"","_genesis_custom_post_class":"","_genesis_layout":""},"_links":{"self":[{"href":"https:\/\/politecnicoestella.educacion.navarra.es\/web1\/en\/wp-json\/wp\/v2\/pages\/732"}],"collection":[{"href":"https:\/\/politecnicoestella.educacion.navarra.es\/web1\/en\/wp-json\/wp\/v2\/pages"}],"about":[{"href":"https:\/\/politecnicoestella.educacion.navarra.es\/web1\/en\/wp-json\/wp\/v2\/types\/page"}],"author":[{"embeddable":true,"href":"https:\/\/politecnicoestella.educacion.navarra.es\/web1\/en\/wp-json\/wp\/v2\/users\/3"}],"replies":[{"embeddable":true,"href":"https:\/\/politecnicoestella.educacion.navarra.es\/web1\/en\/wp-json\/wp\/v2\/comments?post=732"}],"version-history":[{"count":1,"href":"https:\/\/politecnicoestella.educacion.navarra.es\/web1\/en\/wp-json\/wp\/v2\/pages\/732\/revisions"}],"predecessor-version":[{"id":733,"href":"https:\/\/politecnicoestella.educacion.navarra.es\/web1\/en\/wp-json\/wp\/v2\/pages\/732\/revisions\/733"}],"wp:attachment":[{"href":"https:\/\/politecnicoestella.educacion.navarra.es\/web1\/en\/wp-json\/wp\/v2\/media?parent=732"}],"curies":[{"name":"wp","href":"https:\/\/api.w.org\/{rel}","templated":true}]}}