{"id":719,"date":"2020-04-27T12:57:02","date_gmt":"2020-04-27T10:57:02","guid":{"rendered":"https:\/\/politecnicoestella.educacion.navarra.es\/web1\/accommodation\/"},"modified":"2021-11-26T12:40:33","modified_gmt":"2021-11-26T11:40:33","slug":"accommodation","status":"publish","type":"page","link":"https:\/\/politecnicoestella.educacion.navarra.es\/web1\/en\/accommodation\/","title":{"rendered":"Accommodation"},"content":{"rendered":"<h2>Alojamientos<\/h2>\n<p style=\"text-align: justify;\">Estella se encuentra en el Camino de Santiago, lo que dota a la ciudad con una amplia oferta de alojamientos.<\/p>\n<p style=\"text-align: justify;\">La oferta completa puede consultarse en: <a href=\"http:\/\/www.turismo.navarra.es\/eng\/organice-viaje\/\">http:\/\/www.turismo.navarra.es\/eng\/organice-viaje\/<\/a><\/p>\n<p style=\"text-align: justify;\">Adem\u00e1s tenemos un acuerdo con una residencia de estudiantes situada junto al Polit\u00e9cnico, que ofrece la posibilidad de alojamiento y pensi\u00f3n completa a precios reducidos.<\/p>\n<p>\u00a0<\/p>\n<h2>Descripci\u00f3n de la zona<\/h2>\n<p style=\"text-align: justify;\">Estella es una ciudad de aproximadamente 14.000 habitantes situada en Navarra. En el norte de Espa\u00f1a. Es uno de los puntos del Camino de Santiago y est\u00e1 muy bien comunicada con Pamplona (44 km.) y Logro\u00f1o, las dos ciudades m\u00e1s cercanas.<\/p>\n<p style=\"text-align: justify;\">Posee un importante patrimonio cultural, con excelentes ejemplos de arte tanto sacro como civil.<\/p>\n<p style=\"text-align: justify;\">Est\u00e1 ubicado en la cercan\u00eda del <a title=\"Parque Natural Urbasa-And\u00eda\" href=\"http:\/\/es.wikipedia.org\/wiki\/Parque_Natural_Urbasa-And%C3%ADa\">Parque Natural Urbasa-And\u00eda<\/a>, por lo que es un punto de partida id\u00f3neo para realizar numerosas excursiones por la naturaleza.<\/p>\n<p style=\"text-align: justify;\">La econom\u00eda est\u00e1 predominantemente basada en el sector servicios y tambi\u00e9n posee una importante estructura industrial.<\/p>\n<ul>\n<li><a href=\"http:\/\/www.estellaturismo.com\/\">http:\/\/www.estellaturismo.com\/<\/a><\/li>\n<li><a href=\"http:\/\/www.minube.com\/que_ver\/espana\/navarra\/estella\">http:\/\/www.minube.com\/que_ver\/espana\/navarra\/estella<\/a><\/li>\n<li><a href=\"http:\/\/www.turismo.navarra.es\/esp\/propuestas\/ecoturismo\/recurso.aspx?o=3168\">http:\/\/www.turismo.navarra.es\/esp\/propuestas\/ecoturismo\/recurso.aspx?o=3168<\/a><\/li>\n<\/ul>\n\n\n<p><\/p>\n\n\n\n<p><\/p>\n\n\n\n<p><strong>ESTELLA <\/strong>(more info about this place in\u00a0<a rel=\"noreferrer noopener\" href=\"https:\/\/northernspaintravel.com\/personnel\/estella-2\/\" target=\"_blank\">https:\/\/northernspaintravel.com\/personnel\/estella-2\/<\/a>)<\/p>\n","protected":false},"excerpt":{"rendered":"<p>Alojamientos Estella se encuentra en el Camino de Santiago, lo que dota a la ciudad con una amplia oferta de alojamientos. La oferta completa puede consultarse en: http:\/\/www.turismo.navarra.es\/eng\/organice-viaje\/ Adem\u00e1s tenemos un acuerdo con una residencia de estudiantes situada junto al Polit\u00e9cnico, que ofrece la posibilidad de alojamiento y pensi\u00f3n completa a precios reducidos. \u00a0 Descripci\u00f3n [&hellip;]<\/p>\n","protected":false},"author":3,"featured_media":0,"parent":0,"menu_order":0,"comment_status":"closed","ping_status":"closed","template":"","meta":{"_genesis_hide_title":false,"_genesis_hide_breadcrumbs":false,"_genesis_hide_singular_image":false,"_genesis_hide_footer_widgets":false,"_genesis_custom_body_class":"","_genesis_custom_post_class":"","_genesis_layout":""},"_links":{"self":[{"href":"https:\/\/politecnicoestella.educacion.navarra.es\/web1\/en\/wp-json\/wp\/v2\/pages\/719"}],"collection":[{"href":"https:\/\/politecnicoestella.educacion.navarra.es\/web1\/en\/wp-json\/wp\/v2\/pages"}],"about":[{"href":"https:\/\/politecnicoestella.educacion.navarra.es\/web1\/en\/wp-json\/wp\/v2\/types\/page"}],"author":[{"embeddable":true,"href":"https:\/\/politecnicoestella.educacion.navarra.es\/web1\/en\/wp-json\/wp\/v2\/users\/3"}],"replies":[{"embeddable":true,"href":"https:\/\/politecnicoestella.educacion.navarra.es\/web1\/en\/wp-json\/wp\/v2\/comments?post=719"}],"version-history":[{"count":2,"href":"https:\/\/politecnicoestella.educacion.navarra.es\/web1\/en\/wp-json\/wp\/v2\/pages\/719\/revisions"}],"predecessor-version":[{"id":2915,"href":"https:\/\/politecnicoestella.educacion.navarra.es\/web1\/en\/wp-json\/wp\/v2\/pages\/719\/revisions\/2915"}],"wp:attachment":[{"href":"https:\/\/politecnicoestella.educacion.navarra.es\/web1\/en\/wp-json\/wp\/v2\/media?parent=719"}],"curies":[{"name":"wp","href":"https:\/\/api.w.org\/{rel}","templated":true}]}}