{"id":524,"date":"2020-01-24T12:02:25","date_gmt":"2020-01-24T11:02:25","guid":{"rendered":"https:\/\/politecnicoestella.educacion.navarra.es\/web1\/?page_id=524"},"modified":"2020-04-30T10:40:06","modified_gmt":"2020-04-30T08:40:06","slug":"plan-de-internacionalizacion-del-centro-y-su-seguimiento","status":"publish","type":"page","link":"https:\/\/politecnicoestella.educacion.navarra.es\/web1\/en\/plan-de-internacionalizacion-del-centro-y-su-seguimiento\/","title":{"rendered":"Internationalization plan of the center and its follow-up"},"content":{"rendered":"<p style=\"text-align: justify\"><a href=\"https:\/\/politecnicoestella.educacion.navarra.es\/web\/images\/direccion\/Plan_Internacionalizacion_2015_20_CIPolitecnicoEstella.pdf\" target=\"_blank\" rel=\"noreferrer noopener\">Plan de Internacionalizaci\u00f3n 2015-20 del CI Polit\u00e9cnico de Estella.<\/a><\/p>\n<p style=\"text-align: justify\"><a href=\"https:\/\/docs.google.com\/document\/d\/1rrkOtU-xQFjMfPO3Ku89yiYuv1ZAG_px9ST5rCJWq1s\/edit\" target=\"_blank\" rel=\"noreferrer noopener\">Seguimiento Plan de internacionalizaci\u00f3n a fecha 16\/07\/19<\/a><\/p>\n\n\n<p><\/p>\n","protected":false},"excerpt":{"rendered":"<p>Plan de Internacionalizaci\u00f3n 2015-20 del CI Polit\u00e9cnico de Estella. Seguimiento Plan de internacionalizaci\u00f3n a fecha 16\/07\/19<\/p>\n","protected":false},"author":3,"featured_media":0,"parent":0,"menu_order":0,"comment_status":"closed","ping_status":"closed","template":"","meta":{"_genesis_hide_title":false,"_genesis_hide_breadcrumbs":false,"_genesis_hide_singular_image":false,"_genesis_hide_footer_widgets":false,"_genesis_custom_body_class":"","_genesis_custom_post_class":"","_genesis_layout":""},"_links":{"self":[{"href":"https:\/\/politecnicoestella.educacion.navarra.es\/web1\/en\/wp-json\/wp\/v2\/pages\/524"}],"collection":[{"href":"https:\/\/politecnicoestella.educacion.navarra.es\/web1\/en\/wp-json\/wp\/v2\/pages"}],"about":[{"href":"https:\/\/politecnicoestella.educacion.navarra.es\/web1\/en\/wp-json\/wp\/v2\/types\/page"}],"author":[{"embeddable":true,"href":"https:\/\/politecnicoestella.educacion.navarra.es\/web1\/en\/wp-json\/wp\/v2\/users\/3"}],"replies":[{"embeddable":true,"href":"https:\/\/politecnicoestella.educacion.navarra.es\/web1\/en\/wp-json\/wp\/v2\/comments?post=524"}],"version-history":[{"count":2,"href":"https:\/\/politecnicoestella.educacion.navarra.es\/web1\/en\/wp-json\/wp\/v2\/pages\/524\/revisions"}],"predecessor-version":[{"id":799,"href":"https:\/\/politecnicoestella.educacion.navarra.es\/web1\/en\/wp-json\/wp\/v2\/pages\/524\/revisions\/799"}],"wp:attachment":[{"href":"https:\/\/politecnicoestella.educacion.navarra.es\/web1\/en\/wp-json\/wp\/v2\/media?parent=524"}],"curies":[{"name":"wp","href":"https:\/\/api.w.org\/{rel}","templated":true}]}}