{"id":5044,"date":"2023-06-29T11:20:22","date_gmt":"2023-06-29T09:20:22","guid":{"rendered":"https:\/\/politecnicoestella.educacion.navarra.es\/web1\/?page_id=5044"},"modified":"2025-09-10T10:46:26","modified_gmt":"2025-09-10T08:46:26","slug":"compraventa-de-libros-escolares","status":"publish","type":"page","link":"https:\/\/politecnicoestella.educacion.navarra.es\/web1\/en\/compraventa-de-libros-escolares\/","title":{"rendered":"Compraventa de libros escolares"},"content":{"rendered":"\n<div class=\"wp-block-columns\">\n<div class=\"wp-block-column\">\n<div class=\"wp-block-columns\">\n<div class=\"wp-block-column\" style=\"flex-basis:33.33%\">\n<figure class=\"wp-block-image size-large\"><img loading=\"lazy\" width=\"562\" height=\"1024\" src=\"https:\/\/politecnicoestella.educacion.navarra.es\/web1\/wp-content\/uploads\/2025\/06\/APPVentaLibros-562x1024.png\" alt=\"\" class=\"wp-image-8259\" srcset=\"https:\/\/politecnicoestella.educacion.navarra.es\/web1\/wp-content\/uploads\/2025\/06\/APPVentaLibros-562x1024.png 562w, https:\/\/politecnicoestella.educacion.navarra.es\/web1\/wp-content\/uploads\/2025\/06\/APPVentaLibros-165x300.png 165w, https:\/\/politecnicoestella.educacion.navarra.es\/web1\/wp-content\/uploads\/2025\/06\/APPVentaLibros-768x1400.png 768w, https:\/\/politecnicoestella.educacion.navarra.es\/web1\/wp-content\/uploads\/2025\/06\/APPVentaLibros-843x1536.png 843w, https:\/\/politecnicoestella.educacion.navarra.es\/web1\/wp-content\/uploads\/2025\/06\/APPVentaLibros.png 862w\" sizes=\"(max-width: 562px) 100vw, 562px\" \/><\/figure>\n<\/div>\n\n\n\n<div class=\"wp-block-column\" style=\"flex-basis:66.66%\">\n<h2 class=\"has-text-align-center\">\u00a1Nueva aplicaci\u00f3n m\u00f3vil para la compraventa de libros escolares!<\/h2>\n\n\n\n<p class=\"has-text-align-center has-vivid-cyan-blue-color has-text-color\"><strong>NOTA: <\/strong><\/p>\n\n\n\n<p class=\"has-text-align-center has-vivid-cyan-blue-color has-text-color\"><strong>Solo disponible para sistemas ANDROID<\/strong><\/p>\n\n\n\n<p class=\"has-text-align-center has-vivid-cyan-blue-color has-text-color\"><strong>Utilizar la cuenta de educaci\u00f3n para descargar la aplicaci\u00f3n y acceder al manual<\/strong><\/p>\n\n\n\n<p><span style=\"color: #ff0000;\"><strong data-rich-text-format-boundary=\"true\"><img loading=\"lazy\" class=\"wp-image-8256 aligncenter\" src=\"https:\/\/politecnicoestella.educacion.navarra.es\/web1\/wp-content\/uploads\/2025\/06\/alert_15532903-300x300.png\" alt=\"\" width=\"73\" height=\"73\" srcset=\"https:\/\/politecnicoestella.educacion.navarra.es\/web1\/wp-content\/uploads\/2025\/06\/alert_15532903-300x300.png 300w, https:\/\/politecnicoestella.educacion.navarra.es\/web1\/wp-content\/uploads\/2025\/06\/alert_15532903-150x150.png 150w, https:\/\/politecnicoestella.educacion.navarra.es\/web1\/wp-content\/uploads\/2025\/06\/alert_15532903.png 512w\" sizes=\"(max-width: 73px) 100vw, 73px\" \/><\/strong><\/span><\/p>\n<p style=\"text-align: center;\"><span style=\"color: #ff0000;\"><strong>ATENCI\u00d3N: Antes de comprar un libro a trav\u00e9s de la aplicaci\u00f3n, revisa bien que libros de texto est\u00e1n realmente en uso este curso, ya que puede que algunos que se utilizaban anteriormente ya no se utilicen ahora.<\/strong><\/span><\/p>\n\n\n\n<p class=\"has-text-align-center\">Descarga la aplicaci\u00f3n <a href=\"https:\/\/drive.google.com\/file\/d\/1kY2e0vdrToZMxgJwiNbWpG91ftvKPfa-\/view?usp=drive_link\">AQU\u00cd<\/a><\/p>\n\n\n\n<p class=\"has-text-align-center\">\u00c9chale un vistazo al tutorial <a href=\"https:\/\/drive.google.com\/file\/d\/154RRx0vnVP-YoDVr67Xnrw3oI-Q1R1bp\/view\" target=\"_blank\" rel=\"noreferrer noopener\">AQU\u00cd<\/a><\/p>\n<\/div>\n<\/div>\n<\/div>\n<\/div>\n\n\n\n<h2 class=\"has-medium-font-size\">Si ya no necesitas tus libros escolares y quieres venderlos a nuevos\/as compa\u00f1eros\/as, \u00a1ponemos a tu disposici\u00f3n la aplicaci\u00f3n que os pondr\u00e1 en contacto a vendedores y compradores!<\/h2>\n\n\n\n<p><img loading=\"lazy\" width=\"1600\" height=\"1600\" class=\"wp-image-5093\" style=\"width: 40px;\" src=\"https:\/\/politecnicoestella.educacion.navarra.es\/web1\/wp-content\/uploads\/2023\/06\/Android-Logo-Transparent-PNG.png\" alt=\"\" srcset=\"https:\/\/politecnicoestella.educacion.navarra.es\/web1\/wp-content\/uploads\/2023\/06\/Android-Logo-Transparent-PNG.png 1600w, https:\/\/politecnicoestella.educacion.navarra.es\/web1\/wp-content\/uploads\/2023\/06\/Android-Logo-Transparent-PNG-300x300.png 300w, https:\/\/politecnicoestella.educacion.navarra.es\/web1\/wp-content\/uploads\/2023\/06\/Android-Logo-Transparent-PNG-1024x1024.png 1024w, https:\/\/politecnicoestella.educacion.navarra.es\/web1\/wp-content\/uploads\/2023\/06\/Android-Logo-Transparent-PNG-150x150.png 150w, https:\/\/politecnicoestella.educacion.navarra.es\/web1\/wp-content\/uploads\/2023\/06\/Android-Logo-Transparent-PNG-768x768.png 768w, https:\/\/politecnicoestella.educacion.navarra.es\/web1\/wp-content\/uploads\/2023\/06\/Android-Logo-Transparent-PNG-1536x1536.png 1536w\" sizes=\"(max-width: 1600px) 100vw, 1600px\" \/> Sigue los siguientes pasos para instalar la aplicaci\u00f3n en tu tel\u00e9fono Android (los pasos pueden variar seg\u00fan el modelo y versi\u00f3n Android de tu tel\u00e9fono):<\/p>\n\n\n\n<ol><li>Descarga la aplicaci\u00f3n para la compraventa de libros.<\/li><li>Selecciona el archivo descargado para instalarlo.<\/li><li>Entra en <strong>Ajustes<\/strong> para permitir la instalaci\u00f3n de la aplicaci\u00f3n.<\/li><li><strong>Habilita la instalaci\u00f3n de aplicaciones desconocidas<\/strong> desde el navegador.<\/li><li>Selecciona <em>M\u00e1s detalles<\/em>.<\/li><li>Pincha sobre <em>Instalar de todas formas<\/em>.<\/li><\/ol>\n\n\n\n<figure class=\"wp-block-image size-full\"><img loading=\"lazy\" width=\"656\" height=\"927\" src=\"https:\/\/politecnicoestella.educacion.navarra.es\/web1\/wp-content\/uploads\/2023\/06\/Dibujo-sin-titulo1.png\" alt=\"\" class=\"wp-image-5070\" srcset=\"https:\/\/politecnicoestella.educacion.navarra.es\/web1\/wp-content\/uploads\/2023\/06\/Dibujo-sin-titulo1.png 656w, https:\/\/politecnicoestella.educacion.navarra.es\/web1\/wp-content\/uploads\/2023\/06\/Dibujo-sin-titulo1-212x300.png 212w\" sizes=\"(max-width: 656px) 100vw, 656px\" \/><\/figure>\n\n\n\n<p>\u00a1La aplicaci\u00f3n est\u00e1 lista! Reg\u00edstrate y ponte en contacto con vendedores y\/o compradores.<\/p>\n\n\n\n<p>Para cualquier problema, duda o consulta, escr\u00edbenos a <a href=\"mailto:ofieste-inf@educacion.navarra.es\">ofiestel-inf@educacion.navarra.es<\/a><\/p>\n","protected":false},"excerpt":{"rendered":"<p>\u00a1Nueva aplicaci\u00f3n m\u00f3vil para la compraventa de libros escolares! NOTA: Solo disponible para sistemas ANDROID Utilizar la cuenta de educaci\u00f3n para descargar la aplicaci\u00f3n y acceder al manual ATENCI\u00d3N: Antes de comprar un libro a trav\u00e9s de la aplicaci\u00f3n, revisa bien que libros de texto est\u00e1n realmente en uso este curso, ya que puede que [&hellip;]<\/p>\n","protected":false},"author":77,"featured_media":0,"parent":0,"menu_order":0,"comment_status":"closed","ping_status":"closed","template":"","meta":{"_genesis_hide_title":false,"_genesis_hide_breadcrumbs":false,"_genesis_hide_singular_image":false,"_genesis_hide_footer_widgets":false,"_genesis_custom_body_class":"","_genesis_custom_post_class":"","_genesis_layout":""},"_links":{"self":[{"href":"https:\/\/politecnicoestella.educacion.navarra.es\/web1\/en\/wp-json\/wp\/v2\/pages\/5044"}],"collection":[{"href":"https:\/\/politecnicoestella.educacion.navarra.es\/web1\/en\/wp-json\/wp\/v2\/pages"}],"about":[{"href":"https:\/\/politecnicoestella.educacion.navarra.es\/web1\/en\/wp-json\/wp\/v2\/types\/page"}],"author":[{"embeddable":true,"href":"https:\/\/politecnicoestella.educacion.navarra.es\/web1\/en\/wp-json\/wp\/v2\/users\/77"}],"replies":[{"embeddable":true,"href":"https:\/\/politecnicoestella.educacion.navarra.es\/web1\/en\/wp-json\/wp\/v2\/comments?post=5044"}],"version-history":[{"count":16,"href":"https:\/\/politecnicoestella.educacion.navarra.es\/web1\/en\/wp-json\/wp\/v2\/pages\/5044\/revisions"}],"predecessor-version":[{"id":8621,"href":"https:\/\/politecnicoestella.educacion.navarra.es\/web1\/en\/wp-json\/wp\/v2\/pages\/5044\/revisions\/8621"}],"wp:attachment":[{"href":"https:\/\/politecnicoestella.educacion.navarra.es\/web1\/en\/wp-json\/wp\/v2\/media?parent=5044"}],"curies":[{"name":"wp","href":"https:\/\/api.w.org\/{rel}","templated":true}]}}