{"id":405,"date":"2019-12-19T13:30:39","date_gmt":"2019-12-19T12:30:39","guid":{"rendered":"https:\/\/politecnicoestella.educacion.navarra.es\/web1\/formacion-profesional-especial\/"},"modified":"2020-11-23T17:47:35","modified_gmt":"2020-11-23T16:47:35","slug":"formacion-profesional-especial","status":"publish","type":"page","link":"https:\/\/politecnicoestella.educacion.navarra.es\/web1\/en\/formacion-profesional-especial\/","title":{"rendered":"Formaci\u00f3n Profesional Especial"},"content":{"rendered":"<h4>Administraci\u00f3n y Gesti\u00f3n<\/h4>\n<ul>\n<li>Auxiliar en Servicios Administrativos Generales (en Navarra)\n<ul>\n<li><a href=\"http:\/\/politecnicoestella.educacion.navarra.es\/web\/index.php\/es\/pcpi\/curriculo\">Curr\u00edculo<\/a><\/li>\n<li><a href=\"https:\/\/docs.google.com\/document\/d\/1OI5JwH1joEcXMms-ELPeNaQEnQ-jx8s1rumiNtPNZa4\/edit\" target=\"_blank\" rel=\"noreferrer noopener\">Especificaciones<\/a><\/li>\n<li><a href=\".\/programaciones-del-ciclo-de-formacion-profesional-especial\/\">Programaci\u00f3n<\/a><\/li>\n<\/ul>\n<\/li>\n<\/ul>\n","protected":false},"excerpt":{"rendered":"<p>Administraci\u00f3n y Gesti\u00f3n Auxiliar en Servicios Administrativos Generales (en Navarra) Curr\u00edculo Especificaciones Programaci\u00f3n<\/p>\n","protected":false},"author":3,"featured_media":0,"parent":0,"menu_order":0,"comment_status":"closed","ping_status":"closed","template":"","meta":{"_genesis_hide_title":false,"_genesis_hide_breadcrumbs":false,"_genesis_hide_singular_image":false,"_genesis_hide_footer_widgets":false,"_genesis_custom_body_class":"","_genesis_custom_post_class":"","_genesis_layout":""},"_links":{"self":[{"href":"https:\/\/politecnicoestella.educacion.navarra.es\/web1\/en\/wp-json\/wp\/v2\/pages\/405"}],"collection":[{"href":"https:\/\/politecnicoestella.educacion.navarra.es\/web1\/en\/wp-json\/wp\/v2\/pages"}],"about":[{"href":"https:\/\/politecnicoestella.educacion.navarra.es\/web1\/en\/wp-json\/wp\/v2\/types\/page"}],"author":[{"embeddable":true,"href":"https:\/\/politecnicoestella.educacion.navarra.es\/web1\/en\/wp-json\/wp\/v2\/users\/3"}],"replies":[{"embeddable":true,"href":"https:\/\/politecnicoestella.educacion.navarra.es\/web1\/en\/wp-json\/wp\/v2\/comments?post=405"}],"version-history":[{"count":3,"href":"https:\/\/politecnicoestella.educacion.navarra.es\/web1\/en\/wp-json\/wp\/v2\/pages\/405\/revisions"}],"predecessor-version":[{"id":1692,"href":"https:\/\/politecnicoestella.educacion.navarra.es\/web1\/en\/wp-json\/wp\/v2\/pages\/405\/revisions\/1692"}],"wp:attachment":[{"href":"https:\/\/politecnicoestella.educacion.navarra.es\/web1\/en\/wp-json\/wp\/v2\/media?parent=405"}],"curies":[{"name":"wp","href":"https:\/\/api.w.org\/{rel}","templated":true}]}}