{"id":403,"date":"2019-12-19T13:29:56","date_gmt":"2019-12-19T12:29:56","guid":{"rendered":"https:\/\/politecnicoestella.educacion.navarra.es\/web1\/formacion-profesional-basica-fpb\/"},"modified":"2020-11-23T17:45:10","modified_gmt":"2020-11-23T16:45:10","slug":"formacion-profesional-basica-fpb","status":"publish","type":"page","link":"https:\/\/politecnicoestella.educacion.navarra.es\/web1\/en\/formacion-profesional-basica-fpb\/","title":{"rendered":"Formaci\u00f3n Profesional B\u00e1sica (FPB)"},"content":{"rendered":"<h4>Electricidad y Electr\u00f3nica<\/h4>\n<ul>\n<li><a href=\"\/web\/index.php\/es\/fp-basica\/grado-superior-informa\">FPB de Electricidad y Electr\u00f3nica (PT)<\/a>\n<ul>\n<li><a href=\"http:\/\/www.educacion.navarra.es\/documents\/27590\/705354\/DF_72_2014_FPB_Electricidad+y+Elect\u00f3nica.pdf\/82a89d8b-1a7c-410d-8922-237c2a92b959\" target=\"_blank\" rel=\"noopener noreferrer\">Curr\u00edculo<\/a><\/li>\n<li><a href=\"https:\/\/docs.google.com\/document\/d\/1GuJUJQIE5GZH6UjSdRjTjVaC2UWpYXSpfaLTNkNysyY\/edit\" target=\"_blank\" rel=\"noopener noreferrer\">Especificaciones<\/a><\/li>\n<li><a href=\".\/programaciones-del-ciclo-de-electricidad-electronica-pt\/\">Programaci\u00f3n<\/a><\/li>\n<\/ul>\n<\/li>\n<\/ul>\n<h4>Hosteler\u00eda y Turismo<\/h4>\n<ul>\n<li><a href=\"\/web\/index.php\/es\/fp-basica\/fp-basica-adaptada-de-cocina-y-restauracion-pb-oferta-2015-16\">FPB de Cocina y restauraci\u00f3n (PC)<\/a>\n<ul>\n<li><a href=\"http:\/\/www.educacion.navarra.es\/documents\/27590\/705354\/DF_71_2014_FPB_Cocina+y+Restauraci\u00f3n.pdf\/f9b9ba42-6fd7-499f-b202-c2c8f591c906\" target=\"_blank\" rel=\"noopener noreferrer\">Curr\u00edculo<\/a><\/li>\n<li><a href=\"https:\/\/docs.google.com\/document\/d\/1noY2wr8fY5OJTwKLVSJFfXbjDwEHo5fVZ8FX6zgn6O0\/edit\" target=\"_blank\" rel=\"noopener noreferrer\">Especificaciones<\/a><\/li>\n<li><a href=\".\/programaciones-del-ciclo-de-cocina-y-restauracion-pc\/\">Programaci\u00f3n<\/a><\/li>\n<\/ul>\n<\/li>\n<\/ul>\n","protected":false},"excerpt":{"rendered":"<p>Electricidad y Electr\u00f3nica FPB de Electricidad y Electr\u00f3nica (PT) Curr\u00edculo Especificaciones Programaci\u00f3n Hosteler\u00eda y Turismo FPB de Cocina y restauraci\u00f3n (PC) Curr\u00edculo Especificaciones Programaci\u00f3n<\/p>\n","protected":false},"author":3,"featured_media":0,"parent":0,"menu_order":0,"comment_status":"closed","ping_status":"closed","template":"","meta":{"_genesis_hide_title":false,"_genesis_hide_breadcrumbs":false,"_genesis_hide_singular_image":false,"_genesis_hide_footer_widgets":false,"_genesis_custom_body_class":"","_genesis_custom_post_class":"","_genesis_layout":""},"_links":{"self":[{"href":"https:\/\/politecnicoestella.educacion.navarra.es\/web1\/en\/wp-json\/wp\/v2\/pages\/403"}],"collection":[{"href":"https:\/\/politecnicoestella.educacion.navarra.es\/web1\/en\/wp-json\/wp\/v2\/pages"}],"about":[{"href":"https:\/\/politecnicoestella.educacion.navarra.es\/web1\/en\/wp-json\/wp\/v2\/types\/page"}],"author":[{"embeddable":true,"href":"https:\/\/politecnicoestella.educacion.navarra.es\/web1\/en\/wp-json\/wp\/v2\/users\/3"}],"replies":[{"embeddable":true,"href":"https:\/\/politecnicoestella.educacion.navarra.es\/web1\/en\/wp-json\/wp\/v2\/comments?post=403"}],"version-history":[{"count":3,"href":"https:\/\/politecnicoestella.educacion.navarra.es\/web1\/en\/wp-json\/wp\/v2\/pages\/403\/revisions"}],"predecessor-version":[{"id":1689,"href":"https:\/\/politecnicoestella.educacion.navarra.es\/web1\/en\/wp-json\/wp\/v2\/pages\/403\/revisions\/1689"}],"wp:attachment":[{"href":"https:\/\/politecnicoestella.educacion.navarra.es\/web1\/en\/wp-json\/wp\/v2\/media?parent=403"}],"curies":[{"name":"wp","href":"https:\/\/api.w.org\/{rel}","templated":true}]}}