{"id":387,"date":"2019-12-19T13:24:28","date_gmt":"2019-12-19T12:24:28","guid":{"rendered":"https:\/\/politecnicoestella.educacion.navarra.es\/web1\/service-letter\/"},"modified":"2020-04-27T13:07:51","modified_gmt":"2020-04-27T11:07:51","slug":"service-letter","status":"publish","type":"page","link":"https:\/\/politecnicoestella.educacion.navarra.es\/web1\/en\/service-letter\/","title":{"rendered":"Service letter"},"content":{"rendered":"<p style=\"text-align: justify\">La Carta de Servicios quiere ser un instrumento para que los ciudadanos y ciudadanas, como usuarios de las prestaciones p\u00fablicas, se encuentren en condiciones de conocer qu\u00e9 puedan demandar y qu\u00e9 compromisos de calidad asume el Departamento de Educaci\u00f3n en relaci\u00f3n con los servicios que presta.<\/p>\n<p style=\"text-align: justify\">Puedes visitar la <a href=\"http:\/\/kadinet.educacion.navarra.es\/carta_servicios\/web\/centro\/86\/show\" target=\"_blank\" rel=\"noreferrer noopener\" aria-label=\"Carta de Servicios del Polit\u00e9cnico de Estella (abre en una nueva pesta\u00f1a)\">Carta de Servicios del Polit\u00e9cnico de Estella<\/a> en la web de Kadinet. Kadinet es una estructura de Redes de Centros de Navarra creada en 1998 como iniciativa de directivos de varios institutos p\u00fablicos de Navarra. Su prop\u00f3sito es mejorar la organizaci\u00f3n y funcionamiento de los centros, a trav\u00e9s del trabajo en redes y el intercambio de buenas pr\u00e1cticas.<\/p>\n","protected":false},"excerpt":{"rendered":"<p>La Carta de Servicios quiere ser un instrumento para que los ciudadanos y ciudadanas, como usuarios de las prestaciones p\u00fablicas, se encuentren en condiciones de conocer qu\u00e9 puedan demandar y qu\u00e9 compromisos de calidad asume el Departamento de Educaci\u00f3n en relaci\u00f3n con los servicios que presta. Puedes visitar la Carta de Servicios del Polit\u00e9cnico de [&hellip;]<\/p>\n","protected":false},"author":3,"featured_media":0,"parent":0,"menu_order":0,"comment_status":"closed","ping_status":"closed","template":"","meta":{"_genesis_hide_title":false,"_genesis_hide_breadcrumbs":false,"_genesis_hide_singular_image":false,"_genesis_hide_footer_widgets":false,"_genesis_custom_body_class":"","_genesis_custom_post_class":"","_genesis_layout":""},"_links":{"self":[{"href":"https:\/\/politecnicoestella.educacion.navarra.es\/web1\/en\/wp-json\/wp\/v2\/pages\/387"}],"collection":[{"href":"https:\/\/politecnicoestella.educacion.navarra.es\/web1\/en\/wp-json\/wp\/v2\/pages"}],"about":[{"href":"https:\/\/politecnicoestella.educacion.navarra.es\/web1\/en\/wp-json\/wp\/v2\/types\/page"}],"author":[{"embeddable":true,"href":"https:\/\/politecnicoestella.educacion.navarra.es\/web1\/en\/wp-json\/wp\/v2\/users\/3"}],"replies":[{"embeddable":true,"href":"https:\/\/politecnicoestella.educacion.navarra.es\/web1\/en\/wp-json\/wp\/v2\/comments?post=387"}],"version-history":[{"count":1,"href":"https:\/\/politecnicoestella.educacion.navarra.es\/web1\/en\/wp-json\/wp\/v2\/pages\/387\/revisions"}],"predecessor-version":[{"id":421,"href":"https:\/\/politecnicoestella.educacion.navarra.es\/web1\/en\/wp-json\/wp\/v2\/pages\/387\/revisions\/421"}],"wp:attachment":[{"href":"https:\/\/politecnicoestella.educacion.navarra.es\/web1\/en\/wp-json\/wp\/v2\/media?parent=387"}],"curies":[{"name":"wp","href":"https:\/\/api.w.org\/{rel}","templated":true}]}}