{"id":1098,"date":"2020-05-04T13:06:17","date_gmt":"2020-05-04T11:06:17","guid":{"rendered":"https:\/\/politecnicoestella.educacion.navarra.es\/web1\/indications-of-the-employment-exchange\/"},"modified":"2020-05-04T13:17:02","modified_gmt":"2020-05-04T11:17:02","slug":"indications-of-the-employment-exchange","status":"publish","type":"page","link":"https:\/\/politecnicoestella.educacion.navarra.es\/web1\/en\/indications-of-the-employment-exchange\/","title":{"rendered":"Indications of the employment exchange"},"content":{"rendered":"\n<h3><strong>Demanda de empleo (Exalumnos del CI Polit\u00e9cnico de Estella)<\/strong><\/h3>\n\n<p><strong>Exclusivo para los exalumnos del CI Polit\u00e9cnico de Estella<\/strong><\/p>\n\n<p>Como darse de alta en la bolsa de empleo:<\/p>\n\n<ul><li>La persona interesada debe cumplimentar el\u00a0<strong>formulario\u00a0<\/strong><a href=\"https:\/\/politecnicoestella.educacion.navarra.es\/web1\/en\/details-of-the-job-seeker\/\">Datos de la persona demandante<\/a>\u00a0adjuntar su\u00a0<strong>C.V.<\/strong><ul><li>C\u00f3mo m\u00ednimo deber\u00e1 actualizar anualmente su C.V. para permanecer de alta.<\/li><\/ul><\/li><li>En caso de ser contratado\/a por una empresa, deber\u00e1 comunic\u00e1rnoslo a efectos de causar baja mediante el\u00a0<strong>formulario<\/strong>\u00a0<a href=\"https:\/\/politecnicoestella.educacion.navarra.es\/web1\/en\/drop-in-employment-exchange\/\">Baja en la bolsa de empleo<\/a>.<\/li><li>En el caso de que un alumno\/a necesite actualizar datos personales cumplimentar\u00e1 de nuevo el\u00a0<strong>formulario<\/strong>\u00a0<a href=\"https:\/\/politecnicoestella.educacion.navarra.es\/web1\/en\/details-of-the-job-seeker\/\">Datos de la persona demandante<\/a>\u00a0, junto con su C.V. actualizado<\/li><\/ul>\n\n<p>TODO ELLO EN EL MARCO DE LA LEY ORG\u00c1NICA 15\/1999, DE PROTECCI\u00d3N DE DATOS PERSONALES<\/p>\n\n<h3><strong>Oferta de empleo (Empresas)<\/strong><\/h3>\n\n<p>En la p\u00e1gina <a href=\"https:\/\/politecnicoestella.educacion.navarra.es\/web1\/en\/job-offer\/\">Oferta de empleo<\/a> se definen todas las instrucciones.<\/p>\n\n<p><\/p>\n","protected":false},"excerpt":{"rendered":"<p>Demanda de empleo (Exalumnos del CI Polit\u00e9cnico de Estella) Exclusivo para los exalumnos del CI Polit\u00e9cnico de Estella Como darse de alta en la bolsa de empleo: La persona interesada debe cumplimentar el\u00a0formulario\u00a0Datos de la persona demandante\u00a0adjuntar su\u00a0C.V. C\u00f3mo m\u00ednimo deber\u00e1 actualizar anualmente su C.V. para permanecer de alta. En caso de ser contratado\/a por [&hellip;]<\/p>\n","protected":false},"author":1,"featured_media":0,"parent":0,"menu_order":0,"comment_status":"closed","ping_status":"closed","template":"","meta":{"_genesis_hide_title":false,"_genesis_hide_breadcrumbs":false,"_genesis_hide_singular_image":false,"_genesis_hide_footer_widgets":false,"_genesis_custom_body_class":"","_genesis_custom_post_class":"","_genesis_layout":""},"_links":{"self":[{"href":"https:\/\/politecnicoestella.educacion.navarra.es\/web1\/en\/wp-json\/wp\/v2\/pages\/1098"}],"collection":[{"href":"https:\/\/politecnicoestella.educacion.navarra.es\/web1\/en\/wp-json\/wp\/v2\/pages"}],"about":[{"href":"https:\/\/politecnicoestella.educacion.navarra.es\/web1\/en\/wp-json\/wp\/v2\/types\/page"}],"author":[{"embeddable":true,"href":"https:\/\/politecnicoestella.educacion.navarra.es\/web1\/en\/wp-json\/wp\/v2\/users\/1"}],"replies":[{"embeddable":true,"href":"https:\/\/politecnicoestella.educacion.navarra.es\/web1\/en\/wp-json\/wp\/v2\/comments?post=1098"}],"version-history":[{"count":4,"href":"https:\/\/politecnicoestella.educacion.navarra.es\/web1\/en\/wp-json\/wp\/v2\/pages\/1098\/revisions"}],"predecessor-version":[{"id":1120,"href":"https:\/\/politecnicoestella.educacion.navarra.es\/web1\/en\/wp-json\/wp\/v2\/pages\/1098\/revisions\/1120"}],"wp:attachment":[{"href":"https:\/\/politecnicoestella.educacion.navarra.es\/web1\/en\/wp-json\/wp\/v2\/media?parent=1098"}],"curies":[{"name":"wp","href":"https:\/\/api.w.org\/{rel}","templated":true}]}}